{"id":1909,"date":"2021-05-11T20:31:04","date_gmt":"2021-05-11T20:31:04","guid":{"rendered":"https:\/\/dev.hotelesms.com\/hotel-hilton-garden-inn\/?page_id=1909"},"modified":"2022-02-14T20:24:10","modified_gmt":"2022-02-14T20:24:10","slug":"plan-pasadia","status":"publish","type":"page","link":"https:\/\/dev.hotelesms.com\/hotel-hilton-garden-inn\/plan-pasadia\/","title":{"rendered":"Plan Pasad\u00eda"},"content":{"rendered":"<section class=\"l-section wpb_row height_auto width_full\"><div class=\"l-section-h i-cf\"><div class=\"g-cols vc_row type_default valign_top\"><div class=\"vc_col-sm-12 wpb_column vc_column_container\"><div class=\"vc_column-inner\"><div class=\"wpb_wrapper\">[rev_slider_vc alias=&#8221;plan-pasadia&#8221;]<\/div><\/div><\/div><\/div><\/div><\/section><section class=\"l-section wpb_row height_small\"><div class=\"l-section-h i-cf\"><div class=\"g-cols vc_row type_default valign_top\"><div class=\"vc_col-sm-8 wpb_column vc_column_container\"><div class=\"vc_column-inner\"><div class=\"wpb_wrapper\">\r\n\t<div class=\"wpb_text_column \">\r\n\t\t<div class=\"wpb_wrapper\">\r\n\t\t\t<h1>Plan Pasad\u00eda<\/h1>\n<p>\u00a1Pasa un momento espectacular en la terraza de nuestro <span style=\"color: #000000;\"><a style=\"color: #000000;\" href=\"https:\/\/dev.hotelesms.com\/hotel-hilton-garden-inn\/\">hotel<\/a><\/span>! Cali es un destino atractivo para aquellos que desean conocer la esencia de la salsa. Al sur de la ciudad nuestras espectacular terraza sol\u00e1rium te espera, ven y disfruta de la brisa cale\u00f1a, el sol de las ma\u00f1anas y el m\u00e1s rom\u00e1ntico atardecer.<\/p>\n\r\n\t\t<\/div>\r\n\t<\/div>\r\n<div class=\"w-socials style_colored hover_fade color_brand shape_rounded align_left vc_custom_1622753335343\"><div class=\"w-socials-list\" style=\"font-size:20px;margin:-3px;\"><div class=\"w-socials-item email\" style=\"padding:3px;\"><a class=\"w-socials-item-link\" rel=\"noopener nofollow\" href=\"mailto:reservas@hiltongardeninncali.com\" title=\"Correo electr\u00f3nico\" aria-label=\"Correo electr\u00f3nico\"><span class=\"w-socials-item-link-hover\"><\/span><\/a><div class=\"w-socials-item-popup\"><span>Correo electr\u00f3nico<\/span><\/div><\/div><div class=\"w-socials-item facebook\" style=\"padding:3px;\"><a class=\"w-socials-item-link\" rel=\"noopener nofollow\" target=\"_blank\" href=\"https:\/\/www.facebook.com\/HotelesMS\/\" title=\"Facebook\" aria-label=\"Facebook\"><span class=\"w-socials-item-link-hover\"><\/span><\/a><div class=\"w-socials-item-popup\"><span>Facebook<\/span><\/div><\/div><div class=\"w-socials-item twitter\" style=\"padding:3px;\"><a class=\"w-socials-item-link\" rel=\"noopener nofollow\" target=\"_blank\" href=\"https:\/\/twitter.com\/hotelesms\" title=\"Twitter\" aria-label=\"Twitter\"><span class=\"w-socials-item-link-hover\"><\/span><\/a><div class=\"w-socials-item-popup\"><span>Twitter<\/span><\/div><\/div><div class=\"w-socials-item instagram\" style=\"padding:3px;\"><a class=\"w-socials-item-link\" rel=\"noopener nofollow\" target=\"_blank\" href=\"https:\/\/www.instagram.com\/hiltongardeninncali\/?hl=es-la\" title=\"Instagram\" aria-label=\"Instagram\"><span class=\"w-socials-item-link-hover\"><\/span><\/a><div class=\"w-socials-item-popup\"><span>Instagram<\/span><\/div><\/div><\/div><\/div><\/div><\/div><\/div><div class=\"vc_col-sm-4 wpb_column vc_column_container\"><div class=\"vc_column-inner\"><div class=\"wpb_wrapper\"><div class=\"w-pricing items_1\"><div class=\"w-pricing-item type_default\"><div class=\"w-pricing-item-h\"><div class=\"w-pricing-item-header\"><div class=\"w-pricing-item-title\">Disfruta<\/div><div class=\"w-pricing-item-price\">Plan Pasad\u00eda $77.700<\/div><\/div><div class=\"w-pricing-item-footer\"><a class=\"w-btn us-btn-style_1\" href=\"\" style=\"font-size:15px;\"><span class=\"w-btn-label\">Sign up<\/span><\/a><\/div><\/div><\/div><\/div><\/div><\/div><\/div><\/div><\/div><\/section><section class=\"l-section wpb_row height_auto width_full\"><div class=\"l-section-h i-cf\"><div class=\"g-cols vc_row type_default valign_top\"><div class=\"vc_col-sm-12 wpb_column vc_column_container\"><div class=\"vc_column-inner\"><div class=\"wpb_wrapper\"><div class=\"w-grid type_masonry layout_gallery_default cols_6 with_isotope\" id=\"us_grid_1\"><style id=\"us_grid_1_css\">#us_grid_1 .w-grid-item{padding:4px}#us_grid_1 .w-grid-list{margin:-4px}.w-grid + #us_grid_1 .w-grid-list{margin-top:4px}.l-section.width_full>div>div>.vc_col-sm-12>div>div>#us_grid_1 .w-grid-list{margin-left:4px;margin-right:4px}.l-section.height_auto>div>div>.vc_col-sm-12>div>div>#us_grid_1:first-child .w-grid-list{margin-top:4px}.l-section.height_auto>div>div>.vc_col-sm-12>div>div>#us_grid_1:last-child .w-grid-list{margin-bottom:4px}@media (max-width:767px){#us_grid_1 .w-grid-item{width:25%}}@media (max-width:479px){#us_grid_1 .w-grid-item{width:50%}}<\/style><style>#us_grid_1 .w-grid-item-h{}#us_grid_1 .usg_post_image_1{}#us_grid_1 .usg_post_image_1{transition-duration:0.3s;transform:scale(1) translate(0,0)}#us_grid_1 .w-grid-item-h:hover .usg_post_image_1{transform:scale(1) translate(0,0);opacity:0.5}<\/style><div class=\"w-grid-list\"><article class=\"w-grid-item ratio_1x1 post-1988 attachment type-attachment status-inherit hentry\" data-id=\"1988\">\r\n\t<div class=\"w-grid-item-h\">\r\n\t\t\t\t\t<a class=\"w-grid-item-anchor\" href=\"https:\/\/dev.hotelesms.com\/hotel-hilton-garden-inn\/wp-content\/uploads\/sites\/12\/2021\/05\/PP1-.jpg\" ref=\"magnificPopupGrid\" title=\"PP1\"><\/a>\r\n\t\t\t\t<div class=\"w-post-elm post_image usg_post_image_1 stretched\"><img width=\"300\" height=\"200\" src=\"https:\/\/dev.hotelesms.com\/hotel-hilton-garden-inn\/wp-content\/uploads\/sites\/12\/2021\/05\/PP1--300x200.jpg\" class=\"attachment-medium size-medium\" alt=\"\" loading=\"lazy\" srcset=\"https:\/\/dev.hotelesms.com\/hotel-hilton-garden-inn\/wp-content\/uploads\/sites\/12\/2021\/05\/PP1--300x200.jpg 300w, https:\/\/dev.hotelesms.com\/hotel-hilton-garden-inn\/wp-content\/uploads\/sites\/12\/2021\/05\/PP1--768x511.jpg 768w, https:\/\/dev.hotelesms.com\/hotel-hilton-garden-inn\/wp-content\/uploads\/sites\/12\/2021\/05\/PP1-.jpg 800w\" sizes=\"(max-width: 300px) 100vw, 300px\" \/><\/div>\t<\/div>\r\n<\/article>\r\n<article class=\"w-grid-item ratio_1x1 post-1989 attachment type-attachment status-inherit hentry\" data-id=\"1989\">\r\n\t<div class=\"w-grid-item-h\">\r\n\t\t\t\t\t<a class=\"w-grid-item-anchor\" href=\"https:\/\/dev.hotelesms.com\/hotel-hilton-garden-inn\/wp-content\/uploads\/sites\/12\/2021\/05\/PP2.jpg\" ref=\"magnificPopupGrid\" title=\"PP2\"><\/a>\r\n\t\t\t\t<div class=\"w-post-elm post_image usg_post_image_1 stretched\"><img width=\"300\" height=\"200\" src=\"https:\/\/dev.hotelesms.com\/hotel-hilton-garden-inn\/wp-content\/uploads\/sites\/12\/2021\/05\/PP2-300x200.jpg\" class=\"attachment-medium size-medium\" alt=\"\" loading=\"lazy\" srcset=\"https:\/\/dev.hotelesms.com\/hotel-hilton-garden-inn\/wp-content\/uploads\/sites\/12\/2021\/05\/PP2-300x200.jpg 300w, https:\/\/dev.hotelesms.com\/hotel-hilton-garden-inn\/wp-content\/uploads\/sites\/12\/2021\/05\/PP2-768x511.jpg 768w, https:\/\/dev.hotelesms.com\/hotel-hilton-garden-inn\/wp-content\/uploads\/sites\/12\/2021\/05\/PP2.jpg 800w\" sizes=\"(max-width: 300px) 100vw, 300px\" \/><\/div>\t<\/div>\r\n<\/article>\r\n<article class=\"w-grid-item ratio_1x1 post-1990 attachment type-attachment status-inherit hentry\" data-id=\"1990\">\r\n\t<div class=\"w-grid-item-h\">\r\n\t\t\t\t\t<a class=\"w-grid-item-anchor\" href=\"https:\/\/dev.hotelesms.com\/hotel-hilton-garden-inn\/wp-content\/uploads\/sites\/12\/2021\/05\/PP3.jpg\" ref=\"magnificPopupGrid\" title=\"PP3\"><\/a>\r\n\t\t\t\t<div class=\"w-post-elm post_image usg_post_image_1 stretched\"><img width=\"300\" height=\"200\" src=\"https:\/\/dev.hotelesms.com\/hotel-hilton-garden-inn\/wp-content\/uploads\/sites\/12\/2021\/05\/PP3-300x200.jpg\" class=\"attachment-medium size-medium\" alt=\"\" loading=\"lazy\" srcset=\"https:\/\/dev.hotelesms.com\/hotel-hilton-garden-inn\/wp-content\/uploads\/sites\/12\/2021\/05\/PP3-300x200.jpg 300w, https:\/\/dev.hotelesms.com\/hotel-hilton-garden-inn\/wp-content\/uploads\/sites\/12\/2021\/05\/PP3-768x511.jpg 768w, https:\/\/dev.hotelesms.com\/hotel-hilton-garden-inn\/wp-content\/uploads\/sites\/12\/2021\/05\/PP3.jpg 800w\" sizes=\"(max-width: 300px) 100vw, 300px\" \/><\/div>\t<\/div>\r\n<\/article>\r\n<article class=\"w-grid-item ratio_1x1 post-1991 attachment type-attachment status-inherit hentry\" data-id=\"1991\">\r\n\t<div class=\"w-grid-item-h\">\r\n\t\t\t\t\t<a class=\"w-grid-item-anchor\" href=\"https:\/\/dev.hotelesms.com\/hotel-hilton-garden-inn\/wp-content\/uploads\/sites\/12\/2021\/05\/PP4.jpg\" ref=\"magnificPopupGrid\" title=\"PP4\"><\/a>\r\n\t\t\t\t<div class=\"w-post-elm post_image usg_post_image_1 stretched\"><img width=\"300\" height=\"200\" src=\"https:\/\/dev.hotelesms.com\/hotel-hilton-garden-inn\/wp-content\/uploads\/sites\/12\/2021\/05\/PP4-300x200.jpg\" class=\"attachment-medium size-medium\" alt=\"\" loading=\"lazy\" srcset=\"https:\/\/dev.hotelesms.com\/hotel-hilton-garden-inn\/wp-content\/uploads\/sites\/12\/2021\/05\/PP4-300x200.jpg 300w, https:\/\/dev.hotelesms.com\/hotel-hilton-garden-inn\/wp-content\/uploads\/sites\/12\/2021\/05\/PP4-768x511.jpg 768w, https:\/\/dev.hotelesms.com\/hotel-hilton-garden-inn\/wp-content\/uploads\/sites\/12\/2021\/05\/PP4.jpg 800w\" sizes=\"(max-width: 300px) 100vw, 300px\" \/><\/div>\t<\/div>\r\n<\/article>\r\n<article class=\"w-grid-item ratio_1x1 post-1992 attachment type-attachment status-inherit hentry\" data-id=\"1992\">\r\n\t<div class=\"w-grid-item-h\">\r\n\t\t\t\t\t<a class=\"w-grid-item-anchor\" href=\"https:\/\/dev.hotelesms.com\/hotel-hilton-garden-inn\/wp-content\/uploads\/sites\/12\/2021\/05\/PP5.jpg\" ref=\"magnificPopupGrid\" title=\"PP5\"><\/a>\r\n\t\t\t\t<div class=\"w-post-elm post_image usg_post_image_1 stretched\"><img width=\"300\" height=\"200\" src=\"https:\/\/dev.hotelesms.com\/hotel-hilton-garden-inn\/wp-content\/uploads\/sites\/12\/2021\/05\/PP5-300x200.jpg\" class=\"attachment-medium size-medium\" alt=\"\" loading=\"lazy\" srcset=\"https:\/\/dev.hotelesms.com\/hotel-hilton-garden-inn\/wp-content\/uploads\/sites\/12\/2021\/05\/PP5-300x200.jpg 300w, https:\/\/dev.hotelesms.com\/hotel-hilton-garden-inn\/wp-content\/uploads\/sites\/12\/2021\/05\/PP5-768x511.jpg 768w, https:\/\/dev.hotelesms.com\/hotel-hilton-garden-inn\/wp-content\/uploads\/sites\/12\/2021\/05\/PP5.jpg 800w\" sizes=\"(max-width: 300px) 100vw, 300px\" \/><\/div>\t<\/div>\r\n<\/article>\r\n<article class=\"w-grid-item ratio_1x1 post-1993 attachment type-attachment status-inherit hentry\" data-id=\"1993\">\r\n\t<div class=\"w-grid-item-h\">\r\n\t\t\t\t\t<a class=\"w-grid-item-anchor\" href=\"https:\/\/dev.hotelesms.com\/hotel-hilton-garden-inn\/wp-content\/uploads\/sites\/12\/2021\/05\/PP6.jpg\" ref=\"magnificPopupGrid\" title=\"PP6\"><\/a>\r\n\t\t\t\t<div class=\"w-post-elm post_image usg_post_image_1 stretched\"><img width=\"300\" height=\"200\" src=\"https:\/\/dev.hotelesms.com\/hotel-hilton-garden-inn\/wp-content\/uploads\/sites\/12\/2021\/05\/PP6-300x200.jpg\" class=\"attachment-medium size-medium\" alt=\"\" loading=\"lazy\" srcset=\"https:\/\/dev.hotelesms.com\/hotel-hilton-garden-inn\/wp-content\/uploads\/sites\/12\/2021\/05\/PP6-300x200.jpg 300w, https:\/\/dev.hotelesms.com\/hotel-hilton-garden-inn\/wp-content\/uploads\/sites\/12\/2021\/05\/PP6-768x511.jpg 768w, https:\/\/dev.hotelesms.com\/hotel-hilton-garden-inn\/wp-content\/uploads\/sites\/12\/2021\/05\/PP6.jpg 800w\" sizes=\"(max-width: 300px) 100vw, 300px\" \/><\/div>\t<\/div>\r\n<\/article>\r\n<\/div>\t<div class=\"w-grid-json hidden\" onclick='return {&quot;ajax_url&quot;:&quot;https:\\\/\\\/dev.hotelesms.com\\\/hotel-hilton-garden-inn\\\/wp-admin\\\/admin-ajax.php&quot;,&quot;permalink_url&quot;:&quot;https:\\\/\\\/dev.hotelesms.com\\\/hotel-hilton-garden-inn\\\/plan-pasadia\\\/pp6\\\/&quot;,&quot;action&quot;:&quot;us_ajax_grid&quot;,&quot;max_num_pages&quot;:1,&quot;infinite_scroll&quot;:0,&quot;template_vars&quot;:{&quot;query_args&quot;:{&quot;post_type&quot;:[&quot;attachment&quot;],&quot;post__in&quot;:[&quot;1988&quot;,&quot;1989&quot;,&quot;1990&quot;,&quot;1991&quot;,&quot;1992&quot;,&quot;1993&quot;],&quot;post_status&quot;:&quot;inherit&quot;,&quot;post_mime_type&quot;:&quot;image&quot;,&quot;orderby&quot;:{&quot;post__in&quot;:&quot;ASC&quot;},&quot;posts_per_page&quot;:999},&quot;post_id&quot;:1909,&quot;us_grid_index&quot;:1,&quot;us_grid_ajax_index&quot;:1,&quot;exclude_items&quot;:&quot;none&quot;,&quot;items_offset&quot;:&quot;1&quot;,&quot;items_layout&quot;:&quot;gallery_default&quot;,&quot;type&quot;:&quot;masonry&quot;,&quot;columns&quot;:&quot;6&quot;,&quot;img_size&quot;:&quot;medium&quot;,&quot;overriding_link&quot;:&quot;popup_post_image&quot;}}'><\/div>\r\n<\/div><\/div><\/div><\/div><\/div><\/div><\/section><section class=\"l-section wpb_row height_medium with_img with_overlay\"><div class=\"l-section-img\" style=\"background-image: url(https:\/\/dev.hotelesms.com\/hotel-hilton-garden-inn\/wp-content\/uploads\/sites\/12\/2021\/05\/PPasadiaI-1024x.jpg);background-position: top center;\" data-img-width=\"1024\" data-img-height=\"683\"><\/div><div class=\"l-section-overlay\" style=\"background: rgba(0,0,0,0.49)\"><\/div><div class=\"l-section-h i-cf\"><div class=\"g-cols vc_row type_default valign_top\"><div class=\"vc_col-sm-4 wpb_column vc_column_container\"><div class=\"vc_column-inner\"><div class=\"wpb_wrapper\"><div class=\"w-separator size_medium\"><\/div><div class=\"w-pricing items_1\"><div class=\"w-pricing-item type_default\"><div class=\"w-pricing-item-h\"><div class=\"w-pricing-item-header\"><div class=\"w-pricing-item-title\">Disfruta<\/div><div class=\"w-pricing-item-price\">Plan Pasad\u00eda $77.700<\/div><\/div><div class=\"w-pricing-item-footer\"><a class=\"w-btn us-btn-style_1\" href=\"\" style=\"font-size:15px;\"><span class=\"w-btn-label\">Sign up<\/span><\/a><\/div><\/div><\/div><\/div><div class=\"w-separator size_medium\"><\/div><\/div><\/div><\/div><div class=\"vc_col-sm-8 wpb_column vc_column_container\" style=\"color:#ffffff;\"><div class=\"vc_column-inner color_custom\"><div class=\"wpb_wrapper\"><div class=\"w-tabs style_default switch_click accordion title_atleft icon_chevron iconpos_right \"><div class=\"w-tabs-list items_1\"><div class=\"w-tabs-list-h\"><div class=\"w-tabs-item active defined-active with_icon\"><div class=\"w-tabs-item-h\"><i class=\"fas fa-heart\"><\/i><span class=\"w-tabs-item-title\">Incluye<\/span><\/div><\/div><\/div><\/div><div class=\"w-tabs-sections\"><div class=\"w-tabs-sections-h\"><div class=\"w-tabs-section with_icon active\" id=\"1508457467491-05385077-9ed8b83b-f31d\"><a href=\"#1508457467491-05385077-9ed8b83b-f31d\" class=\"w-tabs-section-header\"><div class=\"w-tabs-section-header-h\"><i class=\"fas fa-heart\"><\/i><div class=\"w-tabs-section-title\">Incluye<\/div><div class=\"w-tabs-section-control\"><\/div><\/div><\/a><div class=\"w-tabs-section-content\"><div class=\"w-tabs-section-content-h i-cf\"><div class=\"g-cols wpb_row  type_default valign_top vc_inner \"><div class=\"vc_col-sm-6 wpb_column vc_column_container\"><div class=\"vc_column-inner\"><div class=\"wpb_wrapper\">\r\n\t<div class=\"wpb_text_column \">\r\n\t\t<div class=\"wpb_wrapper\">\r\n\t\t\t<ul>\n<li style=\"list-style-type: none;\">\n<ul>\n<li>1 toalla<\/li>\n<li>1 bebida no alcoh\u00f3lica<\/li>\n<li>Plato de s\u00e1ndwich o hamburguesa<\/li>\n<li>Lunes a domingo 10:00am a 5:00pm<\/li>\n<li>Sol\u00e1rium, Turco y Jacuzzi con capacidad para 12 personas<\/li>\n<\/ul>\n<\/li>\n<\/ul>\n\r\n\t\t<\/div>\r\n\t<\/div>\r\n<\/div><\/div><\/div><div class=\"vc_col-sm-6 wpb_column vc_column_container\"><div class=\"vc_column-inner\"><div class=\"wpb_wrapper\"><\/div><\/div><\/div><\/div><\/div><\/div><\/div><\/div><\/div><\/div><\/div><\/div><\/div><div class=\"vc_col-sm-12 wpb_column vc_column_container\"><div class=\"vc_column-inner\"><div class=\"wpb_wrapper\"><div class=\"w-socials style_colored hover_fade color_brand shape_rounded align_center vc_custom_1622753375393\"><div class=\"w-socials-list\" style=\"font-size:20px;margin:-3px;\"><div class=\"w-socials-item email\" style=\"padding:3px;\"><a class=\"w-socials-item-link\" rel=\"noopener nofollow\" href=\"mailto:reservas@hiltongardeninncali.com\" title=\"Correo electr\u00f3nico\" aria-label=\"Correo electr\u00f3nico\"><span class=\"w-socials-item-link-hover\"><\/span><\/a><div class=\"w-socials-item-popup\"><span>Correo electr\u00f3nico<\/span><\/div><\/div><div class=\"w-socials-item facebook\" style=\"padding:3px;\"><a class=\"w-socials-item-link\" rel=\"noopener nofollow\" target=\"_blank\" href=\"https:\/\/www.facebook.com\/HotelesMS\/\" title=\"Facebook\" aria-label=\"Facebook\"><span class=\"w-socials-item-link-hover\"><\/span><\/a><div class=\"w-socials-item-popup\"><span>Facebook<\/span><\/div><\/div><div class=\"w-socials-item twitter\" style=\"padding:3px;\"><a class=\"w-socials-item-link\" rel=\"noopener nofollow\" target=\"_blank\" href=\"https:\/\/twitter.com\/hotelesms\" title=\"Twitter\" aria-label=\"Twitter\"><span class=\"w-socials-item-link-hover\"><\/span><\/a><div class=\"w-socials-item-popup\"><span>Twitter<\/span><\/div><\/div><div class=\"w-socials-item instagram\" style=\"padding:3px;\"><a class=\"w-socials-item-link\" rel=\"noopener nofollow\" target=\"_blank\" href=\"https:\/\/www.instagram.com\/hiltongardeninncali\/?hl=es-la\" title=\"Instagram\" aria-label=\"Instagram\"><span class=\"w-socials-item-link-hover\"><\/span><\/a><div class=\"w-socials-item-popup\"><span>Instagram<\/span><\/div><\/div><\/div><\/div><\/div><\/div><\/div><\/div><\/div><\/section>\n","protected":false},"excerpt":{"rendered":"","protected":false},"author":5,"featured_media":861,"parent":0,"menu_order":0,"comment_status":"closed","ping_status":"closed","template":"","meta":[],"_links":{"self":[{"href":"https:\/\/dev.hotelesms.com\/hotel-hilton-garden-inn\/wp-json\/wp\/v2\/pages\/1909"}],"collection":[{"href":"https:\/\/dev.hotelesms.com\/hotel-hilton-garden-inn\/wp-json\/wp\/v2\/pages"}],"about":[{"href":"https:\/\/dev.hotelesms.com\/hotel-hilton-garden-inn\/wp-json\/wp\/v2\/types\/page"}],"author":[{"embeddable":true,"href":"https:\/\/dev.hotelesms.com\/hotel-hilton-garden-inn\/wp-json\/wp\/v2\/users\/5"}],"replies":[{"embeddable":true,"href":"https:\/\/dev.hotelesms.com\/hotel-hilton-garden-inn\/wp-json\/wp\/v2\/comments?post=1909"}],"version-history":[{"count":11,"href":"https:\/\/dev.hotelesms.com\/hotel-hilton-garden-inn\/wp-json\/wp\/v2\/pages\/1909\/revisions"}],"predecessor-version":[{"id":2237,"href":"https:\/\/dev.hotelesms.com\/hotel-hilton-garden-inn\/wp-json\/wp\/v2\/pages\/1909\/revisions\/2237"}],"wp:featuredmedia":[{"embeddable":true,"href":"https:\/\/dev.hotelesms.com\/hotel-hilton-garden-inn\/wp-json\/wp\/v2\/media\/861"}],"wp:attachment":[{"href":"https:\/\/dev.hotelesms.com\/hotel-hilton-garden-inn\/wp-json\/wp\/v2\/media?parent=1909"}],"curies":[{"name":"wp","href":"https:\/\/api.w.org\/{rel}","templated":true}]}}