{"id":362,"date":"2017-09-13T19:20:12","date_gmt":"2017-09-13T19:20:12","guid":{"rendered":"https:\/\/dev.hotelesms.com\/ms-2\/?page_id=362"},"modified":"2021-06-03T21:05:23","modified_gmt":"2021-06-03T21:05:23","slug":"servicios","status":"publish","type":"page","link":"https:\/\/dev.hotelesms.com\/hotel-hilton-garden-inn\/servicios\/","title":{"rendered":"Servicios"},"content":{"rendered":"<section class=\"l-section wpb_row height_small color_primary with_img with_overlay\"><div class=\"l-section-img\" style=\"background-image: url(https:\/\/dev.hotelesms.com\/hotel-hilton-garden-inn\/wp-content\/uploads\/sites\/12\/2017\/08\/conozca-el-hotel-3.jpg);background-position: bottom center;\" data-img-width=\"800\" data-img-height=\"800\"><\/div><div class=\"l-section-overlay\" style=\"background: rgba(0,0,0,0.51)\"><\/div><div class=\"l-section-h i-cf\"><div class=\"g-cols vc_row type_default valign_top\"><div class=\"vc_col-sm-12 wpb_column vc_column_container\"><div class=\"vc_column-inner\"><div class=\"wpb_wrapper\"><div class=\"g-cols wpb_row  type_default valign_top vc_inner \"><div class=\"vc_col-sm-2 wpb_column vc_column_container\"><div class=\"vc_column-inner\"><div class=\"wpb_wrapper\"><div class=\"w-separator size_medium\"><\/div><\/div><\/div><\/div><div class=\"vc_col-sm-8 wpb_column vc_column_container\"><div class=\"vc_column-inner\"><div class=\"wpb_wrapper\">\r\n\t<div class=\"wpb_text_column \">\r\n\t\t<div class=\"wpb_wrapper\">\r\n\t\t\t<h1 style=\"text-align: center;\">Servicios<\/h1>\n<p style=\"text-align: center;\"><a href=\"https:\/\/dev.hotelesms.com\/hotel-hilton-garden-inn\/\">Hotel Hilton Garden Inn en Cali<\/a> ofrece a sus hu\u00e9spedes servicios de calidad sustentados por la amabilidad y la vocaci\u00f3n de su personal, siempre atentos a las necesidades de quienes conf\u00edan en nosotros, haciendo mejor y m\u00e1s rica la experiencia de alojamiento.<\/p>\n\r\n\t\t<\/div>\r\n\t<\/div>\r\n<div class=\"w-separator size_medium\"><\/div><div class=\"w-socials style_colored hover_fade color_brand shape_rounded align_center vc_custom_1622754270077\"><div class=\"w-socials-list\" style=\"font-size:20px;margin:-3px;\"><div class=\"w-socials-item email\" style=\"padding:3px;\"><a class=\"w-socials-item-link\" rel=\"noopener nofollow\" href=\"mailto:reservas@hiltongardeninncali.com\" title=\"Correo electr\u00f3nico\" aria-label=\"Correo electr\u00f3nico\"><span class=\"w-socials-item-link-hover\"><\/span><\/a><div class=\"w-socials-item-popup\"><span>Correo electr\u00f3nico<\/span><\/div><\/div><div class=\"w-socials-item facebook\" style=\"padding:3px;\"><a class=\"w-socials-item-link\" rel=\"noopener nofollow\" target=\"_blank\" href=\"https:\/\/www.facebook.com\/HotelesMS\/\" title=\"Facebook\" aria-label=\"Facebook\"><span class=\"w-socials-item-link-hover\"><\/span><\/a><div class=\"w-socials-item-popup\"><span>Facebook<\/span><\/div><\/div><div class=\"w-socials-item twitter\" style=\"padding:3px;\"><a class=\"w-socials-item-link\" rel=\"noopener nofollow\" target=\"_blank\" href=\"https:\/\/twitter.com\/hotelesms\" title=\"Twitter\" aria-label=\"Twitter\"><span class=\"w-socials-item-link-hover\"><\/span><\/a><div class=\"w-socials-item-popup\"><span>Twitter<\/span><\/div><\/div><div class=\"w-socials-item instagram\" style=\"padding:3px;\"><a class=\"w-socials-item-link\" rel=\"noopener nofollow\" target=\"_blank\" href=\"https:\/\/www.instagram.com\/hiltongardeninncali\/?hl=es-la\" title=\"Instagram\" aria-label=\"Instagram\"><span class=\"w-socials-item-link-hover\"><\/span><\/a><div class=\"w-socials-item-popup\"><span>Instagram<\/span><\/div><\/div><\/div><\/div><\/div><\/div><\/div><div class=\"vc_col-sm-2 wpb_column vc_column_container\"><div class=\"vc_column-inner\"><div class=\"wpb_wrapper\"><\/div><\/div><\/div><\/div><div class=\"w-separator size_medium\"><\/div><div class=\"w-separator size_medium\"><\/div><div class=\"g-cols wpb_row  type_default valign_top vc_inner \"><div class=\"vc_col-sm-2 wpb_column vc_column_container\"><div class=\"vc_column-inner\"><div class=\"wpb_wrapper\"><div class=\"w-separator size_medium\"><\/div><\/div><\/div><\/div><div class=\"vc_col-sm-2 wpb_column vc_column_container\"><div class=\"vc_column-inner\"><div class=\"wpb_wrapper\"><div class=\"w-iconbox iconpos_top style_default color_custom align_center no_title\"><div class=\"w-iconbox-icon\" style=\"font-size:70px;color:rgba(255,255,255,0.52);\"><i class=\"fas fa-laptop\"><\/i><\/div><div class=\"w-iconbox-meta\"><div class=\"w-iconbox-text\"><p>Estaci\u00f3n de conexi\u00f3n en el Lobby<\/p>\n<\/div><\/div><\/div><\/div><\/div><\/div><div class=\"vc_col-sm-2 wpb_column vc_column_container\"><div class=\"vc_column-inner\"><div class=\"wpb_wrapper\"><div class=\"w-iconbox iconpos_top style_default color_custom align_center no_title\"><div class=\"w-iconbox-icon\" style=\"font-size:70px;color:rgba(255,255,255,0.52);\"><i class=\"far fa-sun\"><\/i><\/div><div class=\"w-iconbox-meta\"><div class=\"w-iconbox-text\"><p>Sol\u00e1rium<\/p>\n<\/div><\/div><\/div><\/div><\/div><\/div><div class=\"vc_col-sm-2 wpb_column vc_column_container\"><div class=\"vc_column-inner\"><div class=\"wpb_wrapper\"><div class=\"w-iconbox iconpos_top style_default color_custom align_center no_title\"><div class=\"w-iconbox-icon\" style=\"font-size:70px;color:rgba(255,255,255,0.52);\"><i class=\"fas fa-tint\"><\/i><\/div><div class=\"w-iconbox-meta\"><div class=\"w-iconbox-text\"><p>Zona h\u00fameda<\/p>\n<\/div><\/div><\/div><\/div><\/div><\/div><div class=\"vc_col-sm-2 wpb_column vc_column_container\"><div class=\"vc_column-inner\"><div class=\"wpb_wrapper\"><div class=\"w-iconbox iconpos_top style_default color_custom align_center no_title\"><div class=\"w-iconbox-icon\" style=\"font-size:70px;color:rgba(255,255,255,0.52);\"><i class=\"fas fa-heartbeat\"><\/i><\/div><div class=\"w-iconbox-meta\"><div class=\"w-iconbox-text\"><p>Zona de ejercicios<\/p>\n<\/div><\/div><\/div><\/div><\/div><\/div><div class=\"vc_col-sm-2 wpb_column vc_column_container\"><div class=\"vc_column-inner\"><div class=\"wpb_wrapper\"><\/div><\/div><\/div><\/div><div class=\"w-separator size_medium\"><\/div><div class=\"g-cols wpb_row  type_default valign_top vc_inner \"><div class=\"vc_col-sm-2 wpb_column vc_column_container\"><div class=\"vc_column-inner\"><div class=\"wpb_wrapper\"><div class=\"w-separator size_medium\"><\/div><\/div><\/div><\/div><div class=\"vc_col-sm-2 wpb_column vc_column_container\"><div class=\"vc_column-inner\"><div class=\"wpb_wrapper\"><div class=\"w-iconbox iconpos_top style_default color_custom align_center no_title\"><div class=\"w-iconbox-icon\" style=\"font-size:70px;color:rgba(255,255,255,0.52);\"><i class=\"fas fa-wifi\"><\/i><\/div><div class=\"w-iconbox-meta\"><div class=\"w-iconbox-text\"><p>Conectividad<\/p>\n<\/div><\/div><\/div><\/div><\/div><\/div><div class=\"vc_col-sm-2 wpb_column vc_column_container\"><div class=\"vc_column-inner\"><div class=\"wpb_wrapper\"><div class=\"w-iconbox iconpos_top style_default color_custom align_center no_title\"><div class=\"w-iconbox-icon\" style=\"font-size:70px;color:rgba(255,255,255,0.52);\"><i class=\"fas fa-thumbs-up\"><\/i><\/div><div class=\"w-iconbox-meta\"><div class=\"w-iconbox-text\"><p>Lavander\u00eda<\/p>\n<\/div><\/div><\/div><\/div><\/div><\/div><div class=\"vc_col-sm-2 wpb_column vc_column_container\"><div class=\"vc_column-inner\"><div class=\"wpb_wrapper\"><div class=\"w-iconbox iconpos_top style_default color_custom align_center no_title\"><div class=\"w-iconbox-icon\" style=\"font-size:70px;color:rgba(255,255,255,0.52);\"><i class=\"fas fa-car\"><\/i><\/div><div class=\"w-iconbox-meta\"><div class=\"w-iconbox-text\"><p>Parqueadero<\/p>\n<\/div><\/div><\/div><\/div><\/div><\/div><div class=\"vc_col-sm-2 wpb_column vc_column_container\"><div class=\"vc_column-inner\"><div class=\"wpb_wrapper\"><div class=\"w-iconbox iconpos_top style_default color_custom align_center no_title\"><div class=\"w-iconbox-icon\" style=\"font-size:70px;color:rgba(255,255,255,0.52);\"><i class=\"fas fa-phone-volume\"><\/i><\/div><div class=\"w-iconbox-meta\"><div class=\"w-iconbox-text\"><p>Llamadas Locales<\/p>\n<\/div><\/div><\/div><\/div><\/div><\/div><div class=\"vc_col-sm-2 wpb_column vc_column_container\"><div class=\"vc_column-inner\"><div class=\"wpb_wrapper\"><\/div><\/div><\/div><\/div><\/div><\/div><\/div><\/div><\/div><\/section>\n","protected":false},"excerpt":{"rendered":"Servicios Hotel Hilton Garden Inn en Cali ofrece a sus hu\u00e9spedes servicios de calidad sustentados por la amabilidad y la vocaci\u00f3n de su personal, siempre atentos a las necesidades de quienes conf\u00edan en nosotros, haciendo mejor y m\u00e1s rica la experiencia de alojamiento. Correo electr\u00f3nicoFacebookTwitterInstagramEstaci\u00f3n de conexi\u00f3n en el Lobby Sol\u00e1rium Zona h\u00fameda Zona de...","protected":false},"author":1,"featured_media":0,"parent":0,"menu_order":0,"comment_status":"closed","ping_status":"closed","template":"","meta":[],"_links":{"self":[{"href":"https:\/\/dev.hotelesms.com\/hotel-hilton-garden-inn\/wp-json\/wp\/v2\/pages\/362"}],"collection":[{"href":"https:\/\/dev.hotelesms.com\/hotel-hilton-garden-inn\/wp-json\/wp\/v2\/pages"}],"about":[{"href":"https:\/\/dev.hotelesms.com\/hotel-hilton-garden-inn\/wp-json\/wp\/v2\/types\/page"}],"author":[{"embeddable":true,"href":"https:\/\/dev.hotelesms.com\/hotel-hilton-garden-inn\/wp-json\/wp\/v2\/users\/1"}],"replies":[{"embeddable":true,"href":"https:\/\/dev.hotelesms.com\/hotel-hilton-garden-inn\/wp-json\/wp\/v2\/comments?post=362"}],"version-history":[{"count":25,"href":"https:\/\/dev.hotelesms.com\/hotel-hilton-garden-inn\/wp-json\/wp\/v2\/pages\/362\/revisions"}],"predecessor-version":[{"id":2116,"href":"https:\/\/dev.hotelesms.com\/hotel-hilton-garden-inn\/wp-json\/wp\/v2\/pages\/362\/revisions\/2116"}],"wp:attachment":[{"href":"https:\/\/dev.hotelesms.com\/hotel-hilton-garden-inn\/wp-json\/wp\/v2\/media?parent=362"}],"curies":[{"name":"wp","href":"https:\/\/api.w.org\/{rel}","templated":true}]}}