{"id":185,"date":"2017-09-07T23:45:16","date_gmt":"2017-09-07T23:45:16","guid":{"rendered":"https:\/\/dev.hotelesms.com\/ms-2\/?page_id=185"},"modified":"2022-03-14T16:14:11","modified_gmt":"2022-03-14T16:14:11","slug":"ubicacion","status":"publish","type":"page","link":"https:\/\/dev.hotelesms.com\/hotel-ms-centenario-cali\/ubicacion\/","title":{"rendered":"Ubicaci\u00f3n"},"content":{"rendered":"<section class=\"l-section wpb_row height_auto width_full with_overlay\"><div class=\"l-section-overlay\" style=\"background: rgba(0,0,0,0.52)\"><\/div><div class=\"l-section-h i-cf\"><div class=\"g-cols vc_row type_default valign_top\"><div class=\"vc_col-sm-12 wpb_column vc_column_container\"><div class=\"vc_column-inner\"><div class=\"wpb_wrapper\">\r\n\t<div class=\"wpb_text_column \">\r\n\t\t<div class=\"wpb_wrapper\">\r\n\t\t\t<p><iframe loading=\"lazy\" src=\"https:\/\/www.google.com\/maps\/embed?pb=!1m14!1m8!1m3!1d15930.292764753569!2d-76.5371595!3d3.4534238!3m2!1i1024!2i768!4f13.1!3m3!1m2!1s0x0%3A0x703173579b29596!2sHotel+MS+Centenario!5e0!3m2!1sen!2sco!4v1560289503173!5m2!1sen!2sco\" width=\"100%\" height=\"450\" frameborder=\"0\" style=\"border:0\" allowfullscreen><\/iframe><\/p>\n\r\n\t\t<\/div>\r\n\t<\/div>\r\n<\/div><\/div><\/div><\/div><\/div><\/section><section class=\"l-section wpb_row height_small\"><div class=\"l-section-h i-cf\"><div class=\"g-cols vc_row type_default valign_top\"><div class=\"vc_col-sm-6 wpb_column vc_column_container\"><div class=\"vc_column-inner\"><div class=\"wpb_wrapper\"><div class=\"w-image align_center\"><div class=\"w-image-h\"><img width=\"500\" height=\"250\" src=\"https:\/\/dev.hotelesms.com\/hotel-ms-centenario-cali\/wp-content\/uploads\/sites\/6\/2017\/09\/fotolia_136328023.jpg\" class=\"attachment-large size-large\" alt=\"\" loading=\"lazy\" srcset=\"https:\/\/dev.hotelesms.com\/hotel-ms-centenario-cali\/wp-content\/uploads\/sites\/6\/2017\/09\/fotolia_136328023.jpg 500w, https:\/\/dev.hotelesms.com\/hotel-ms-centenario-cali\/wp-content\/uploads\/sites\/6\/2017\/09\/fotolia_136328023-300x150.jpg 300w\" sizes=\"(max-width: 500px) 100vw, 500px\" \/><\/div><\/div><div class=\"w-form for_cform us_form_1\">\r\n\t<form class=\"w-form-h\" autocomplete=\"off\" action=\"https:\/\/dev.hotelesms.com\/hotel-ms-centenario-cali\/hotel-ms-centenario-cali\/wp-json\/wp\/v2\/pages\/185\" method=\"post\">\r\n\t\t\t\t<div class=\"w-form-row for_text required with_icon\">\r\n\t\t<div class=\"w-form-row-field\">\r\n\t\t<i class=\"far fa-user\"><\/i>\t\t<input type=\"text\" name=\"us_form_1_text_1\" aria-label=\"Nombre\" value=\"\" placeholder=\"Nombre *\" data-required=\"true\" aria-required=\"true\"\/>\r\n\t\t<span class=\"w-form-row-field-bar\"><\/span>\r\n\t\t\t<\/div>\r\n\t\t<div class=\"w-form-row-state\">Fill out this field<\/div>\r\n<\/div>\r\n\t\t<div class=\"w-form-row for_text required with_icon\">\r\n\t\t<div class=\"w-form-row-field\">\r\n\t\t<i class=\"far fa-envelope\"><\/i>\t\t<input type=\"text\" name=\"us_form_1_text_2\" aria-label=\"Correo electr\u00f3nico\" value=\"\" placeholder=\"Correo electr\u00f3nico *\" data-required=\"true\" aria-required=\"true\"\/>\r\n\t\t<span class=\"w-form-row-field-bar\"><\/span>\r\n\t\t\t<\/div>\r\n\t\t<div class=\"w-form-row-state\">Fill out this field<\/div>\r\n<\/div>\r\n\t\t<div class=\"w-form-row for_text required with_icon\">\r\n\t\t<div class=\"w-form-row-field\">\r\n\t\t<i class=\"far fa-phone\"><\/i>\t\t<input type=\"text\" name=\"us_form_1_text_3\" aria-label=\"N\u00famero de tel\u00e9fono\" value=\"\" placeholder=\"N\u00famero de tel\u00e9fono *\" data-required=\"true\" aria-required=\"true\"\/>\r\n\t\t<span class=\"w-form-row-field-bar\"><\/span>\r\n\t\t\t<\/div>\r\n\t\t<div class=\"w-form-row-state\">Fill out this field<\/div>\r\n<\/div>\r\n\t\t<div class=\"w-form-row for_textarea required with_icon\">\r\n\t\t<div class=\"w-form-row-field\">\r\n\t\t<i class=\"far fa-pencil\"><\/i>\t\t<textarea  name=\"us_form_1_textarea_1\" aria-label=\"Mensaje\" placeholder=\"Mensaje *\" data-required=\"true\" aria-required=\"true\"><\/textarea>\r\n\t\t<span class=\"w-form-row-field-bar\"><\/span>\r\n\t\t\t<\/div>\r\n\t\t<div class=\"w-form-row-state\">Fill out this field<\/div>\r\n<\/div>\r\n\t\t<div class=\"w-form-row for_agreement required\">\r\n\t\t\t<div class=\"w-form-row-label\">\r\n\t\t\t<span>He le\u00eddo y acepto la <a href=\"https:\/\/hotelesms.com\/aviso-de-privacidad\/\" target=\"_blank\">Autorizaci\u00f3n de Tratamiento de Datos Personales<\/a> <span class=\"required\">*<\/span><\/span>\r\n\t\t<\/div>\r\n\t\t<div class=\"w-form-row-field\">\r\n\t\t\t\t<label>\r\n\t\t\t<input class=\"screen-reader-text\" type=\"checkbox\" name=\"us_form_1_agreement_1\" value=\"Acepto\" data-required=\"true\" aria-required=\"true\"\/>\r\n\t\t\t<span class=\"w-form-checkbox\"><\/span>\r\n\t\t\t<span>Acepto<\/span>\r\n\t\t<\/label>\r\n\t\t\t<\/div>\r\n\t\t<div class=\"w-form-row-state\">Necesita estar de acuerdo con los t\u00e9rminos para continuar<\/div>\r\n<\/div>\r\n\t\t<input type=\"hidden\" name=\"action\" value=\"us_ajax_cform\" \/>\r\n\t\t<input type=\"hidden\" name=\"post_id\" value=\"185\" \/>\r\n\t\t<input type=\"hidden\" name=\"form_index\" value=\"1\" \/>\r\n\t\t<div class=\"w-form-row for_submit align_left\">\r\n\t<div class=\"w-form-row-field\">\r\n\t\t\t\t<button class=\"w-btn  us-btn-style_4\" type=\"submit\" aria-label=\"Enviar mensaje\">\r\n\t\t\t<span class=\"g-preloader type_1\"><\/span>\r\n\t\t\t\t\t\t<span class=\"w-btn-label\">Enviar mensaje<\/span>\r\n\t\t\t\t\t<\/button>\r\n\t<\/div>\r\n<\/div>\r\n\t\t\t\t<div class=\"w-form-message\"><\/div>\r\n\t\t\t<\/form>\r\n\t<div class=\"w-form-json hidden\" onclick='return {&quot;ajaxurl&quot;:&quot;https:\\\/\\\/dev.hotelesms.com\\\/hotel-ms-centenario-cali\\\/wp-admin\\\/admin-ajax.php&quot;}'><\/div>\r\n<\/div><div class=\"w-separator size_medium\"><\/div><div class=\"w-socials style_solid hover_fade color_text shape_rounded align_left\"><div class=\"w-socials-list\" style=\"font-size:20px;margin:-0.1em;\"><div class=\"w-socials-item email\" style=\"padding:0.1em;\"><a class=\"w-socials-item-link\" rel=\"noopener nofollow\" href=\"#\" title=\"Correo electr\u00f3nico\" aria-label=\"Correo electr\u00f3nico\"><span class=\"w-socials-item-link-hover\"><\/span><\/a><div class=\"w-socials-item-popup\"><span>Correo electr\u00f3nico<\/span><\/div><\/div><div class=\"w-socials-item facebook\" style=\"padding:0.1em;\"><a class=\"w-socials-item-link\" rel=\"noopener nofollow\" target=\"_blank\" href=\"#\" title=\"Facebook\" aria-label=\"Facebook\"><span class=\"w-socials-item-link-hover\"><\/span><\/a><div class=\"w-socials-item-popup\"><span>Facebook<\/span><\/div><\/div><div class=\"w-socials-item twitter\" style=\"padding:0.1em;\"><a class=\"w-socials-item-link\" rel=\"noopener nofollow\" target=\"_blank\" href=\"#\" title=\"Twitter\" aria-label=\"Twitter\"><span class=\"w-socials-item-link-hover\"><\/span><\/a><div class=\"w-socials-item-popup\"><span>Twitter<\/span><\/div><\/div><div class=\"w-socials-item google\" style=\"padding:0.1em;\"><a class=\"w-socials-item-link\" rel=\"noopener nofollow\" target=\"_blank\" href=\"#\" title=\"Google\" aria-label=\"Google\"><span class=\"w-socials-item-link-hover\"><\/span><\/a><div class=\"w-socials-item-popup\"><span>Google<\/span><\/div><\/div><div class=\"w-socials-item youtube\" style=\"padding:0.1em;\"><a class=\"w-socials-item-link\" rel=\"noopener nofollow\" target=\"_blank\" href=\"#\" title=\"YouTube\" aria-label=\"YouTube\"><span class=\"w-socials-item-link-hover\"><\/span><\/a><div class=\"w-socials-item-popup\"><span>YouTube<\/span><\/div><\/div><div class=\"w-socials-item instagram\" style=\"padding:0.1em;\"><a class=\"w-socials-item-link\" rel=\"noopener nofollow\" target=\"_blank\" href=\"#\" title=\"Instagram\" aria-label=\"Instagram\"><span class=\"w-socials-item-link-hover\"><\/span><\/a><div class=\"w-socials-item-popup\"><span>Instagram<\/span><\/div><\/div><div class=\"w-socials-item pinterest\" style=\"padding:0.1em;\"><a class=\"w-socials-item-link\" rel=\"noopener nofollow\" target=\"_blank\" href=\"#\" title=\"Pinterest\" aria-label=\"Pinterest\"><span class=\"w-socials-item-link-hover\"><\/span><\/a><div class=\"w-socials-item-popup\"><span>Pinterest<\/span><\/div><\/div><\/div><\/div><\/div><\/div><\/div><div class=\"vc_col-sm-6 wpb_column vc_column_container\"><div class=\"vc_column-inner\"><div class=\"wpb_wrapper\">\r\n\t<div class=\"wpb_text_column \">\r\n\t\t<div class=\"wpb_wrapper\">\r\n\t\t\t<h2>Informaci\u00f3n de Contacto<\/h2>\n\r\n\t\t<\/div>\r\n\t<\/div>\r\n<div class=\"uavc-list-icon uavc-list-icon-wrapper ult-adjust-bottom-margin   \"><ul class=\"uavc-list\"><li><div class=\"uavc-list-content\" id=\"list-icon-wrap-8940\">\n<div class=\"uavc-list-icon  \" data-animation=\"\" data-animation-delay=\"03\" style=\"margin-right:8px;\"><div class=\"ult-just-icon-wrapper  \"><div class=\"align-icon\" style=\"text-align:center;\">\n<div class=\"aio-icon none \"  style=\"color:#a3a3a3;font-size:26px;display:inline-block;\">\n\t<i class=\"Defaults-map-marker\"><\/i>\n<\/div><\/div><\/div>\n<\/div><span  data-ultimate-target='#list-icon-wrap-8940 .uavc-list-desc'  data-responsive-json-new='{\"font-size\":\"\",\"line-height\":\"\"}'  class=\"uavc-list-desc ult-responsive\" style=\"\">\n<h5 class=\"w-iconbox-title\">Avenida 3 Norte # 7N-20 , Cali, Colombia<\/h5>\n<\/span><\/div><\/li><li><div class=\"uavc-list-content\" id=\"list-icon-wrap-1066\">\n<div class=\"uavc-list-icon  \" data-animation=\"\" data-animation-delay=\"03\" style=\"margin-right:8px;\"><div class=\"ult-just-icon-wrapper  \"><div class=\"align-icon\" style=\"text-align:center;\">\n<div class=\"aio-icon none \"  style=\"color:#a3a3a3;font-size:26px;display:inline-block;\">\n\t<i class=\"Defaults-envelope-o\"><\/i>\n<\/div><\/div><\/div>\n<\/div><span  data-ultimate-target='#list-icon-wrap-1066 .uavc-list-desc'  data-responsive-json-new='{\"font-size\":\"\",\"line-height\":\"\"}'  class=\"uavc-list-desc ult-responsive\" style=\"\">\n<h5 class=\"w-iconbox-title\">reservas@hotelesms.com<\/h5>\n<\/span><\/div><\/li><li><div class=\"uavc-list-content\" id=\"list-icon-wrap-5740\">\n<div class=\"uavc-list-icon  \" data-animation=\"\" data-animation-delay=\"03\" style=\"margin-right:8px;\"><div class=\"ult-just-icon-wrapper  \"><div class=\"align-icon\" style=\"text-align:center;\">\n<div class=\"aio-icon none \"  style=\"color:#a3a3a3;font-size:26px;display:inline-block;\">\n\t<i class=\"Defaults-phone-square\"><\/i>\n<\/div><\/div><\/div>\n<\/div><span  data-ultimate-target='#list-icon-wrap-5740 .uavc-list-desc'  data-responsive-json-new='{\"font-size\":\"\",\"line-height\":\"\"}'  class=\"uavc-list-desc ult-responsive\" style=\"\">\n<h5 class=\"w-iconbox-title\">+57 (2) 660 6778<\/h5>\n<\/span><\/div><\/li><li><div class=\"uavc-list-content\" id=\"list-icon-wrap-9417\">\n<div class=\"uavc-list-icon  \" data-animation=\"\" data-animation-delay=\"03\" style=\"margin-right:8px;\"><div class=\"ult-just-icon-wrapper  \"><div class=\"align-icon\" style=\"text-align:center;\">\n<div class=\"aio-icon none \"  style=\"color:#a3a3a3;font-size:26px;display:inline-block;\">\n\t<i class=\"Defaults-print\"><\/i>\n<\/div><\/div><\/div>\n<\/div><span  data-ultimate-target='#list-icon-wrap-9417 .uavc-list-desc'  data-responsive-json-new='{\"font-size\":\"\",\"line-height\":\"\"}'  class=\"uavc-list-desc ult-responsive\" style=\"\">\n<h5 class=\"w-iconbox-title\">+57 (2) 660 6709<\/h5>\n<\/span><\/div><\/li><\/ul><\/div><div class=\"w-separator size_medium\"><\/div>\r\n\t<div class=\"wpb_text_column \">\r\n\t\t<div class=\"wpb_wrapper\">\r\n\t\t\t<h2>Distancia a lugares de inter\u00e9s<\/h2>\n\r\n\t\t<\/div>\r\n\t<\/div>\r\n<div class=\"w-separator size_medium\"><\/div><div class=\"g-cols wpb_row  type_default valign_top vc_inner \"><div class=\"vc_col-sm-4 wpb_column vc_column_container\"><div class=\"vc_column-inner\"><div class=\"wpb_wrapper\"><div class=\"w-iconbox iconpos_top style_default color_primary align_center no_title no_text\"><div class=\"w-iconbox-icon\"><i class=\"fas fa-plane\"><\/i><\/div><div class=\"w-iconbox-meta\"><\/div><\/div><div class=\"w-counter color_heading align_center\" data-duration=\"2000\"><div class=\"w-counter-value\" style=\"font-family:&#039;Roboto&#039;, sans-serif;font-size:4rem;\"><span class=\"w-counter-value-part type_text\" data-final=\"\"><\/span><span class=\"w-counter-value-part type_number\" data-final=\"21\">0<\/span><span class=\"w-counter-value-part type_text\" data-final=\"km\">km<\/span><\/div><h6 class=\"w-counter-title\">Hasta el Aeropuerto<\/h6><\/div><\/div><\/div><\/div><div class=\"vc_col-sm-4 wpb_column vc_column_container\"><div class=\"vc_column-inner\"><div class=\"wpb_wrapper\"><div class=\"w-iconbox iconpos_top style_default color_primary align_center no_title no_text\"><div class=\"w-iconbox-icon\"><i class=\"fas fa-paw\"><\/i><\/div><div class=\"w-iconbox-meta\"><\/div><\/div><div class=\"w-counter color_heading align_center\" data-duration=\"2000\"><div class=\"w-counter-value\" style=\"font-family:&#039;Roboto&#039;, sans-serif;font-size:4rem;\"><span class=\"w-counter-value-part type_text\" data-final=\"\"><\/span><span class=\"w-counter-value-part type_number\" data-final=\"10\">0<\/span><span class=\"w-counter-value-part type_text\" data-final=\"min\">min<\/span><\/div><h6 class=\"w-counter-title\">Caminando hasta el Gato de Tejada<\/h6><\/div><\/div><\/div><\/div><div class=\"vc_col-sm-4 wpb_column vc_column_container\"><div class=\"vc_column-inner\"><div class=\"wpb_wrapper\"><div class=\"w-iconbox iconpos_top style_default color_primary align_center no_title no_text\"><div class=\"w-iconbox-icon\"><i class=\"fas fa-music\"><\/i><\/div><div class=\"w-iconbox-meta\"><\/div><\/div><div class=\"w-counter color_heading align_center\" data-duration=\"2000\"><div class=\"w-counter-value\" style=\"font-family:&#039;Roboto&#039;, sans-serif;font-size:4rem;\"><span class=\"w-counter-value-part type_text\" data-final=\"\"><\/span><span class=\"w-counter-value-part type_number\" data-final=\"5\">0<\/span><span class=\"w-counter-value-part type_text\" data-final=\"min\">min<\/span><\/div><h6 class=\"w-counter-title\">Caminando hasta Plazoleta Jairo Varela<\/h6><\/div><\/div><\/div><\/div><\/div><\/div><\/div><\/div><\/div><\/div><\/section>\n","protected":false},"excerpt":{"rendered":"Fill out this field Fill out this field Fill out this field Fill out this field He le\u00eddo y acepto la Autorizaci\u00f3n de Tratamiento de Datos Personales * Acepto Necesita estar de acuerdo con los t\u00e9rminos para continuar Enviar mensaje Correo electr\u00f3nicoFacebookTwitterGoogleYouTubeInstagramPinterest Informaci\u00f3n de Contacto Avenida 3 Norte # 7N-20 , Cali, Colombia reservas@hotelesms.com +57...","protected":false},"author":4,"featured_media":0,"parent":0,"menu_order":0,"comment_status":"closed","ping_status":"closed","template":"","meta":[],"_links":{"self":[{"href":"https:\/\/dev.hotelesms.com\/hotel-ms-centenario-cali\/wp-json\/wp\/v2\/pages\/185"}],"collection":[{"href":"https:\/\/dev.hotelesms.com\/hotel-ms-centenario-cali\/wp-json\/wp\/v2\/pages"}],"about":[{"href":"https:\/\/dev.hotelesms.com\/hotel-ms-centenario-cali\/wp-json\/wp\/v2\/types\/page"}],"author":[{"embeddable":true,"href":"https:\/\/dev.hotelesms.com\/hotel-ms-centenario-cali\/wp-json\/wp\/v2\/users\/4"}],"replies":[{"embeddable":true,"href":"https:\/\/dev.hotelesms.com\/hotel-ms-centenario-cali\/wp-json\/wp\/v2\/comments?post=185"}],"version-history":[{"count":39,"href":"https:\/\/dev.hotelesms.com\/hotel-ms-centenario-cali\/wp-json\/wp\/v2\/pages\/185\/revisions"}],"predecessor-version":[{"id":1181,"href":"https:\/\/dev.hotelesms.com\/hotel-ms-centenario-cali\/wp-json\/wp\/v2\/pages\/185\/revisions\/1181"}],"wp:attachment":[{"href":"https:\/\/dev.hotelesms.com\/hotel-ms-centenario-cali\/wp-json\/wp\/v2\/media?parent=185"}],"curies":[{"name":"wp","href":"https:\/\/api.w.org\/{rel}","templated":true}]}}