{"id":321,"date":"2017-09-12T22:11:49","date_gmt":"2017-09-12T22:11:49","guid":{"rendered":"https:\/\/dev.hotelesms.com\/ms-2\/?page_id=321"},"modified":"2022-03-30T18:16:17","modified_gmt":"2022-03-30T18:16:17","slug":"inicio","status":"publish","type":"page","link":"https:\/\/dev.hotelesms.com\/hotel-ms-centenario-cali\/","title":{"rendered":"Inicio"},"content":{"rendered":"<section class=\"l-section wpb_row height_auto width_full\"><div class=\"l-section-h i-cf\"><div class=\"g-cols vc_row type_default valign_top\"><div class=\"vc_col-sm-12 wpb_column vc_column_container\"><div class=\"vc_column-inner\"><div class=\"wpb_wrapper\">[rev_slider_vc alias=&#8221;home&#8221;]\r\n\t<div class=\"wpb_text_column \">\r\n\t\t<div class=\"wpb_wrapper\">\r\n\t\t\t\r\n\t\t<\/div>\r\n\t<\/div>\r\n<\/div><\/div><\/div><\/div><\/div><\/section><section class=\"l-section wpb_row height_small\"><div class=\"l-section-h i-cf\"><div class=\"g-cols vc_row type_default valign_top\"><div class=\"vc_col-sm-2 wpb_column vc_column_container\"><div class=\"vc_column-inner\"><div class=\"wpb_wrapper\"><div class=\"w-separator size_medium\"><\/div><\/div><\/div><\/div><div class=\"vc_col-sm-8 wpb_column vc_column_container\"><div class=\"vc_column-inner\"><div class=\"wpb_wrapper\">\r\n\t<div class=\"wpb_text_column \">\r\n\t\t<div class=\"wpb_wrapper\">\r\n\t\t\t<h1 style=\"text-align: center;\">Hotel Basic Centenario<\/h1>\n<p style=\"font-size: 18px; text-align: center;\"><strong>La elecci\u00f3n perfecta<\/strong>\u00a0para quienes en sus viajes a la ciudad de <strong>Cali<\/strong> buscan un alojamiento equidistante entre norte y sur, <strong>cerca del centro<\/strong> pero en una zona segura y tranquila, que permite gran movilidad. Sus Junior Suite est\u00e1n dispuestas para gratas experiencias en el alojamiento gracias a sus espacios amplios, la dotaci\u00f3n y los servicios del hotel.<\/p>\n\r\n\t\t<\/div>\r\n\t<\/div>\r\n<div class=\"w-separator size_small\"><\/div>\r\n\t<div class=\"wpb_text_column \">\r\n\t\t<div class=\"wpb_wrapper\">\r\n\t\t\t<p style=\"text-align: center; font-size: 18px;\">Nuestros clientes son nuestra raz\u00f3n de ser y por eso brindamos el mejor servicio para una experiencia realmente inolvidable. \u00bfC\u00f3mo estuvo tu estad\u00eda en los Hoteles MS? Queremos conocer tu opini\u00f3n.<\/p>\n\r\n\t\t<\/div>\r\n\t<\/div>\r\n<div class=\"w-separator size_small\"><\/div><div class=\"w-btn-wrapper width_auto align_center\"><a class=\"w-btn us-btn-style_1\" href=\"https:\/\/forms.gle\/6ecjarJV9dbwyrMr7\" title=\"Encuesta\" target=\"_blank\" rel=\"noopener\"><span class=\"w-btn-label\">Quiero diligenciar la encuesta de satisfacci\u00f3n<\/span><\/a><\/div><\/div><\/div><\/div><div class=\"vc_col-sm-2 wpb_column vc_column_container\"><div class=\"vc_column-inner\"><div class=\"wpb_wrapper\"><\/div><\/div><\/div><\/div><\/div><\/section><section class=\"l-section wpb_row height_small width_full color_alternate\"><div class=\"l-section-h i-cf\"><div class=\"g-cols vc_row type_default valign_top\"><div class=\"vc_col-sm-3 wpb_column vc_column_container\"><div class=\"vc_column-inner\"><div class=\"wpb_wrapper\"><div class=\"w-image align_center\"><div class=\"w-image-h\"><img width=\"500\" height=\"500\" src=\"https:\/\/dev.hotelesms.com\/hotel-ms-centenario-cali\/wp-content\/uploads\/sites\/6\/2017\/09\/Ofertas-y-planes.png\" class=\"attachment-large size-large\" alt=\"\" loading=\"lazy\" srcset=\"https:\/\/dev.hotelesms.com\/hotel-ms-centenario-cali\/wp-content\/uploads\/sites\/6\/2017\/09\/Ofertas-y-planes.png 500w, https:\/\/dev.hotelesms.com\/hotel-ms-centenario-cali\/wp-content\/uploads\/sites\/6\/2017\/09\/Ofertas-y-planes-150x150.png 150w, https:\/\/dev.hotelesms.com\/hotel-ms-centenario-cali\/wp-content\/uploads\/sites\/6\/2017\/09\/Ofertas-y-planes-300x300.png 300w, https:\/\/dev.hotelesms.com\/hotel-ms-centenario-cali\/wp-content\/uploads\/sites\/6\/2017\/09\/Ofertas-y-planes-350x350.png 350w\" sizes=\"(max-width: 500px) 100vw, 500px\" \/><\/div><\/div><\/div><\/div><\/div><div class=\"vc_col-sm-9 wpb_column vc_column_container\"><div class=\"vc_column-inner\"><div class=\"wpb_wrapper\"><div class=\"w-grid type_carousel layout_1096 valign_center\" id=\"us_grid_1\"><style id=\"us_grid_1_css\">#us_grid_1 .w-grid-item{padding:10px}#us_grid_1 .w-grid-list{margin:-10px}.w-grid + #us_grid_1 .w-grid-list{margin-top:10px}.l-section.width_full>div>div>.vc_col-sm-12>div>div>#us_grid_1 .w-grid-list{margin-left:10px;margin-right:10px}.l-section.height_auto>div>div>.vc_col-sm-12>div>div>#us_grid_1:first-child .w-grid-list{margin-top:10px}.l-section.height_auto>div>div>.vc_col-sm-12>div>div>#us_grid_1:last-child .w-grid-list{margin-bottom:10px}<\/style><style>#us_grid_1 .w-grid-item-h{}#us_grid_1 .usg_post_image_1{border-radius:0.3rem}<\/style><div class=\"w-grid-list owl-carousel navstyle_circle navpos_outside\"><article class=\"w-grid-item post-1166 attachment type-attachment status-inherit hentry\" data-id=\"1166\">\r\n\t<div class=\"w-grid-item-h\">\r\n\t\t\t\t<div class=\"w-post-elm post_image usg_post_image_1\"><a href=\"https:\/\/dev.hotelesms.com\/hotel-ms-centenario-cali\/plan-aniversario-en-cali\/\" target=\"_blank\" rel=\"noopener\" aria-label=\"plan aniversario ms centenario home\"><img width=\"601\" height=\"400\" src=\"https:\/\/dev.hotelesms.com\/hotel-ms-centenario-cali\/wp-content\/uploads\/sites\/6\/2020\/03\/plan-aniversario-ms-centenario-home.png\" class=\"attachment-full size-full\" alt=\"\" loading=\"lazy\" srcset=\"https:\/\/dev.hotelesms.com\/hotel-ms-centenario-cali\/wp-content\/uploads\/sites\/6\/2020\/03\/plan-aniversario-ms-centenario-home.png 601w, https:\/\/dev.hotelesms.com\/hotel-ms-centenario-cali\/wp-content\/uploads\/sites\/6\/2020\/03\/plan-aniversario-ms-centenario-home-300x200.png 300w\" sizes=\"(max-width: 601px) 100vw, 601px\" \/><\/a><\/div>\t<\/div>\r\n<\/article>\r\n<article class=\"w-grid-item post-1165 attachment type-attachment status-inherit hentry\" data-id=\"1165\">\r\n\t<div class=\"w-grid-item-h\">\r\n\t\t\t\t<div class=\"w-post-elm post_image usg_post_image_1\"><a href=\"https:\/\/dev.hotelesms.com\/hotel-ms-centenario-cali\/plan-noche-de-bodas-en-cali\/\" target=\"_blank\" rel=\"noopener\" aria-label=\"plan noche de bodas ms centenario home\"><img width=\"601\" height=\"400\" src=\"https:\/\/dev.hotelesms.com\/hotel-ms-centenario-cali\/wp-content\/uploads\/sites\/6\/2020\/03\/plan-noche-de-bodas-ms-centenario-home.png\" class=\"attachment-full size-full\" alt=\"\" loading=\"lazy\" srcset=\"https:\/\/dev.hotelesms.com\/hotel-ms-centenario-cali\/wp-content\/uploads\/sites\/6\/2020\/03\/plan-noche-de-bodas-ms-centenario-home.png 601w, https:\/\/dev.hotelesms.com\/hotel-ms-centenario-cali\/wp-content\/uploads\/sites\/6\/2020\/03\/plan-noche-de-bodas-ms-centenario-home-300x200.png 300w\" sizes=\"(max-width: 601px) 100vw, 601px\" \/><\/a><\/div>\t<\/div>\r\n<\/article>\r\n<article class=\"w-grid-item post-957 attachment type-attachment status-inherit hentry\" data-id=\"957\">\r\n\t<div class=\"w-grid-item-h\">\r\n\t\t\t\t<div class=\"w-post-elm post_image usg_post_image_1\"><a href=\"https:\/\/dev.hotelesms.com\/hotel-ms-centenario-cali\/plan-fin-de-semana\/\" target=\"_blank\" rel=\"noopener\" aria-label=\"centenario-fds-MS\"><img width=\"608\" height=\"405\" src=\"https:\/\/dev.hotelesms.com\/hotel-ms-centenario-cali\/wp-content\/uploads\/sites\/6\/2018\/05\/centenario-fds-MS.jpg\" class=\"attachment-full size-full\" alt=\"\" loading=\"lazy\" srcset=\"https:\/\/dev.hotelesms.com\/hotel-ms-centenario-cali\/wp-content\/uploads\/sites\/6\/2018\/05\/centenario-fds-MS.jpg 608w, https:\/\/dev.hotelesms.com\/hotel-ms-centenario-cali\/wp-content\/uploads\/sites\/6\/2018\/05\/centenario-fds-MS-300x200.jpg 300w\" sizes=\"(max-width: 608px) 100vw, 608px\" \/><\/a><\/div>\t<\/div>\r\n<\/article>\r\n<article class=\"w-grid-item post-953 attachment type-attachment status-inherit hentry\" data-id=\"953\">\r\n\t<div class=\"w-grid-item-h\">\r\n\t\t\t\t<div class=\"w-post-elm post_image usg_post_image_1\"><a href=\"https:\/\/dev.hotelesms.com\/hotel-ms-centenario-cali\/plan-relax\/\" target=\"_blank\" rel=\"noopener\" aria-label=\"centenario-planRELAX-MS\"><img width=\"608\" height=\"405\" src=\"https:\/\/dev.hotelesms.com\/hotel-ms-centenario-cali\/wp-content\/uploads\/sites\/6\/2018\/05\/centenario-planRELAX-MS.jpg\" class=\"attachment-full size-full\" alt=\"\" loading=\"lazy\" srcset=\"https:\/\/dev.hotelesms.com\/hotel-ms-centenario-cali\/wp-content\/uploads\/sites\/6\/2018\/05\/centenario-planRELAX-MS.jpg 608w, https:\/\/dev.hotelesms.com\/hotel-ms-centenario-cali\/wp-content\/uploads\/sites\/6\/2018\/05\/centenario-planRELAX-MS-300x200.jpg 300w\" sizes=\"(max-width: 608px) 100vw, 608px\" \/><\/a><\/div>\t<\/div>\r\n<\/article>\r\n<article class=\"w-grid-item post-947 attachment type-attachment status-inherit hentry\" data-id=\"947\">\r\n\t<div class=\"w-grid-item-h\">\r\n\t\t\t\t<div class=\"w-post-elm post_image usg_post_image_1\"><a href=\"https:\/\/dev.hotelesms.com\/hotel-ms-centenario-cali\/plan-delirio\/\" target=\"_blank\" rel=\"noopener\" aria-label=\"centenario-Delirio-MS\"><img width=\"608\" height=\"405\" src=\"https:\/\/dev.hotelesms.com\/hotel-ms-centenario-cali\/wp-content\/uploads\/sites\/6\/2017\/07\/chipichape-Delirio-MS.jpg\" class=\"attachment-full size-full\" alt=\"\" loading=\"lazy\" srcset=\"https:\/\/dev.hotelesms.com\/hotel-ms-centenario-cali\/wp-content\/uploads\/sites\/6\/2017\/07\/chipichape-Delirio-MS.jpg 608w, https:\/\/dev.hotelesms.com\/hotel-ms-centenario-cali\/wp-content\/uploads\/sites\/6\/2017\/07\/chipichape-Delirio-MS-300x200.jpg 300w\" sizes=\"(max-width: 608px) 100vw, 608px\" \/><\/a><\/div>\t<\/div>\r\n<\/article>\r\n<\/div>\t<div class=\"g-preloader type_1\">\r\n\t\t<div><\/div>\r\n\t<\/div>\r\n\t\t<div class=\"w-grid-json hidden\" onclick='return {&quot;ajax_url&quot;:&quot;https:\\\/\\\/dev.hotelesms.com\\\/hotel-ms-centenario-cali\\\/wp-admin\\\/admin-ajax.php&quot;,&quot;permalink_url&quot;:&quot;https:\\\/\\\/dev.hotelesms.com\\\/hotel-ms-centenario-cali\\\/chipichape-delirio-ms\\\/&quot;,&quot;action&quot;:&quot;us_ajax_grid&quot;,&quot;max_num_pages&quot;:1,&quot;infinite_scroll&quot;:0,&quot;template_vars&quot;:{&quot;query_args&quot;:{&quot;post_type&quot;:[&quot;attachment&quot;],&quot;post__in&quot;:[&quot;947&quot;,&quot;1166&quot;,&quot;1165&quot;,&quot;953&quot;,&quot;957&quot;],&quot;post_status&quot;:&quot;inherit&quot;,&quot;post_mime_type&quot;:&quot;image&quot;,&quot;orderby&quot;:{&quot;date&quot;:&quot;DESC&quot;},&quot;posts_per_page&quot;:999},&quot;post_id&quot;:321,&quot;us_grid_index&quot;:1,&quot;us_grid_ajax_index&quot;:null,&quot;exclude_items&quot;:&quot;none&quot;,&quot;items_offset&quot;:&quot;1&quot;,&quot;items_layout&quot;:&quot;1096&quot;,&quot;type&quot;:&quot;carousel&quot;,&quot;columns&quot;:&quot;3&quot;,&quot;img_size&quot;:&quot;full&quot;,&quot;overriding_link&quot;:&quot;none&quot;},&quot;carousel_settings&quot;:{&quot;items&quot;:&quot;3&quot;,&quot;nav&quot;:1,&quot;navNext&quot;:&quot;&quot;,&quot;navPrev&quot;:&quot;&quot;,&quot;dots&quot;:0,&quot;center&quot;:0,&quot;autoplay&quot;:1,&quot;smooth_play&quot;:0,&quot;timeout&quot;:3000,&quot;speed&quot;:250,&quot;transition&quot;:&quot;&quot;,&quot;autoHeight&quot;:0,&quot;slideby&quot;:&quot;1&quot;},&quot;carousel_breakpoints&quot;:{&quot;1200&quot;:{&quot;items&quot;:3},&quot;900&quot;:{&quot;items&quot;:3,&quot;autoplay&quot;:1,&quot;autoplayHoverPause&quot;:1},&quot;600&quot;:{&quot;items&quot;:2,&quot;autoplay&quot;:1,&quot;autoplayHoverPause&quot;:1},&quot;0&quot;:{&quot;items&quot;:1,&quot;autoplay&quot;:1,&quot;autoplayHoverPause&quot;:1,&quot;autoHeight&quot;:0}}}'><\/div>\r\n<\/div><\/div><\/div><\/div><\/div><\/div><\/section><section class=\"l-section wpb_row height_auto width_full\"><div class=\"l-section-h i-cf\"><div class=\"g-cols vc_row type_default valign_top\"><div class=\"vc_col-sm-12 wpb_column vc_column_container\"><div class=\"vc_column-inner\"><div class=\"wpb_wrapper\"><div class=\"w-grid type_grid layout_1010 cols_4 height_fixed no_gap\" id=\"us_grid_2\"><style id=\"us_grid_2_css\">@media (max-width:1199px){#us_grid_2 .w-grid-item{width:33.333333333333%}#us_grid_2 .w-grid-item.size_2x1,#us_grid_2 .w-grid-item.size_2x2{width:66.666666666667%}}@media (max-width:899px){#us_grid_2 .w-grid-item{width:50%}#us_grid_2 .w-grid-item.size_2x1,#us_grid_2 .w-grid-item.size_2x2{width:100%}}@media (max-width:599px){#us_grid_2 .w-grid-item{width:100%}}#us_grid_2 .w-post-elm.post_title{font-size:26}<\/style><style>#us_grid_2 .w-grid-item-h:before{padding-bottom:133.3333%}@media (min-width:600px){#us_grid_2 .w-grid-item.size_1x2 .w-grid-item-h:before{padding-bottom:calc(266.66666666667% + 0px + 0px)}#us_grid_2 .w-grid-item.size_2x1 .w-grid-item-h:before{padding-bottom:calc(66.666666666667% - 0px * 1.3333333333333)}#us_grid_2 .w-grid-item.size_2x2 .w-grid-item-h:before{padding-bottom:calc(133.33333333333% - 0px * 0.66666666666667)}}#us_grid_2 .w-grid-item-h{background:#fe4641;color:#ffffff}#us_grid_2 .usg_post_image_1{}#us_grid_2 .usg_post_image_1{transition-duration:0.35s;transform:scale(1) translate(0%,0%)}#us_grid_2 .w-grid-item-h:hover .usg_post_image_1{transform:scale(1.1) translate(0%,0%);opacity:0.1}#us_grid_2 .usg_vwrapper_1{background:linear-gradient( transparent, rgba(30,30,30,0.8))}#us_grid_2 .usg_post_title_1{font-family:'Roboto Condensed', sans-serif;font-size:1.2rem;color:#ffffff}#us_grid_2 .usg_post_image_1{position:absolute;top:0;right:0;bottom:0;left:0}#us_grid_2 .usg_vwrapper_1{position:absolute;right:0;bottom:0;left:0;padding-top:4rem;padding-right:2rem;padding-bottom:1.5rem;padding-left:2rem}<\/style><div class=\"w-grid-list\"><article class=\"w-grid-item ratio_3x4 size_1x1 post-147 us_portfolio type-us_portfolio status-publish has-post-thumbnail hentry\" data-id=\"147\">\r\n\t<div class=\"w-grid-item-h\">\r\n\t\t\t\t\t<a class=\"w-grid-item-anchor\" href=\"https:\/\/dev.hotelesms.com\/hotel-ms-centenario-cali\/portafolio\/conozca-el-hotel\/\" rel=\"bookmark\" aria-label=\"Conozca el Hotel\"><\/a>\r\n\t\t\t\t<div class=\"w-post-elm post_image usg_post_image_1 stretched\"><img width=\"640\" height=\"640\" src=\"https:\/\/dev.hotelesms.com\/hotel-ms-centenario-cali\/wp-content\/uploads\/sites\/6\/2017\/08\/MS-Centenario-sepia.jpg\" class=\"attachment-large size-large wp-post-image\" alt=\"\" loading=\"lazy\" srcset=\"https:\/\/dev.hotelesms.com\/hotel-ms-centenario-cali\/wp-content\/uploads\/sites\/6\/2017\/08\/MS-Centenario-sepia.jpg 800w, https:\/\/dev.hotelesms.com\/hotel-ms-centenario-cali\/wp-content\/uploads\/sites\/6\/2017\/08\/MS-Centenario-sepia-150x150.jpg 150w, https:\/\/dev.hotelesms.com\/hotel-ms-centenario-cali\/wp-content\/uploads\/sites\/6\/2017\/08\/MS-Centenario-sepia-300x300.jpg 300w, https:\/\/dev.hotelesms.com\/hotel-ms-centenario-cali\/wp-content\/uploads\/sites\/6\/2017\/08\/MS-Centenario-sepia-768x768.jpg 768w, https:\/\/dev.hotelesms.com\/hotel-ms-centenario-cali\/wp-content\/uploads\/sites\/6\/2017\/08\/MS-Centenario-sepia-600x600.jpg 600w, https:\/\/dev.hotelesms.com\/hotel-ms-centenario-cali\/wp-content\/uploads\/sites\/6\/2017\/08\/MS-Centenario-sepia-350x350.jpg 350w\" sizes=\"(max-width: 640px) 100vw, 640px\" \/><\/div><div class=\"w-vwrapper usg_vwrapper_1 align_center valign_top bg_gradient \"><h2 class=\"w-post-elm post_title usg_post_title_1 with_text_color entry-title\">Conozca el Hotel<\/h2><\/div>\t<\/div>\r\n<\/article>\r\n<article class=\"w-grid-item ratio_3x4 size_1x1 post-151 us_portfolio type-us_portfolio status-publish has-post-thumbnail hentry\" data-id=\"151\">\r\n\t<div class=\"w-grid-item-h\">\r\n\t\t\t\t\t<a class=\"w-grid-item-anchor\" href=\"https:\/\/dev.hotelesms.com\/hotel-ms-centenario-cali\/portafolio\/descubre-nuestros-espacios\/\" rel=\"bookmark\" aria-label=\"Descubre nuestros espacios\"><\/a>\r\n\t\t\t\t<div class=\"w-post-elm post_image usg_post_image_1 stretched\"><img width=\"640\" height=\"640\" src=\"https:\/\/dev.hotelesms.com\/hotel-ms-centenario-cali\/wp-content\/uploads\/sites\/6\/2017\/08\/MS-fotos-Centenario-sepia.jpg\" class=\"attachment-large size-large wp-post-image\" alt=\"\" loading=\"lazy\" srcset=\"https:\/\/dev.hotelesms.com\/hotel-ms-centenario-cali\/wp-content\/uploads\/sites\/6\/2017\/08\/MS-fotos-Centenario-sepia.jpg 800w, https:\/\/dev.hotelesms.com\/hotel-ms-centenario-cali\/wp-content\/uploads\/sites\/6\/2017\/08\/MS-fotos-Centenario-sepia-150x150.jpg 150w, https:\/\/dev.hotelesms.com\/hotel-ms-centenario-cali\/wp-content\/uploads\/sites\/6\/2017\/08\/MS-fotos-Centenario-sepia-300x300.jpg 300w, https:\/\/dev.hotelesms.com\/hotel-ms-centenario-cali\/wp-content\/uploads\/sites\/6\/2017\/08\/MS-fotos-Centenario-sepia-768x768.jpg 768w, https:\/\/dev.hotelesms.com\/hotel-ms-centenario-cali\/wp-content\/uploads\/sites\/6\/2017\/08\/MS-fotos-Centenario-sepia-600x600.jpg 600w, https:\/\/dev.hotelesms.com\/hotel-ms-centenario-cali\/wp-content\/uploads\/sites\/6\/2017\/08\/MS-fotos-Centenario-sepia-350x350.jpg 350w\" sizes=\"(max-width: 640px) 100vw, 640px\" \/><\/div><div class=\"w-vwrapper usg_vwrapper_1 align_center valign_top bg_gradient \"><h2 class=\"w-post-elm post_title usg_post_title_1 with_text_color entry-title\">Descubre nuestros espacios<\/h2><\/div>\t<\/div>\r\n<\/article>\r\n<article class=\"w-grid-item ratio_3x4 size_1x1 post-149 us_portfolio type-us_portfolio status-publish has-post-thumbnail hentry\" data-id=\"149\">\r\n\t<div class=\"w-grid-item-h\">\r\n\t\t\t\t\t<a class=\"w-grid-item-anchor\" href=\"https:\/\/dev.hotelesms.com\/hotel-ms-centenario-cali\/portafolio\/disfrute-ofertas-y-planes\/\" rel=\"bookmark\" aria-label=\"Disfrute Ofertas y Planes\"><\/a>\r\n\t\t\t\t<div class=\"w-post-elm post_image usg_post_image_1 stretched\"><img width=\"640\" height=\"640\" src=\"https:\/\/dev.hotelesms.com\/hotel-ms-centenario-cali\/wp-content\/uploads\/sites\/6\/2017\/08\/PlanesSepia.jpg\" class=\"attachment-large size-large wp-post-image\" alt=\"\" loading=\"lazy\" srcset=\"https:\/\/dev.hotelesms.com\/hotel-ms-centenario-cali\/wp-content\/uploads\/sites\/6\/2017\/08\/PlanesSepia.jpg 800w, https:\/\/dev.hotelesms.com\/hotel-ms-centenario-cali\/wp-content\/uploads\/sites\/6\/2017\/08\/PlanesSepia-150x150.jpg 150w, https:\/\/dev.hotelesms.com\/hotel-ms-centenario-cali\/wp-content\/uploads\/sites\/6\/2017\/08\/PlanesSepia-300x300.jpg 300w, https:\/\/dev.hotelesms.com\/hotel-ms-centenario-cali\/wp-content\/uploads\/sites\/6\/2017\/08\/PlanesSepia-768x768.jpg 768w, https:\/\/dev.hotelesms.com\/hotel-ms-centenario-cali\/wp-content\/uploads\/sites\/6\/2017\/08\/PlanesSepia-600x600.jpg 600w, https:\/\/dev.hotelesms.com\/hotel-ms-centenario-cali\/wp-content\/uploads\/sites\/6\/2017\/08\/PlanesSepia-350x350.jpg 350w\" sizes=\"(max-width: 640px) 100vw, 640px\" \/><\/div><div class=\"w-vwrapper usg_vwrapper_1 align_center valign_top bg_gradient \"><h2 class=\"w-post-elm post_title usg_post_title_1 with_text_color entry-title\">Disfrute Ofertas y Planes<\/h2><\/div>\t<\/div>\r\n<\/article>\r\n<article class=\"w-grid-item ratio_3x4 size_1x1 post-153 us_portfolio type-us_portfolio status-publish has-post-thumbnail hentry\" data-id=\"153\">\r\n\t<div class=\"w-grid-item-h\">\r\n\t\t\t\t\t<a class=\"w-grid-item-anchor\" href=\"https:\/\/dev.hotelesms.com\/hotel-ms-centenario-cali\/portafolio\/explore-los-alrededores\/\" rel=\"bookmark\" aria-label=\"Explore los alrededores\"><\/a>\r\n\t\t\t\t<div class=\"w-post-elm post_image usg_post_image_1 stretched\"><img width=\"640\" height=\"640\" src=\"https:\/\/dev.hotelesms.com\/hotel-ms-centenario-cali\/wp-content\/uploads\/sites\/6\/2017\/08\/MS-bailes-Centenario-sepia-1.jpg\" class=\"attachment-large size-large wp-post-image\" alt=\"\" loading=\"lazy\" srcset=\"https:\/\/dev.hotelesms.com\/hotel-ms-centenario-cali\/wp-content\/uploads\/sites\/6\/2017\/08\/MS-bailes-Centenario-sepia-1.jpg 800w, https:\/\/dev.hotelesms.com\/hotel-ms-centenario-cali\/wp-content\/uploads\/sites\/6\/2017\/08\/MS-bailes-Centenario-sepia-1-150x150.jpg 150w, https:\/\/dev.hotelesms.com\/hotel-ms-centenario-cali\/wp-content\/uploads\/sites\/6\/2017\/08\/MS-bailes-Centenario-sepia-1-300x300.jpg 300w, https:\/\/dev.hotelesms.com\/hotel-ms-centenario-cali\/wp-content\/uploads\/sites\/6\/2017\/08\/MS-bailes-Centenario-sepia-1-768x768.jpg 768w, https:\/\/dev.hotelesms.com\/hotel-ms-centenario-cali\/wp-content\/uploads\/sites\/6\/2017\/08\/MS-bailes-Centenario-sepia-1-600x600.jpg 600w, https:\/\/dev.hotelesms.com\/hotel-ms-centenario-cali\/wp-content\/uploads\/sites\/6\/2017\/08\/MS-bailes-Centenario-sepia-1-350x350.jpg 350w\" sizes=\"(max-width: 640px) 100vw, 640px\" \/><\/div><div class=\"w-vwrapper usg_vwrapper_1 align_center valign_top bg_gradient \"><h2 class=\"w-post-elm post_title usg_post_title_1 with_text_color entry-title\">Explore los alrededores<\/h2><\/div>\t<\/div>\r\n<\/article>\r\n<\/div>\t<div class=\"w-grid-json hidden\" onclick='return {&quot;ajax_url&quot;:&quot;https:\\\/\\\/dev.hotelesms.com\\\/hotel-ms-centenario-cali\\\/wp-admin\\\/admin-ajax.php&quot;,&quot;permalink_url&quot;:&quot;https:\\\/\\\/dev.hotelesms.com\\\/hotel-ms-centenario-cali\\\/portafolio\\\/explore-los-alrededores\\\/&quot;,&quot;action&quot;:&quot;us_ajax_grid&quot;,&quot;max_num_pages&quot;:1,&quot;infinite_scroll&quot;:0,&quot;template_vars&quot;:{&quot;query_args&quot;:{&quot;post_type&quot;:[&quot;us_portfolio&quot;],&quot;post_status&quot;:[&quot;publish&quot;],&quot;orderby&quot;:{&quot;title&quot;:&quot;ASC&quot;},&quot;posts_per_page&quot;:999},&quot;post_id&quot;:947,&quot;us_grid_index&quot;:2,&quot;us_grid_ajax_index&quot;:1,&quot;exclude_items&quot;:&quot;none&quot;,&quot;items_offset&quot;:&quot;1&quot;,&quot;items_layout&quot;:&quot;1010&quot;,&quot;type&quot;:&quot;grid&quot;,&quot;columns&quot;:&quot;4&quot;,&quot;img_size&quot;:&quot;default&quot;,&quot;overriding_link&quot;:&quot;post&quot;}}'><\/div>\r\n<\/div><\/div><\/div><\/div><\/div><\/div><\/section>\n","protected":false},"excerpt":{"rendered":"[rev_slider_vc alias=\"explore\"] \u00a1Lugares para visitar! Cali tiene un encanto particular, recorrerla deja una fascinante experiencia.\u00a0Nuestro destino te ofrece m\u00faltiples ofertas tur\u00edsticas: museos, monumentos y un entorno natural favorecido por un clima ben\u00e9volo; est\u00e1n a la orden del d\u00eda. Te contamos qu\u00e9 es lo que no puedes perderte. Atractivos tur\u00edsticosMuseosTeatrosEdificios patrimonioAtractivos tur\u00edsticos Gato de Tejada: Orgullo...","protected":false},"author":4,"featured_media":784,"parent":0,"menu_order":0,"comment_status":"closed","ping_status":"closed","template":"","meta":[],"_links":{"self":[{"href":"https:\/\/dev.hotelesms.com\/hotel-ms-centenario-cali\/wp-json\/wp\/v2\/pages\/321"}],"collection":[{"href":"https:\/\/dev.hotelesms.com\/hotel-ms-centenario-cali\/wp-json\/wp\/v2\/pages"}],"about":[{"href":"https:\/\/dev.hotelesms.com\/hotel-ms-centenario-cali\/wp-json\/wp\/v2\/types\/page"}],"author":[{"embeddable":true,"href":"https:\/\/dev.hotelesms.com\/hotel-ms-centenario-cali\/wp-json\/wp\/v2\/users\/4"}],"replies":[{"embeddable":true,"href":"https:\/\/dev.hotelesms.com\/hotel-ms-centenario-cali\/wp-json\/wp\/v2\/comments?post=321"}],"version-history":[{"count":86,"href":"https:\/\/dev.hotelesms.com\/hotel-ms-centenario-cali\/wp-json\/wp\/v2\/pages\/321\/revisions"}],"predecessor-version":[{"id":1184,"href":"https:\/\/dev.hotelesms.com\/hotel-ms-centenario-cali\/wp-json\/wp\/v2\/pages\/321\/revisions\/1184"}],"wp:featuredmedia":[{"embeddable":true,"href":"https:\/\/dev.hotelesms.com\/hotel-ms-centenario-cali\/wp-json\/wp\/v2\/media\/784"}],"wp:attachment":[{"href":"https:\/\/dev.hotelesms.com\/hotel-ms-centenario-cali\/wp-json\/wp\/v2\/media?parent=321"}],"curies":[{"name":"wp","href":"https:\/\/api.w.org\/{rel}","templated":true}]}}