{"id":356,"date":"2017-09-13T19:14:11","date_gmt":"2017-09-13T19:14:11","guid":{"rendered":"https:\/\/dev.hotelesms.com\/ms-2\/?page_id=356"},"modified":"2019-06-11T21:46:58","modified_gmt":"2019-06-11T21:46:58","slug":"habitaciones","status":"publish","type":"page","link":"https:\/\/dev.hotelesms.com\/hotel-ms-centenario-cali\/habitaciones\/","title":{"rendered":"Habitaciones"},"content":{"rendered":"<section class=\"l-section wpb_row height_auto width_full\"><div class=\"l-section-h i-cf\"><div class=\"g-cols vc_row type_default valign_top\"><div class=\"vc_col-sm-12 wpb_column vc_column_container\"><div class=\"vc_column-inner\"><div class=\"wpb_wrapper\">[rev_slider_vc alias=&#8221;habitaciones&#8221;]\r\n\t<div class=\"wpb_text_column \">\r\n\t\t<div class=\"wpb_wrapper\">\r\n\t\t\t    <div class=\"container-fluid timer\">\r\n    <form id=\"hotelesmsform\">\r\n\r\n    <input type=\"hidden\" name=\"LanguageID\" value=\"2\">\r\n    <input type=\"hidden\" name=\"HotelID\" value=\"107469\">\r\n\r\n        <div class=\"container\">\r\n            <div class=\"row\">\r\n                <div class=\"col-xs-12 timer__content-wrapper\">\r\n                    <div class=\"timer__content\">\r\n   \r\n                        <div class=\"timer__numbers\">\r\n                            <h2 class=\"timer__title\">Encuentra la mejor\r\n                            <br>Tarifa Online MS<\/h2>\r\n                            <div class=\"timer__numbers-group\">\r\n                                <div class=\"timer__numbers-item checkin\">\r\n<input type=\"text\" class=\"date-checkin date\" id=\"date-checkin\" name=\"DateIn\">\r\n                                    <h4 class=\"timer__numbers-item__title\">CHECK IN<\/h4>\r\n                                    <div class=\"timer__numbers-item__content\">\r\n                                        <h3 class=\"timer__numbers-item__number\"><\/h3>\r\n                                        <h4 class=\"timer__numbers-item__label\">  <\/h4>\r\n                                    <\/div>\r\n                                <\/div>\r\n                                <div class=\"timer__numbers-item checkout\">\r\n<input type=\"text\" class=\"date-checkout date\" id=\"date-checkout\" name=\"DateOut\">\r\n\r\n                                    <h4 class=\"timer__numbers-item__title\">CHECK OUT<\/h4>\r\n                                    <div class=\"timer__numbers-item__content\">\r\n                                        <h3 class=\"timer__numbers-item__number\"><\/h3>\r\n                                        <h4 class=\"timer__numbers-item__label\">  <\/h4>\r\n                                    <\/div>\r\n                                <\/div>\r\n                            <\/div>\r\n                            <div class=\"timer__numbers-group\">\r\n                                <div class=\"timer__numbers-item adults\">\r\n\r\n <select name=\"Adults\" class=\"adults-input\" id=\"adults\">\r\n                                            <option>1<\/option>\r\n                                            <option selected=\"selected\">2<\/option>\r\n                                            <option>3<\/option>\r\n                                            <option>4<\/option>\r\n                                            <option>5<\/option>\r\n                                            <option>6<\/option>\r\n                                            <option>7<\/option>\r\n                                            <option>8<\/option>\r\n                                            <option>9<\/option>\r\n                                            <option>10<\/option>\r\n   \r\n                                        <\/select>\r\n                                    <h4 class=\"timer__numbers-item__title\">ADULTOS<\/h4>\r\n                                    <div class=\"timer__numbers-item__content\">\r\n                                        <h3 class=\"timer__numbers-item__number\">2<\/h3>\r\n                                       \r\n                                    <\/div>\r\n                                <\/div>\r\n                                <div class=\"timer__numbers-item children\">\r\n\r\n <select  class=\"children-input\" id=\"child\" name=\"Children\">\r\n                                            <option selected=\"selected\">0<\/option>\r\n                                            <option>1<\/option>\r\n                                            <option>2<\/option>\r\n                                            <option>3<\/option>\r\n                                            <option>4<\/option>\r\n                                            <option>5<\/option>\r\n                                            <option>6<\/option>\r\n                                            <option>7<\/option>\r\n                                            <option>8<\/option>\r\n                                            <option>9<\/option>\r\n                                            <option>10<\/option><\/select>\r\n                                    <h4 class=\"timer__numbers-item__title\">NI\u00d1OS<\/h4>\r\n                                    <div class=\"timer__numbers-item__content\">\r\n                                        <h3 class=\"timer__numbers-item__number\">0<\/h3>\r\n            \r\n                                    <\/div>\r\n                                <\/div>\r\n                            <\/div>\r\n       \r\n<input class=\"timer__btn\" type=\"submit\" id=\"\" value=\"\u00a1Reserve ya!\" formtarget=\"_blank\">\r\n                        <\/div>\r\n\r\n                    <\/div>\r\n                <\/div>\r\n            <\/div>\r\n        <\/div>\r\n        <\/form>\r\n    <\/div>\n\r\n\t\t<\/div>\r\n\t<\/div>\r\n<\/div><\/div><\/div><\/div><\/div><\/section><section class=\"l-section wpb_row height_medium\"><div class=\"l-section-h i-cf\"><div class=\"g-cols vc_row type_default valign_top\"><div class=\"vc_col-sm-8 wpb_column vc_column_container\"><div class=\"vc_column-inner\"><div class=\"wpb_wrapper\">\r\n\t<div class=\"wpb_text_column \">\r\n\t\t<div class=\"wpb_wrapper\">\r\n\t\t\t<h1>Habitaciones en Hotel MS Centenario<\/h1>\n\r\n\t\t<\/div>\r\n\t<\/div>\r\n\r\n\t<div class=\"wpb_text_column \">\r\n\t\t<div class=\"wpb_wrapper\">\r\n\t\t\t<p style=\"font-size: 18px; text-align: left;\">El Hotel MS Centenario ofrece 26 bonitas habitaciones junior suite con acomodaciones sencilla, doble y triple, atendidas con los mejores servicios hoteleros. Amplios espacios que van de los 30 mts2 a los 60 mts2. Camas espl\u00e9ndidas, especiales para un sue\u00f1o reparador, mobiliario funcional y fina lencer\u00eda.<\/p>\n\r\n\t\t<\/div>\r\n\t<\/div>\r\n<div class=\"w-sharing type_outlined align_left color_default\" style=\"font-size:1.2rem;\"><div class=\"w-sharing-list\" data-sharing-url=\"https:\/\/dev.hotelesms.com\/hotel-ms-centenario-cali\/hotel-ms-centenario-cali\/wp-json\/wp\/v2\/pages\/356\" data-sharing-image=\"\"><a class=\"w-sharing-item email\" href=\"javascript:void(0)\" title=\"Env\u00edalo por mail\" aria-label=\"Env\u00edalo por mail\"><span class=\"w-sharing-icon\"><\/span><\/a><a class=\"w-sharing-item facebook\" href=\"javascript:void(0)\" title=\"Comparte esto\" aria-label=\"Comparte esto\"><span class=\"w-sharing-icon\"><\/span><\/a><a class=\"w-sharing-item twitter\" href=\"javascript:void(0)\" title=\"Twittear\" aria-label=\"Twittear\"><span class=\"w-sharing-icon\"><\/span><\/a><a class=\"w-sharing-item pinterest\" href=\"javascript:void(0)\" title=\"Pin\u00e9alo\" aria-label=\"Pin\u00e9alo\"><span class=\"w-sharing-icon\"><\/span><\/a><\/div><\/div><\/div><\/div><\/div><div class=\"vc_col-sm-4 wpb_column vc_column_container\"><div class=\"vc_column-inner\"><div class=\"wpb_wrapper\"><div class=\"w-iconbox iconpos_top style_default color_custom align_center no_title no_text\"><div class=\"w-iconbox-icon\" style=\"font-size:60px;color:#e2b434;\"><i class=\"fas fa-certificate\"><\/i><\/div><div class=\"w-iconbox-meta\"><\/div><\/div><div class=\"w-separator size_custom\" style=\"height:5px;\"><\/div><div class=\"w-image align_center\"><div class=\"w-image-h\"><img width=\"468\" height=\"196\" src=\"https:\/\/dev.hotelesms.com\/hotel-ms-centenario-cali\/wp-content\/uploads\/sites\/6\/2017\/08\/mejor-precio-MS-1.png\" class=\"attachment-large size-large\" alt=\"\" loading=\"lazy\" srcset=\"https:\/\/dev.hotelesms.com\/hotel-ms-centenario-cali\/wp-content\/uploads\/sites\/6\/2017\/08\/mejor-precio-MS-1.png 468w, https:\/\/dev.hotelesms.com\/hotel-ms-centenario-cali\/wp-content\/uploads\/sites\/6\/2017\/08\/mejor-precio-MS-1-300x126.png 300w\" sizes=\"(max-width: 468px) 100vw, 468px\" \/><\/div><\/div><\/div><\/div><\/div><\/div><\/div><\/section><section class=\"l-section wpb_row height_auto\"><div class=\"l-section-h i-cf\"><div class=\"g-cols vc_row type_default valign_top\"><div class=\"vc_col-sm-6 wpb_column vc_column_container\"><div class=\"vc_column-inner\"><div class=\"wpb_wrapper\"><div class=\"w-ibanner animation_melete align_left ratio_1x1 easing_ease\" style=\"background:rgba(17,130,38,0.82);color:#ffffff;\"><div class=\"w-ibanner-h\"><div class=\"w-ibanner-image\" style=\"background-image: url(https:\/\/dev.hotelesms.com\/hotel-ms-centenario-cali\/wp-content\/uploads\/sites\/6\/2017\/07\/DSC_6944.jpg)\"><\/div><div class=\"w-ibanner-content\"><div class=\"w-ibanner-content-h\"><h2 class=\"w-ibanner-title\">Junior Suite Superior<\/h2><div class=\"w-ibanner-desc\"><p>VER M\u00c1S<\/p>\n<\/div><\/div><\/div><\/div><a href=\"https:\/\/hotelesms.com\/hotel-ms-centenario-cali\/junior-suite\/\"><\/a><\/div><div class=\"w-pricing items_1\"><div class=\"w-pricing-item type_default\"><div class=\"w-pricing-item-h\"><div class=\"w-pricing-item-header\"><div class=\"w-pricing-item-title\">Junior Suite Superior<\/div><div class=\"w-pricing-item-price\"><\/div><\/div><div class=\"w-pricing-item-footer\"><a class=\"w-btn us-btn-style_4\" href=\"https:\/\/reservations.travelclick.com\/107469?languageid=2\"><span class=\"w-btn-label\">RESERVA YA<\/span><\/a><\/div><\/div><\/div><\/div><\/div><\/div><\/div><div class=\"vc_col-sm-6 wpb_column vc_column_container\"><div class=\"vc_column-inner\"><div class=\"wpb_wrapper\"><div class=\"w-ibanner animation_melete align_left ratio_1x1 easing_ease\" style=\"background:rgba(17,130,38,0.82);color:#ffffff;\"><div class=\"w-ibanner-h\"><div class=\"w-ibanner-image\" style=\"background-image: url(https:\/\/dev.hotelesms.com\/hotel-ms-centenario-cali\/wp-content\/uploads\/sites\/6\/2017\/07\/DSC_6905.jpg)\"><\/div><div class=\"w-ibanner-content\"><div class=\"w-ibanner-content-h\"><h2 class=\"w-ibanner-title\">Junior Suite Doble<\/h2><div class=\"w-ibanner-desc\"><p>VER M\u00c1S<\/p>\n<\/div><\/div><\/div><\/div><a href=\"https:\/\/hotelesms.com\/hotel-ms-centenario-cali\/habitacion-junior-suite-doble\/\"><\/a><\/div><div class=\"w-pricing items_1\"><div class=\"w-pricing-item type_default\"><div class=\"w-pricing-item-h\"><div class=\"w-pricing-item-header\"><div class=\"w-pricing-item-title\">Junior Suite Doble<\/div><div class=\"w-pricing-item-price\"><\/div><\/div><div class=\"w-pricing-item-footer\"><a class=\"w-btn us-btn-style_4\" href=\"https:\/\/reservations.travelclick.com\/107469?languageid=2\"><span class=\"w-btn-label\">RESERVA YA<\/span><\/a><\/div><\/div><\/div><\/div><\/div><\/div><\/div><\/div><\/div><\/section><section class=\"l-section wpb_row height_small width_full\"><div class=\"l-section-h i-cf\"><div class=\"g-cols vc_row type_default valign_top\"><div class=\"vc_col-sm-12 wpb_column vc_column_container\"><div class=\"vc_column-inner\"><div class=\"wpb_wrapper\"><div class=\"w-sharing type_outlined align_center color_default\" style=\"font-size:1.2rem;\"><div class=\"w-sharing-list\" data-sharing-url=\"https:\/\/dev.hotelesms.com\/hotel-ms-centenario-cali\/hotel-ms-centenario-cali\/wp-json\/wp\/v2\/pages\/356\" data-sharing-image=\"\"><a class=\"w-sharing-item email\" href=\"javascript:void(0)\" title=\"Env\u00edalo por mail\" aria-label=\"Env\u00edalo por mail\"><span class=\"w-sharing-icon\"><\/span><\/a><a class=\"w-sharing-item facebook\" href=\"javascript:void(0)\" title=\"Comparte esto\" aria-label=\"Comparte esto\"><span class=\"w-sharing-icon\"><\/span><\/a><a class=\"w-sharing-item twitter\" href=\"javascript:void(0)\" title=\"Twittear\" aria-label=\"Twittear\"><span class=\"w-sharing-icon\"><\/span><\/a><a class=\"w-sharing-item pinterest\" href=\"javascript:void(0)\" title=\"Pin\u00e9alo\" aria-label=\"Pin\u00e9alo\"><span class=\"w-sharing-icon\"><\/span><\/a><\/div><\/div><\/div><\/div><\/div><\/div><\/div><\/section>\n","protected":false},"excerpt":{"rendered":"[rev_slider_vc alias=\"habitaciones\"] Encuentra la mejor Tarifa Online MS CHECK IN CHECK OUT 1 2 3 4 5 6 7 8 9 10 ADULTOS 2 0 1 2 3 4 5 6 7 8 9 10 NI\u00d1OS 0 Habitaciones en Hotel MS Centenario El Hotel MS Centenario ofrece 26 bonitas habitaciones junior suite con acomodaciones sencilla,...","protected":false},"author":1,"featured_media":0,"parent":0,"menu_order":0,"comment_status":"closed","ping_status":"closed","template":"","meta":[],"_links":{"self":[{"href":"https:\/\/dev.hotelesms.com\/hotel-ms-centenario-cali\/wp-json\/wp\/v2\/pages\/356"}],"collection":[{"href":"https:\/\/dev.hotelesms.com\/hotel-ms-centenario-cali\/wp-json\/wp\/v2\/pages"}],"about":[{"href":"https:\/\/dev.hotelesms.com\/hotel-ms-centenario-cali\/wp-json\/wp\/v2\/types\/page"}],"author":[{"embeddable":true,"href":"https:\/\/dev.hotelesms.com\/hotel-ms-centenario-cali\/wp-json\/wp\/v2\/users\/1"}],"replies":[{"embeddable":true,"href":"https:\/\/dev.hotelesms.com\/hotel-ms-centenario-cali\/wp-json\/wp\/v2\/comments?post=356"}],"version-history":[{"count":45,"href":"https:\/\/dev.hotelesms.com\/hotel-ms-centenario-cali\/wp-json\/wp\/v2\/pages\/356\/revisions"}],"predecessor-version":[{"id":1109,"href":"https:\/\/dev.hotelesms.com\/hotel-ms-centenario-cali\/wp-json\/wp\/v2\/pages\/356\/revisions\/1109"}],"wp:attachment":[{"href":"https:\/\/dev.hotelesms.com\/hotel-ms-centenario-cali\/wp-json\/wp\/v2\/media?parent=356"}],"curies":[{"name":"wp","href":"https:\/\/api.w.org\/{rel}","templated":true}]}}