{"id":714,"date":"2017-09-18T17:18:36","date_gmt":"2017-09-18T17:18:36","guid":{"rendered":"https:\/\/dev.hotelesms.com\/ms-2\/?page_id=714"},"modified":"2022-01-10T23:57:44","modified_gmt":"2022-01-10T23:57:44","slug":"habitacion-junior-suite-doble","status":"publish","type":"page","link":"https:\/\/dev.hotelesms.com\/hotel-ms-centenario-cali\/habitacion-junior-suite-doble\/","title":{"rendered":"Habitaci\u00f3n Junior Suite Doble"},"content":{"rendered":"<section class=\"l-section wpb_row height_auto width_full\"><div class=\"l-section-h i-cf\"><div class=\"g-cols vc_row type_default valign_top\"><div class=\"vc_col-sm-12 wpb_column vc_column_container\"><div class=\"vc_column-inner\"><div class=\"wpb_wrapper\">[rev_slider_vc alias=&#8221;doble-estandar&#8221;]\r\n\t<div class=\"wpb_text_column \">\r\n\t\t<div class=\"wpb_wrapper\">\r\n\t\t\t\r\n\t\t<\/div>\r\n\t<\/div>\r\n<\/div><\/div><\/div><\/div><\/div><\/section><section class=\"l-section wpb_row height_small with_video\"><div class=\"l-section-video\"><video muted loop autoplay preload=\"auto\"><source type=\"video\/mp4\" src=\"0\" \/><\/video><\/div><div class=\"l-section-h i-cf\"><div class=\"g-cols vc_row type_default valign_top\"><div class=\"vc_col-sm-8 wpb_column vc_column_container\"><div class=\"vc_column-inner\"><div class=\"wpb_wrapper\">\r\n\t<div class=\"wpb_text_column \">\r\n\t\t<div class=\"wpb_wrapper\">\r\n\t\t\t<h3 style=\"text-align: left;\">Habitaci\u00f3n Junior Suite Doble<\/h3>\n\r\n\t\t<\/div>\r\n\t<\/div>\r\n\r\n\t<div class=\"wpb_text_column \">\r\n\t\t<div class=\"wpb_wrapper\">\r\n\t\t\t<p style=\"font-size: 18px; text-align: left;\">Bonita habitaci\u00f3n con cama doble especial para hu\u00e9spedes que viajan en compa\u00f1\u00eda por razones de trabajo o vacaciones. El \u00e1rea promedio de esta habitaci\u00f3n es de 50 mts2 de frescura, comodidad y pulcritud. WiFi gratuito en habitaci\u00f3n y ducha con un confortable hidromasaje.<\/p>\n\r\n\t\t<\/div>\r\n\t<\/div>\r\n<div class=\"w-sharing type_outlined align_left color_default\" style=\"font-size:1.2rem;\"><div class=\"w-sharing-list\" data-sharing-url=\"https:\/\/dev.hotelesms.com\/hotel-ms-centenario-cali\/hotel-ms-centenario-cali\/wp-json\/wp\/v2\/pages\/714\" data-sharing-image=\"https:\/\/dev.hotelesms.com\/hotel-ms-centenario-cali\/wp-content\/uploads\/sites\/6\/2017\/07\/DSC_6894.jpg\"><a class=\"w-sharing-item email\" href=\"javascript:void(0)\" title=\"Env\u00edalo por mail\" aria-label=\"Env\u00edalo por mail\"><span class=\"w-sharing-icon\"><\/span><\/a><a class=\"w-sharing-item facebook\" href=\"javascript:void(0)\" title=\"Comparte esto\" aria-label=\"Comparte esto\"><span class=\"w-sharing-icon\"><\/span><\/a><a class=\"w-sharing-item twitter\" href=\"javascript:void(0)\" title=\"Twittear\" aria-label=\"Twittear\"><span class=\"w-sharing-icon\"><\/span><\/a><a class=\"w-sharing-item pinterest\" href=\"javascript:void(0)\" title=\"Pin\u00e9alo\" aria-label=\"Pin\u00e9alo\"><span class=\"w-sharing-icon\"><\/span><\/a><\/div><\/div><\/div><\/div><\/div><div class=\"vc_col-sm-4 wpb_column vc_column_container\"><div class=\"vc_column-inner\"><div class=\"wpb_wrapper\"><div class=\"w-separator size_medium\"><\/div><div class=\"w-image align_center\"><div class=\"w-image-h\"><img width=\"468\" height=\"196\" src=\"https:\/\/dev.hotelesms.com\/hotel-ms-centenario-cali\/wp-content\/uploads\/sites\/6\/2017\/08\/mejor-precio-MS-1.png\" class=\"attachment-us_768_0 size-us_768_0\" alt=\"\" loading=\"lazy\" srcset=\"https:\/\/dev.hotelesms.com\/hotel-ms-centenario-cali\/wp-content\/uploads\/sites\/6\/2017\/08\/mejor-precio-MS-1.png 468w, https:\/\/dev.hotelesms.com\/hotel-ms-centenario-cali\/wp-content\/uploads\/sites\/6\/2017\/08\/mejor-precio-MS-1-300x126.png 300w\" sizes=\"(max-width: 468px) 100vw, 468px\" \/><\/div><\/div><\/div><\/div><\/div><\/div><\/div><\/section><section class=\"l-section wpb_row height_auto width_full\"><div class=\"l-section-h i-cf\"><div class=\"g-cols vc_row type_default valign_top\"><div class=\"vc_col-sm-12 wpb_column vc_column_container\"><div class=\"vc_column-inner\"><div class=\"wpb_wrapper\"><div class=\"w-grid type_grid layout_gallery_default cols_6\" id=\"us_grid_1\"><style id=\"us_grid_1_css\">#us_grid_1 .w-grid-item{padding:4px}#us_grid_1 .w-grid-list{margin:-4px}.w-grid + #us_grid_1 .w-grid-list{margin-top:4px}.l-section.width_full>div>div>.vc_col-sm-12>div>div>#us_grid_1 .w-grid-list{margin-left:4px;margin-right:4px}.l-section.height_auto>div>div>.vc_col-sm-12>div>div>#us_grid_1:first-child .w-grid-list{margin-top:4px}.l-section.height_auto>div>div>.vc_col-sm-12>div>div>#us_grid_1:last-child .w-grid-list{margin-bottom:4px}@media (max-width:767px){#us_grid_1 .w-grid-item{width:25%}}@media (max-width:479px){#us_grid_1 .w-grid-item{width:50%}}<\/style><style>#us_grid_1 .w-grid-item-h{}#us_grid_1 .usg_post_image_1{}#us_grid_1 .usg_post_image_1{transition-duration:0.3s;transform:scale(1) translate(0,0)}#us_grid_1 .w-grid-item-h:hover .usg_post_image_1{transform:scale(1) translate(0,0);opacity:0.5}<\/style><div class=\"w-grid-list\"><article class=\"w-grid-item ratio_1x1 post-805 attachment type-attachment status-inherit hentry\" data-id=\"805\">\r\n\t<div class=\"w-grid-item-h\">\r\n\t\t\t\t\t<a class=\"w-grid-item-anchor\" href=\"https:\/\/dev.hotelesms.com\/hotel-ms-centenario-cali\/wp-content\/uploads\/sites\/6\/2017\/07\/DSC_6915.jpg\" ref=\"magnificPopupGrid\" title=\"Nuestro Hotel en Cali, Hotel MS Centenario, pertenece a la Cadena MS.\"><\/a>\r\n\t\t\t\t<div class=\"w-post-elm post_image usg_post_image_1 stretched\"><img width=\"350\" height=\"350\" src=\"https:\/\/dev.hotelesms.com\/hotel-ms-centenario-cali\/wp-content\/uploads\/sites\/6\/2017\/07\/DSC_6915-350x350.jpg\" class=\"attachment-us_350_350_crop size-us_350_350_crop\" alt=\"\" loading=\"lazy\" srcset=\"https:\/\/dev.hotelesms.com\/hotel-ms-centenario-cali\/wp-content\/uploads\/sites\/6\/2017\/07\/DSC_6915-350x350.jpg 350w, https:\/\/dev.hotelesms.com\/hotel-ms-centenario-cali\/wp-content\/uploads\/sites\/6\/2017\/07\/DSC_6915-150x150.jpg 150w\" sizes=\"(max-width: 350px) 100vw, 350px\" \/><\/div>\t<\/div>\r\n<\/article>\r\n<article class=\"w-grid-item ratio_1x1 post-806 attachment type-attachment status-inherit hentry\" data-id=\"806\">\r\n\t<div class=\"w-grid-item-h\">\r\n\t\t\t\t\t<a class=\"w-grid-item-anchor\" href=\"https:\/\/dev.hotelesms.com\/hotel-ms-centenario-cali\/wp-content\/uploads\/sites\/6\/2017\/07\/DSC_6925.jpg\" ref=\"magnificPopupGrid\" title=\"Nuestro Hotel en Cali, Hotel MS Centenario, pertenece a la Cadena MS.\"><\/a>\r\n\t\t\t\t<div class=\"w-post-elm post_image usg_post_image_1 stretched\"><img width=\"350\" height=\"350\" src=\"https:\/\/dev.hotelesms.com\/hotel-ms-centenario-cali\/wp-content\/uploads\/sites\/6\/2017\/07\/DSC_6925-350x350.jpg\" class=\"attachment-us_350_350_crop size-us_350_350_crop\" alt=\"\" loading=\"lazy\" srcset=\"https:\/\/dev.hotelesms.com\/hotel-ms-centenario-cali\/wp-content\/uploads\/sites\/6\/2017\/07\/DSC_6925-350x350.jpg 350w, https:\/\/dev.hotelesms.com\/hotel-ms-centenario-cali\/wp-content\/uploads\/sites\/6\/2017\/07\/DSC_6925-150x150.jpg 150w\" sizes=\"(max-width: 350px) 100vw, 350px\" \/><\/div>\t<\/div>\r\n<\/article>\r\n<article class=\"w-grid-item ratio_1x1 post-804 attachment type-attachment status-inherit hentry\" data-id=\"804\">\r\n\t<div class=\"w-grid-item-h\">\r\n\t\t\t\t\t<a class=\"w-grid-item-anchor\" href=\"https:\/\/dev.hotelesms.com\/hotel-ms-centenario-cali\/wp-content\/uploads\/sites\/6\/2017\/07\/DSC_6910.jpg\" ref=\"magnificPopupGrid\" title=\"Nuestro Hotel en Cali, Hotel MS Centenario, pertenece a la Cadena MS.\"><\/a>\r\n\t\t\t\t<div class=\"w-post-elm post_image usg_post_image_1 stretched\"><img width=\"350\" height=\"350\" src=\"https:\/\/dev.hotelesms.com\/hotel-ms-centenario-cali\/wp-content\/uploads\/sites\/6\/2017\/07\/DSC_6910-350x350.jpg\" class=\"attachment-us_350_350_crop size-us_350_350_crop\" alt=\"\" loading=\"lazy\" srcset=\"https:\/\/dev.hotelesms.com\/hotel-ms-centenario-cali\/wp-content\/uploads\/sites\/6\/2017\/07\/DSC_6910-350x350.jpg 350w, https:\/\/dev.hotelesms.com\/hotel-ms-centenario-cali\/wp-content\/uploads\/sites\/6\/2017\/07\/DSC_6910-150x150.jpg 150w\" sizes=\"(max-width: 350px) 100vw, 350px\" \/><\/div>\t<\/div>\r\n<\/article>\r\n<article class=\"w-grid-item ratio_1x1 post-810 attachment type-attachment status-inherit hentry\" data-id=\"810\">\r\n\t<div class=\"w-grid-item-h\">\r\n\t\t\t\t\t<a class=\"w-grid-item-anchor\" href=\"https:\/\/dev.hotelesms.com\/hotel-ms-centenario-cali\/wp-content\/uploads\/sites\/6\/2017\/07\/DSC_6961.jpg\" ref=\"magnificPopupGrid\" title=\"Nuestro Hotel en Cali, Hotel MS Centenario, pertenece a la Cadena MS.\"><\/a>\r\n\t\t\t\t<div class=\"w-post-elm post_image usg_post_image_1 stretched\"><img width=\"350\" height=\"350\" src=\"https:\/\/dev.hotelesms.com\/hotel-ms-centenario-cali\/wp-content\/uploads\/sites\/6\/2017\/07\/DSC_6961-350x350.jpg\" class=\"attachment-us_350_350_crop size-us_350_350_crop\" alt=\"\" loading=\"lazy\" srcset=\"https:\/\/dev.hotelesms.com\/hotel-ms-centenario-cali\/wp-content\/uploads\/sites\/6\/2017\/07\/DSC_6961-350x350.jpg 350w, https:\/\/dev.hotelesms.com\/hotel-ms-centenario-cali\/wp-content\/uploads\/sites\/6\/2017\/07\/DSC_6961-150x150.jpg 150w\" sizes=\"(max-width: 350px) 100vw, 350px\" \/><\/div>\t<\/div>\r\n<\/article>\r\n<article class=\"w-grid-item ratio_1x1 post-784 attachment type-attachment status-inherit hentry\" data-id=\"784\">\r\n\t<div class=\"w-grid-item-h\">\r\n\t\t\t\t\t<a class=\"w-grid-item-anchor\" href=\"https:\/\/dev.hotelesms.com\/hotel-ms-centenario-cali\/wp-content\/uploads\/sites\/6\/2017\/07\/MG_6011.jpg\" ref=\"magnificPopupGrid\" title=\"Nuestro Hotel en Cali, Hotel MS Centenario, pertenece a la Cadena MS.\"><\/a>\r\n\t\t\t\t<div class=\"w-post-elm post_image usg_post_image_1 stretched\"><img width=\"350\" height=\"350\" src=\"https:\/\/dev.hotelesms.com\/hotel-ms-centenario-cali\/wp-content\/uploads\/sites\/6\/2017\/07\/MG_6011-350x350.jpg\" class=\"attachment-us_350_350_crop size-us_350_350_crop\" alt=\"\" loading=\"lazy\" srcset=\"https:\/\/dev.hotelesms.com\/hotel-ms-centenario-cali\/wp-content\/uploads\/sites\/6\/2017\/07\/MG_6011-350x350.jpg 350w, https:\/\/dev.hotelesms.com\/hotel-ms-centenario-cali\/wp-content\/uploads\/sites\/6\/2017\/07\/MG_6011-150x150.jpg 150w, https:\/\/dev.hotelesms.com\/hotel-ms-centenario-cali\/wp-content\/uploads\/sites\/6\/2017\/07\/MG_6011-600x600.jpg 600w\" sizes=\"(max-width: 350px) 100vw, 350px\" \/><\/div>\t<\/div>\r\n<\/article>\r\n<article class=\"w-grid-item ratio_1x1 post-795 attachment type-attachment status-inherit hentry\" data-id=\"795\">\r\n\t<div class=\"w-grid-item-h\">\r\n\t\t\t\t\t<a class=\"w-grid-item-anchor\" href=\"https:\/\/dev.hotelesms.com\/hotel-ms-centenario-cali\/wp-content\/uploads\/sites\/6\/2017\/07\/DSC_2553.jpg\" ref=\"magnificPopupGrid\" title=\"Nuestro Hotel en Cali, Hotel MS Centenario, pertenece a la Cadena MS.\"><\/a>\r\n\t\t\t\t<div class=\"w-post-elm post_image usg_post_image_1 stretched\"><img width=\"350\" height=\"350\" src=\"https:\/\/dev.hotelesms.com\/hotel-ms-centenario-cali\/wp-content\/uploads\/sites\/6\/2017\/07\/DSC_2553-350x350.jpg\" class=\"attachment-us_350_350_crop size-us_350_350_crop\" alt=\"\" loading=\"lazy\" srcset=\"https:\/\/dev.hotelesms.com\/hotel-ms-centenario-cali\/wp-content\/uploads\/sites\/6\/2017\/07\/DSC_2553-350x350.jpg 350w, https:\/\/dev.hotelesms.com\/hotel-ms-centenario-cali\/wp-content\/uploads\/sites\/6\/2017\/07\/DSC_2553-150x150.jpg 150w\" sizes=\"(max-width: 350px) 100vw, 350px\" \/><\/div>\t<\/div>\r\n<\/article>\r\n<\/div>\t<div class=\"w-grid-json hidden\" onclick='return {&quot;ajax_url&quot;:&quot;https:\\\/\\\/dev.hotelesms.com\\\/hotel-ms-centenario-cali\\\/wp-admin\\\/admin-ajax.php&quot;,&quot;permalink_url&quot;:&quot;https:\\\/\\\/dev.hotelesms.com\\\/hotel-ms-centenario-cali\\\/hotel-en-cali-hotel-ms-centenario-12\\\/&quot;,&quot;action&quot;:&quot;us_ajax_grid&quot;,&quot;max_num_pages&quot;:1,&quot;infinite_scroll&quot;:0,&quot;template_vars&quot;:{&quot;query_args&quot;:{&quot;post_type&quot;:[&quot;attachment&quot;],&quot;post__in&quot;:[&quot;805&quot;,&quot;806&quot;,&quot;804&quot;,&quot;810&quot;,&quot;784&quot;,&quot;795&quot;],&quot;post_status&quot;:&quot;inherit&quot;,&quot;post_mime_type&quot;:&quot;image&quot;,&quot;orderby&quot;:{&quot;post__in&quot;:&quot;ASC&quot;},&quot;posts_per_page&quot;:999},&quot;post_id&quot;:714,&quot;us_grid_index&quot;:1,&quot;us_grid_ajax_index&quot;:1,&quot;exclude_items&quot;:&quot;none&quot;,&quot;items_offset&quot;:&quot;1&quot;,&quot;items_layout&quot;:&quot;gallery_default&quot;,&quot;type&quot;:&quot;grid&quot;,&quot;columns&quot;:&quot;6&quot;,&quot;img_size&quot;:&quot;us_350_350_crop&quot;,&quot;overriding_link&quot;:&quot;popup_post_image&quot;}}'><\/div>\r\n<\/div><\/div><\/div><\/div><\/div><\/div><\/section><section class=\"l-section wpb_row height_medium color_primary with_img with_overlay\"><div class=\"l-section-img\" style=\"background-image: url(https:\/\/dev.hotelesms.com\/hotel-ms-centenario-cali\/wp-content\/uploads\/sites\/6\/2017\/08\/MS-Centenario-sepia.jpg);background-position: bottom center;\" data-img-width=\"800\" data-img-height=\"800\"><\/div><div class=\"l-section-overlay\" style=\"background: rgba(0,0,0,0.51)\"><\/div><div class=\"l-section-h i-cf\"><div class=\"g-cols vc_row type_default valign_top\"><div class=\"vc_col-sm-8 wpb_column vc_column_container\"><div class=\"vc_column-inner\"><div class=\"wpb_wrapper\"><div class=\"w-iconbox iconpos_top style_default color_custom align_center no_title no_text\"><div class=\"w-iconbox-icon\" style=\"color:#ffbf00;\"><i class=\"fas fa-heart\"><\/i><\/div><div class=\"w-iconbox-meta\"><\/div><\/div><div class=\"w-separator size_medium\"><\/div>\r\n\t<div class=\"wpb_text_column \">\r\n\t\t<div class=\"wpb_wrapper\">\r\n\t\t\t<h4 style=\"text-align: center;\">Razones por las que amar\u00e1s alojarte en Hoteles MS:<\/h4>\n\r\n\t\t<\/div>\r\n\t<\/div>\r\n<div class=\"w-separator size_medium\"><\/div><div class=\"w-tabs style_default switch_click accordion type_togglable title_atleft icon_chevron iconpos_right \"><div class=\"w-tabs-list items_4\"><div class=\"w-tabs-list-h\"><div class=\"w-tabs-item with_icon\"><div class=\"w-tabs-item-h\"><i class=\"fas fa-heart\"><\/i><span class=\"w-tabs-item-title\">Comodidades<\/span><\/div><\/div><div class=\"w-tabs-item with_icon\"><div class=\"w-tabs-item-h\"><i class=\"fas fa-bed\"><\/i><span class=\"w-tabs-item-title\">Dotaci\u00f3n<\/span><\/div><\/div><div class=\"w-tabs-item with_icon\"><div class=\"w-tabs-item-h\"><i class=\"fas fa-exclamation-triangle\"><\/i><span class=\"w-tabs-item-title\">Pol\u00edticas<\/span><\/div><\/div><div class=\"w-tabs-item with_icon\"><div class=\"w-tabs-item-h\"><i class=\"fas fa-star\"><\/i><span class=\"w-tabs-item-title\">Servicios MS<\/span><\/div><\/div><\/div><\/div><div class=\"w-tabs-sections\"><div class=\"w-tabs-sections-h\"><div class=\"w-tabs-section with_icon\" id=\"1503502259471-fa8d9a43-2558a2f1-3fe5\"><a href=\"#1503502259471-fa8d9a43-2558a2f1-3fe5\" class=\"w-tabs-section-header\"><div class=\"w-tabs-section-header-h\"><i class=\"fas fa-heart\"><\/i><div class=\"w-tabs-section-title\">Comodidades<\/div><div class=\"w-tabs-section-control\"><\/div><\/div><\/a><div class=\"w-tabs-section-content\"><div class=\"w-tabs-section-content-h i-cf\">\r\n\t<div class=\"wpb_text_column \">\r\n\t\t<div class=\"wpb_wrapper\">\r\n\t\t\t<ul>\n<li>WiFi<\/li>\n<li>Aire acondicionado.<\/li>\n<li>Agua fr\u00eda, caliente.<\/li>\n<li>Zona de estar<\/li>\n<li>Canales por cable<\/li>\n<li>Mini-bar.<\/li>\n<li>Amenities<\/li>\n<\/ul>\n\r\n\t\t<\/div>\r\n\t<\/div>\r\n<\/div><\/div><\/div><div class=\"w-tabs-section with_icon\" id=\"1503502259615-4c3056d9-670ba2f1-3fe5\"><a href=\"#1503502259615-4c3056d9-670ba2f1-3fe5\" class=\"w-tabs-section-header\"><div class=\"w-tabs-section-header-h\"><i class=\"fas fa-bed\"><\/i><div class=\"w-tabs-section-title\">Dotaci\u00f3n<\/div><div class=\"w-tabs-section-control\"><\/div><\/div><\/a><div class=\"w-tabs-section-content\"><div class=\"w-tabs-section-content-h i-cf\">\r\n\t<div class=\"wpb_text_column \">\r\n\t\t<div class=\"wpb_wrapper\">\r\n\t\t\t<ul>\n<li>2 camas individuales<\/li>\n<li>1 sof\u00e1 cama<\/li>\n<li>Televisor LCD 32\u2033.<\/li>\n<li>Sof\u00e1<\/li>\n<li>Minibar<\/li>\n<li>Escritorio<\/li>\n<li>Secador de pelo<\/li>\n<li>Reloj despertador<\/li>\n<li>Caja fuerte<\/li>\n<\/ul>\n\r\n\t\t<\/div>\r\n\t<\/div>\r\n<\/div><\/div><\/div><div class=\"w-tabs-section with_icon\" id=\"1503502306957-f4c9ce35-84ffa2f1-3fe5\"><a href=\"#1503502306957-f4c9ce35-84ffa2f1-3fe5\" class=\"w-tabs-section-header\"><div class=\"w-tabs-section-header-h\"><i class=\"fas fa-exclamation-triangle\"><\/i><div class=\"w-tabs-section-title\">Pol\u00edticas<\/div><div class=\"w-tabs-section-control\"><\/div><\/div><\/a><div class=\"w-tabs-section-content\"><div class=\"w-tabs-section-content-h i-cf\">\r\n\t<div class=\"wpb_text_column \">\r\n\t\t<div class=\"wpb_wrapper\">\r\n\t\t\t<ul>\n<li>Check in: 15:00<\/li>\n<li>Check out: 13:30<\/li>\n<li>Pueden alojarse ni\u00f1os de todas las edades.<\/li>\n<li>No se admiten mascotas.<\/li>\n<li>Parqueadero gratuito con previa reserva.<\/li>\n<\/ul>\n<p><strong>Cancelaciones<\/strong><\/p>\n<p>Las cancelaciones de la reserva deben hacerse antes de las 72 horas de la entrada al hotel, de lo contrario se efectuar\u00e1 el cargo de la primera noche a tu cuenta.<\/p>\n\r\n\t\t<\/div>\r\n\t<\/div>\r\n<\/div><\/div><\/div><div class=\"w-tabs-section with_icon\" id=\"1503502339791-e1c0f950-300ba2f1-3fe5\"><a href=\"#1503502339791-e1c0f950-300ba2f1-3fe5\" class=\"w-tabs-section-header\"><div class=\"w-tabs-section-header-h\"><i class=\"fas fa-star\"><\/i><div class=\"w-tabs-section-title\">Servicios MS<\/div><div class=\"w-tabs-section-control\"><\/div><\/div><\/a><div class=\"w-tabs-section-content\"><div class=\"w-tabs-section-content-h i-cf\">\r\n\t<div class=\"wpb_text_column \">\r\n\t\t<div class=\"wpb_wrapper\">\r\n\t\t\t<ul>\n<li>Restaurante<\/li>\n<li>Room Service (con costo adicional)<\/li>\n<li>Lavander\u00eda (con costo adicional)<\/li>\n<li>Barra de estaci\u00f3n de caf\u00e9 con espacio para trabajo con conexi\u00f3n WiFi.<\/li>\n<li>Internet WiFi<\/li>\n<li>Parqueadero en bah\u00eda (limitado)<\/li>\n<li>Sol\u00e1rium<\/li>\n<li>Zona h\u00fameda con jacuzzi y turco<\/li>\n<li>Zona de ejercicio<\/li>\n<li>Llamadas locales y larga distancia (Costo adicional)<\/li>\n<\/ul>\n\r\n\t\t<\/div>\r\n\t<\/div>\r\n<\/div><\/div><\/div><\/div><\/div><\/div><\/div><\/div><\/div><div class=\"vc_col-sm-4 wpb_column vc_column_container\"><div class=\"vc_column-inner\"><div class=\"wpb_wrapper\"><div class=\"w-iconbox iconpos_top style_default color_custom align_center no_title no_text\"><div class=\"w-iconbox-icon\" style=\"color:#ffbf00;\"><i class=\"far fa-clock\"><\/i><\/div><div class=\"w-iconbox-meta\"><\/div><\/div><div class=\"w-separator size_medium\"><\/div>\r\n\t<div class=\"wpb_text_column \">\r\n\t\t<div class=\"wpb_wrapper\">\r\n\t\t\t<h4 style=\"text-align: center;\">Horarios MS<\/h4>\n\r\n\t\t<\/div>\r\n\t<\/div>\r\n<div class=\"w-separator size_medium\"><\/div><div class=\"uavc-list-icon uavc-list-icon-wrapper ult-adjust-bottom-margin   \"><ul class=\"uavc-list\"><li><div class=\"uavc-list-content\" id=\"list-icon-wrap-1650\">\n<div class=\"uavc-list-icon  \" data-animation=\"\" data-animation-delay=\"03\" style=\"margin-right:10px;\"><div class=\"ult-just-icon-wrapper  \"><div class=\"align-icon\" style=\"text-align:center;\">\n<div class=\"aio-icon none \"  style=\"color:#ffbf00;font-size:28px;display:inline-block;\">\n\t<i class=\"Defaults-arrow-circle-right\"><\/i>\n<\/div><\/div><\/div>\n<\/div><span  data-ultimate-target='#list-icon-wrap-1650 .uavc-list-desc'  data-responsive-json-new='{\"font-size\":\"\",\"line-height\":\"\"}'  class=\"uavc-list-desc ult-responsive\" style=\"\">Check in: 15:00<\/span><\/div><\/li><li><div class=\"uavc-list-content\" id=\"list-icon-wrap-6033\">\n<div class=\"uavc-list-icon  \" data-animation=\"\" data-animation-delay=\"03\" style=\"margin-right:10px;\"><div class=\"ult-just-icon-wrapper  \"><div class=\"align-icon\" style=\"text-align:center;\">\n<div class=\"aio-icon none \"  style=\"color:#ffbf00;font-size:28px;display:inline-block;\">\n\t<i class=\"Defaults-arrow-circle-left\"><\/i>\n<\/div><\/div><\/div>\n<\/div><span  data-ultimate-target='#list-icon-wrap-6033 .uavc-list-desc'  data-responsive-json-new='{\"font-size\":\"\",\"line-height\":\"\"}'  class=\"uavc-list-desc ult-responsive\" style=\"\">Check out:\u00a0<span style=\"line-height: 1.5;\">13:00<\/span><\/span><\/div><\/li><li><div class=\"uavc-list-content\" id=\"list-icon-wrap-6305\">\n<div class=\"uavc-list-icon  \" data-animation=\"\" data-animation-delay=\"03\" style=\"margin-right:10px;\"><div class=\"ult-just-icon-wrapper  \"><div class=\"align-icon\" style=\"text-align:center;\">\n<div class=\"aio-icon none \"  style=\"color:#ffbf00;font-size:28px;display:inline-block;\">\n\t<i class=\"Defaults-coffee\"><\/i>\n<\/div><\/div><\/div>\n<\/div><span  data-ultimate-target='#list-icon-wrap-6305 .uavc-list-desc'  data-responsive-json-new='{\"font-size\":\"\",\"line-height\":\"\"}'  class=\"uavc-list-desc ult-responsive\" style=\"\">Desayuno: de lunes a viernes de 6:00 am a 10:00 am<br \/>\nFines de semana: de 7:00 a 10:00<\/span><\/div><\/li><\/ul><\/div><\/div><\/div><\/div><\/div><\/div><\/section><section class=\"l-section wpb_row height_medium with_video\"><div class=\"l-section-video\"><video muted loop autoplay preload=\"auto\"><source type=\"video\/mp4\" src=\"0\" \/><\/video><\/div><div class=\"l-section-h i-cf\"><div class=\"g-cols vc_row type_default valign_top\"><div class=\"vc_col-sm-12 wpb_column vc_column_container\"><div class=\"vc_column-inner\"><div class=\"wpb_wrapper\"><div class=\"g-cols wpb_row  type_default valign_top vc_inner \"><div class=\"vc_col-sm-12 wpb_column vc_column_container\"><div class=\"vc_column-inner\"><div class=\"wpb_wrapper\"><div class=\"w-image align_center\"><div class=\"w-image-h\"><img width=\"669\" height=\"156\" src=\"https:\/\/dev.hotelesms.com\/hotel-ms-centenario-cali\/wp-content\/uploads\/sites\/6\/2017\/08\/Welcome-1.png\" class=\"attachment-full size-full\" alt=\"\" loading=\"lazy\" srcset=\"https:\/\/dev.hotelesms.com\/hotel-ms-centenario-cali\/wp-content\/uploads\/sites\/6\/2017\/08\/Welcome-1.png 669w, https:\/\/dev.hotelesms.com\/hotel-ms-centenario-cali\/wp-content\/uploads\/sites\/6\/2017\/08\/Welcome-1-300x70.png 300w\" sizes=\"(max-width: 669px) 100vw, 669px\" \/><\/div><\/div><div class=\"w-separator size_medium\"><\/div><div class=\"w-btn-wrapper width_auto align_center\"><a class=\"w-btn us-btn-style_4\" href=\"https:\/\/hotelesms.com\/hotel-ms-centenario-cali\/habitaciones\/\"><span class=\"w-btn-label\">VER M\u00c1S HABITACIONES<\/span><\/a><\/div><\/div><\/div><\/div><\/div><div class=\"w-separator size_medium\"><\/div><div class=\"w-sharing type_simple align_center color_default\" style=\"font-size:1.2rem;\"><div class=\"w-sharing-list\" data-sharing-url=\"https:\/\/dev.hotelesms.com\/hotel-ms-centenario-cali\/hotel-ms-centenario-cali\/wp-json\/wp\/v2\/pages\/714\" data-sharing-image=\"\"><a class=\"w-sharing-item email\" href=\"javascript:void(0)\" title=\"Env\u00edalo por mail\" aria-label=\"Env\u00edalo por mail\"><span class=\"w-sharing-icon\"><\/span><\/a><a class=\"w-sharing-item facebook\" href=\"javascript:void(0)\" title=\"Comparte esto\" aria-label=\"Comparte esto\"><span class=\"w-sharing-icon\"><\/span><\/a><a class=\"w-sharing-item twitter\" href=\"javascript:void(0)\" title=\"Twittear\" aria-label=\"Twittear\"><span class=\"w-sharing-icon\"><\/span><\/a><a class=\"w-sharing-item pinterest\" href=\"javascript:void(0)\" title=\"Pin\u00e9alo\" aria-label=\"Pin\u00e9alo\"><span class=\"w-sharing-icon\"><\/span><\/a><\/div><\/div><\/div><\/div><\/div><\/div><\/div><\/section>\n","protected":false},"excerpt":{"rendered":"","protected":false},"author":4,"featured_media":802,"parent":0,"menu_order":0,"comment_status":"closed","ping_status":"closed","template":"","meta":[],"_links":{"self":[{"href":"https:\/\/dev.hotelesms.com\/hotel-ms-centenario-cali\/wp-json\/wp\/v2\/pages\/714"}],"collection":[{"href":"https:\/\/dev.hotelesms.com\/hotel-ms-centenario-cali\/wp-json\/wp\/v2\/pages"}],"about":[{"href":"https:\/\/dev.hotelesms.com\/hotel-ms-centenario-cali\/wp-json\/wp\/v2\/types\/page"}],"author":[{"embeddable":true,"href":"https:\/\/dev.hotelesms.com\/hotel-ms-centenario-cali\/wp-json\/wp\/v2\/users\/4"}],"replies":[{"embeddable":true,"href":"https:\/\/dev.hotelesms.com\/hotel-ms-centenario-cali\/wp-json\/wp\/v2\/comments?post=714"}],"version-history":[{"count":16,"href":"https:\/\/dev.hotelesms.com\/hotel-ms-centenario-cali\/wp-json\/wp\/v2\/pages\/714\/revisions"}],"predecessor-version":[{"id":1176,"href":"https:\/\/dev.hotelesms.com\/hotel-ms-centenario-cali\/wp-json\/wp\/v2\/pages\/714\/revisions\/1176"}],"wp:featuredmedia":[{"embeddable":true,"href":"https:\/\/dev.hotelesms.com\/hotel-ms-centenario-cali\/wp-json\/wp\/v2\/media\/802"}],"wp:attachment":[{"href":"https:\/\/dev.hotelesms.com\/hotel-ms-centenario-cali\/wp-json\/wp\/v2\/media?parent=714"}],"curies":[{"name":"wp","href":"https:\/\/api.w.org\/{rel}","templated":true}]}}