{"id":944,"date":"2018-05-08T23:53:00","date_gmt":"2018-05-08T23:53:00","guid":{"rendered":"https:\/\/dev.hotelesms.com\/hotel-ms-centenario-cali\/?page_id=944"},"modified":"2019-06-11T22:00:55","modified_gmt":"2019-06-11T22:00:55","slug":"plan-delirio","status":"publish","type":"page","link":"https:\/\/dev.hotelesms.com\/hotel-ms-centenario-cali\/plan-delirio\/","title":{"rendered":"Plan Delirio"},"content":{"rendered":"<section class=\"l-section wpb_row height_auto width_full\"><div class=\"l-section-h i-cf\"><div class=\"g-cols vc_row type_default valign_top\"><div class=\"vc_col-sm-12 wpb_column vc_column_container\"><div class=\"vc_column-inner\"><div class=\"wpb_wrapper\">[rev_slider_vc alias=&#8221;plan-delirio&#8221;]<\/div><\/div><\/div><\/div><\/div><\/section><section class=\"l-section wpb_row height_small\"><div class=\"l-section-h i-cf\"><div class=\"g-cols vc_row type_default valign_top\"><div class=\"vc_col-sm-8 wpb_column vc_column_container\"><div class=\"vc_column-inner\"><div class=\"wpb_wrapper\">\r\n\t<div class=\"wpb_text_column \">\r\n\t\t<div class=\"wpb_wrapper\">\r\n\t\t\t<h1>Plan Delirio, el mejor show de salsa en vivo<\/h1>\n<p>Ven a la capital de la salsa y goza del mejor show de salsa en vivo: Delirio Cali. Disfruta de un fin de semana inolvidable en Cali, aloj\u00e1ndote con Hoteles MS Centenario y asistiendo Delirio, incre\u00edble show de salsa en vivo, muestra de la maestr\u00eda de los bailarines locales, con un espect\u00e1culo que mezcla salsa, acrobacias, luces y lentejuelas. Tarifas desde $180.000 y 10% de descuento en boleter\u00eda para la carpa de Delirio.<br \/>\nShow en vivo que suma bailarines, orquesta y acrobacia para un gran espect\u00e1culo en que la salsa es la protagonista, que se presenta el \u00faltimo fin de semana en la hermosa carpa de circo para un show sin igual visual y sonoro hecho en Cali.<\/p>\n<p><strong><em>*La tarifa solo cubre el alojamiento<br \/>\n**Las boletas de ingreso al evento no est\u00e1n incluidas<\/em><\/strong><\/p>\n\r\n\t\t<\/div>\r\n\t<\/div>\r\n<div class=\"w-sharing type_outlined align_left color_default\" style=\"font-size:1.2rem;\"><div class=\"w-sharing-list\" data-sharing-url=\"https:\/\/dev.hotelesms.com\/hotel-ms-centenario-cali\/hotel-ms-centenario-cali\/wp-json\/wp\/v2\/pages\/944\" data-sharing-image=\"https:\/\/dev.hotelesms.com\/hotel-ms-centenario-cali\/wp-content\/uploads\/sites\/6\/2017\/07\/chipichape-Delirio-MS.jpg\"><a class=\"w-sharing-item email\" href=\"javascript:void(0)\" title=\"Env\u00edalo por mail\" aria-label=\"Env\u00edalo por mail\"><span class=\"w-sharing-icon\"><\/span><\/a><a class=\"w-sharing-item facebook\" href=\"javascript:void(0)\" title=\"Comparte esto\" aria-label=\"Comparte esto\"><span class=\"w-sharing-icon\"><\/span><\/a><a class=\"w-sharing-item twitter\" href=\"javascript:void(0)\" title=\"Twittear\" aria-label=\"Twittear\"><span class=\"w-sharing-icon\"><\/span><\/a><a class=\"w-sharing-item pinterest\" href=\"javascript:void(0)\" title=\"Pin\u00e9alo\" aria-label=\"Pin\u00e9alo\"><span class=\"w-sharing-icon\"><\/span><\/a><\/div><\/div><\/div><\/div><\/div><div class=\"vc_col-sm-4 wpb_column vc_column_container\"><div class=\"vc_column-inner\"><div class=\"wpb_wrapper\"><div class=\"w-pricing items_1\"><div class=\"w-pricing-item type_default\"><div class=\"w-pricing-item-h\"><div class=\"w-pricing-item-header\"><div class=\"w-pricing-item-title\">Plan Delirio<\/div><div class=\"w-pricing-item-price\">$180.000<small>impuestos incluidos<\/small><\/div><\/div><div class=\"w-pricing-item-footer\"><a class=\"w-btn us-btn-style_3\" href=\"http:\/\/hotelesms.com\/hotel-ms-centenario-cali\/solicitud-de-cotizacion-de-planes\/\"><span class=\"w-btn-label\">RESERVA YA<\/span><\/a><\/div><\/div><\/div><\/div><\/div><\/div><\/div><\/div><\/div><\/section><section class=\"l-section wpb_row height_auto width_full\"><div class=\"l-section-h i-cf\"><div class=\"g-cols vc_row type_default valign_top\"><div class=\"vc_col-sm-12 wpb_column vc_column_container\"><div class=\"vc_column-inner\"><div class=\"wpb_wrapper\"><div class=\"w-grid type_grid layout_gallery_default cols_5\" id=\"us_grid_1\"><style id=\"us_grid_1_css\">#us_grid_1 .w-grid-item{padding:4px}#us_grid_1 .w-grid-list{margin:-4px}.w-grid + #us_grid_1 .w-grid-list{margin-top:4px}.l-section.width_full>div>div>.vc_col-sm-12>div>div>#us_grid_1 .w-grid-list{margin-left:4px;margin-right:4px}.l-section.height_auto>div>div>.vc_col-sm-12>div>div>#us_grid_1:first-child .w-grid-list{margin-top:4px}.l-section.height_auto>div>div>.vc_col-sm-12>div>div>#us_grid_1:last-child .w-grid-list{margin-bottom:4px}@media (max-width:767px){#us_grid_1 .w-grid-item{width:25%}}@media (max-width:479px){#us_grid_1 .w-grid-item{width:50%}}<\/style><style>#us_grid_1 .w-grid-item-h{}#us_grid_1 .usg_post_image_1{}#us_grid_1 .usg_post_image_1{transition-duration:0.3s;transform:scale(1) translate(0,0)}#us_grid_1 .w-grid-item-h:hover .usg_post_image_1{transform:scale(1) translate(0,0);opacity:0.5}<\/style><div class=\"w-grid-list\"><article class=\"w-grid-item ratio_1x1 post-822 attachment type-attachment status-inherit hentry\" data-id=\"822\">\r\n\t<div class=\"w-grid-item-h\">\r\n\t\t\t\t\t<a class=\"w-grid-item-anchor\" href=\"https:\/\/dev.hotelesms.com\/hotel-ms-centenario-cali\/wp-content\/uploads\/sites\/6\/2017\/07\/Bailes-banner.jpg\" ref=\"magnificPopupGrid\" title=\"Bailes-banner\"><\/a>\r\n\t\t\t\t<div class=\"w-post-elm post_image usg_post_image_1 stretched\"><img width=\"350\" height=\"350\" src=\"https:\/\/dev.hotelesms.com\/hotel-ms-centenario-cali\/wp-content\/uploads\/sites\/6\/2017\/07\/Bailes-banner-350x350.jpg\" class=\"attachment-us_350_350_crop size-us_350_350_crop\" alt=\"\" loading=\"lazy\" srcset=\"https:\/\/dev.hotelesms.com\/hotel-ms-centenario-cali\/wp-content\/uploads\/sites\/6\/2017\/07\/Bailes-banner-350x350.jpg 350w, https:\/\/dev.hotelesms.com\/hotel-ms-centenario-cali\/wp-content\/uploads\/sites\/6\/2017\/07\/Bailes-banner-150x150.jpg 150w, https:\/\/dev.hotelesms.com\/hotel-ms-centenario-cali\/wp-content\/uploads\/sites\/6\/2017\/07\/Bailes-banner-600x600.jpg 600w\" sizes=\"(max-width: 350px) 100vw, 350px\" \/><\/div>\t<\/div>\r\n<\/article>\r\n<article class=\"w-grid-item ratio_1x1 post-809 attachment type-attachment status-inherit hentry\" data-id=\"809\">\r\n\t<div class=\"w-grid-item-h\">\r\n\t\t\t\t\t<a class=\"w-grid-item-anchor\" href=\"https:\/\/dev.hotelesms.com\/hotel-ms-centenario-cali\/wp-content\/uploads\/sites\/6\/2017\/07\/DSC_6950.jpg\" ref=\"magnificPopupGrid\" title=\"Nuestro Hotel en Cali, Hotel MS Centenario, pertenece a la Cadena MS.\"><\/a>\r\n\t\t\t\t<div class=\"w-post-elm post_image usg_post_image_1 stretched\"><img width=\"350\" height=\"350\" src=\"https:\/\/dev.hotelesms.com\/hotel-ms-centenario-cali\/wp-content\/uploads\/sites\/6\/2017\/07\/DSC_6950-350x350.jpg\" class=\"attachment-us_350_350_crop size-us_350_350_crop\" alt=\"\" loading=\"lazy\" srcset=\"https:\/\/dev.hotelesms.com\/hotel-ms-centenario-cali\/wp-content\/uploads\/sites\/6\/2017\/07\/DSC_6950-350x350.jpg 350w, https:\/\/dev.hotelesms.com\/hotel-ms-centenario-cali\/wp-content\/uploads\/sites\/6\/2017\/07\/DSC_6950-150x150.jpg 150w\" sizes=\"(max-width: 350px) 100vw, 350px\" \/><\/div>\t<\/div>\r\n<\/article>\r\n<article class=\"w-grid-item ratio_1x1 post-808 attachment type-attachment status-inherit hentry\" data-id=\"808\">\r\n\t<div class=\"w-grid-item-h\">\r\n\t\t\t\t\t<a class=\"w-grid-item-anchor\" href=\"https:\/\/dev.hotelesms.com\/hotel-ms-centenario-cali\/wp-content\/uploads\/sites\/6\/2017\/07\/DSC_6944.jpg\" ref=\"magnificPopupGrid\" title=\"Nuestro Hotel en Cali, Hotel MS Centenario, pertenece a la Cadena MS.\"><\/a>\r\n\t\t\t\t<div class=\"w-post-elm post_image usg_post_image_1 stretched\"><img width=\"350\" height=\"350\" src=\"https:\/\/dev.hotelesms.com\/hotel-ms-centenario-cali\/wp-content\/uploads\/sites\/6\/2017\/07\/DSC_6944-350x350.jpg\" class=\"attachment-us_350_350_crop size-us_350_350_crop\" alt=\"\" loading=\"lazy\" srcset=\"https:\/\/dev.hotelesms.com\/hotel-ms-centenario-cali\/wp-content\/uploads\/sites\/6\/2017\/07\/DSC_6944-350x350.jpg 350w, https:\/\/dev.hotelesms.com\/hotel-ms-centenario-cali\/wp-content\/uploads\/sites\/6\/2017\/07\/DSC_6944-150x150.jpg 150w\" sizes=\"(max-width: 350px) 100vw, 350px\" \/><\/div>\t<\/div>\r\n<\/article>\r\n<article class=\"w-grid-item ratio_1x1 post-791 attachment type-attachment status-inherit hentry\" data-id=\"791\">\r\n\t<div class=\"w-grid-item-h\">\r\n\t\t\t\t\t<a class=\"w-grid-item-anchor\" href=\"https:\/\/dev.hotelesms.com\/hotel-ms-centenario-cali\/wp-content\/uploads\/sites\/6\/2017\/07\/DSC_2458.jpg\" ref=\"magnificPopupGrid\" title=\"Nuestro Hotel en Cali, Hotel MS Centenario, pertenece a la Cadena MS.\"><\/a>\r\n\t\t\t\t<div class=\"w-post-elm post_image usg_post_image_1 stretched\"><img width=\"350\" height=\"350\" src=\"https:\/\/dev.hotelesms.com\/hotel-ms-centenario-cali\/wp-content\/uploads\/sites\/6\/2017\/07\/DSC_2458-350x350.jpg\" class=\"attachment-us_350_350_crop size-us_350_350_crop\" alt=\"\" loading=\"lazy\" srcset=\"https:\/\/dev.hotelesms.com\/hotel-ms-centenario-cali\/wp-content\/uploads\/sites\/6\/2017\/07\/DSC_2458-350x350.jpg 350w, https:\/\/dev.hotelesms.com\/hotel-ms-centenario-cali\/wp-content\/uploads\/sites\/6\/2017\/07\/DSC_2458-150x150.jpg 150w\" sizes=\"(max-width: 350px) 100vw, 350px\" \/><\/div>\t<\/div>\r\n<\/article>\r\n<article class=\"w-grid-item ratio_1x1 post-784 attachment type-attachment status-inherit hentry\" data-id=\"784\">\r\n\t<div class=\"w-grid-item-h\">\r\n\t\t\t\t\t<a class=\"w-grid-item-anchor\" href=\"https:\/\/dev.hotelesms.com\/hotel-ms-centenario-cali\/wp-content\/uploads\/sites\/6\/2017\/07\/MG_6011.jpg\" ref=\"magnificPopupGrid\" title=\"Nuestro Hotel en Cali, Hotel MS Centenario, pertenece a la Cadena MS.\"><\/a>\r\n\t\t\t\t<div class=\"w-post-elm post_image usg_post_image_1 stretched\"><img width=\"350\" height=\"350\" src=\"https:\/\/dev.hotelesms.com\/hotel-ms-centenario-cali\/wp-content\/uploads\/sites\/6\/2017\/07\/MG_6011-350x350.jpg\" class=\"attachment-us_350_350_crop size-us_350_350_crop\" alt=\"\" loading=\"lazy\" srcset=\"https:\/\/dev.hotelesms.com\/hotel-ms-centenario-cali\/wp-content\/uploads\/sites\/6\/2017\/07\/MG_6011-350x350.jpg 350w, https:\/\/dev.hotelesms.com\/hotel-ms-centenario-cali\/wp-content\/uploads\/sites\/6\/2017\/07\/MG_6011-150x150.jpg 150w, https:\/\/dev.hotelesms.com\/hotel-ms-centenario-cali\/wp-content\/uploads\/sites\/6\/2017\/07\/MG_6011-600x600.jpg 600w\" sizes=\"(max-width: 350px) 100vw, 350px\" \/><\/div>\t<\/div>\r\n<\/article>\r\n<\/div>\t<div class=\"w-grid-json hidden\" onclick='return {&quot;ajax_url&quot;:&quot;https:\\\/\\\/dev.hotelesms.com\\\/hotel-ms-centenario-cali\\\/wp-admin\\\/admin-ajax.php&quot;,&quot;permalink_url&quot;:&quot;https:\\\/\\\/dev.hotelesms.com\\\/hotel-ms-centenario-cali\\\/hotel-en-cali-hotel-ms-centenario\\\/&quot;,&quot;action&quot;:&quot;us_ajax_grid&quot;,&quot;max_num_pages&quot;:1,&quot;infinite_scroll&quot;:0,&quot;template_vars&quot;:{&quot;query_args&quot;:{&quot;post_type&quot;:[&quot;attachment&quot;],&quot;post__in&quot;:[&quot;822&quot;,&quot;809&quot;,&quot;808&quot;,&quot;791&quot;,&quot;784&quot;],&quot;post_status&quot;:&quot;inherit&quot;,&quot;post_mime_type&quot;:&quot;image&quot;,&quot;orderby&quot;:{&quot;post__in&quot;:&quot;ASC&quot;},&quot;posts_per_page&quot;:999},&quot;post_id&quot;:944,&quot;us_grid_index&quot;:1,&quot;us_grid_ajax_index&quot;:1,&quot;exclude_items&quot;:&quot;none&quot;,&quot;items_offset&quot;:&quot;1&quot;,&quot;items_layout&quot;:&quot;gallery_default&quot;,&quot;type&quot;:&quot;grid&quot;,&quot;columns&quot;:&quot;5&quot;,&quot;img_size&quot;:&quot;us_350_350_crop&quot;,&quot;overriding_link&quot;:&quot;popup_post_image&quot;}}'><\/div>\r\n<\/div><\/div><\/div><\/div><\/div><\/div><\/section><section class=\"l-section wpb_row height_medium with_img with_overlay\"><div class=\"l-section-img\" style=\"background-image: url(https:\/\/dev.hotelesms.com\/hotel-ms-centenario-cali\/wp-content\/uploads\/sites\/6\/2017\/07\/bodas-sepia-1.jpg);\" data-img-width=\"608\" data-img-height=\"450\"><\/div><div class=\"l-section-overlay\" style=\"background: rgba(0,0,0,0.54)\"><\/div><div class=\"l-section-h i-cf\"><div class=\"g-cols vc_row type_default valign_top\"><div class=\"vc_col-sm-4 wpb_column vc_column_container\"><div class=\"vc_column-inner\"><div class=\"wpb_wrapper\"><div class=\"w-separator size_medium\"><\/div><div class=\"w-pricing items_1\"><div class=\"w-pricing-item type_default\"><div class=\"w-pricing-item-h\"><div class=\"w-pricing-item-header\"><div class=\"w-pricing-item-title\">Plan Delirio<\/div><div class=\"w-pricing-item-price\">$180.000<small>impuestos incluidos<\/small><\/div><\/div><div class=\"w-pricing-item-footer\"><a class=\"w-btn us-btn-style_3\" href=\"http:\/\/hotelesms.com\/hotel-ms-centenario-cali\/solicitud-de-cotizacion-de-planes\/\"><span class=\"w-btn-label\">RESERVA YA<\/span><\/a><\/div><\/div><\/div><\/div><\/div><\/div><\/div><div class=\"vc_col-sm-8 wpb_column vc_column_container\" style=\"color:#ffffff;\"><div class=\"vc_column-inner color_custom\"><div class=\"wpb_wrapper\"><div class=\"w-tabs style_default switch_click accordion title_atleft icon_chevron iconpos_right \"><div class=\"w-tabs-list items_2\"><div class=\"w-tabs-list-h\"><div class=\"w-tabs-item active defined-active with_icon\"><div class=\"w-tabs-item-h\"><i class=\"fas fa-heart\"><\/i><span class=\"w-tabs-item-title\">Incluye<\/span><\/div><\/div><div class=\"w-tabs-item with_icon\"><div class=\"w-tabs-item-h\"><i class=\"fas fa-exclamation-triangle\"><\/i><span class=\"w-tabs-item-title\">Condiciones<\/span><\/div><\/div><\/div><\/div><div class=\"w-tabs-sections\"><div class=\"w-tabs-sections-h\"><div class=\"w-tabs-section with_icon active\" id=\"1508457467491-05385077-9ed8bcae-c1ad\"><a href=\"#1508457467491-05385077-9ed8bcae-c1ad\" class=\"w-tabs-section-header\"><div class=\"w-tabs-section-header-h\"><i class=\"fas fa-heart\"><\/i><div class=\"w-tabs-section-title\">Incluye<\/div><div class=\"w-tabs-section-control\"><\/div><\/div><\/a><div class=\"w-tabs-section-content\"><div class=\"w-tabs-section-content-h i-cf\"><div class=\"g-cols wpb_row  type_default valign_top vc_inner \"><div class=\"vc_col-sm-8 wpb_column vc_column_container\"><div class=\"vc_column-inner\"><div class=\"wpb_wrapper\">\r\n\t<div class=\"wpb_text_column \">\r\n\t\t<div class=\"wpb_wrapper\">\r\n\t\t\t<p>\u2022 Alojamiento<br \/>\n\u2022 Desayuno tipo Buffet<br \/>\n\u2022 Bebida de Bienvenida<br \/>\n\u2022 10% de descuento sobre boletas de entrada a Delirio.<br \/>\n\u2022 IVA 19%<\/p>\n\r\n\t\t<\/div>\r\n\t<\/div>\r\n<\/div><\/div><\/div><div class=\"vc_col-sm-4 wpb_column vc_column_container\"><div class=\"vc_column-inner\"><div class=\"wpb_wrapper\"><div class=\"w-separator size_medium\"><\/div><\/div><\/div><\/div><\/div><\/div><\/div><\/div><div class=\"w-tabs-section with_icon\" id=\"1508457467645-a13124ab-2e71bcae-c1ad\"><a href=\"#1508457467645-a13124ab-2e71bcae-c1ad\" class=\"w-tabs-section-header\"><div class=\"w-tabs-section-header-h\"><i class=\"fas fa-exclamation-triangle\"><\/i><div class=\"w-tabs-section-title\">Condiciones<\/div><div class=\"w-tabs-section-control\"><\/div><\/div><\/a><div class=\"w-tabs-section-content\"><div class=\"w-tabs-section-content-h i-cf\">\r\n\t<div class=\"wpb_text_column \">\r\n\t\t<div class=\"wpb_wrapper\">\r\n\t\t\t<p><strong>No Incluye:<\/strong><\/p>\n<p>\u2022 Seguro Hotelero<br \/>\n\u2022 Gastos no especificados en el plan<\/p>\n<p><strong>Condiciones:<\/strong><\/p>\n<p>\u2022 El plan debe encontrarse pago en su totalidad 24 horas antes del check-in<br \/>\n\u2022 No se reembolsa dinero<br \/>\n\u2022 Sujeto a disponibilidad del hotel<\/p>\n\r\n\t\t<\/div>\r\n\t<\/div>\r\n<\/div><\/div><\/div><\/div><\/div><\/div><\/div><\/div><\/div><div class=\"vc_col-sm-12 wpb_column vc_column_container\"><div class=\"vc_column-inner\"><div class=\"wpb_wrapper\"><div class=\"w-separator size_medium\"><\/div><div class=\"w-sharing type_outlined align_center color_default\" style=\"font-size:1.2rem;\"><div class=\"w-sharing-list\" data-sharing-url=\"https:\/\/dev.hotelesms.com\/hotel-ms-centenario-cali\/hotel-ms-centenario-cali\/wp-json\/wp\/v2\/pages\/944\" data-sharing-image=\"\"><a class=\"w-sharing-item email\" href=\"javascript:void(0)\" title=\"Env\u00edalo por mail\" aria-label=\"Env\u00edalo por mail\"><span class=\"w-sharing-icon\"><\/span><\/a><a class=\"w-sharing-item facebook\" href=\"javascript:void(0)\" title=\"Comparte esto\" aria-label=\"Comparte esto\"><span class=\"w-sharing-icon\"><\/span><\/a><a class=\"w-sharing-item twitter\" href=\"javascript:void(0)\" title=\"Twittear\" aria-label=\"Twittear\"><span class=\"w-sharing-icon\"><\/span><\/a><a class=\"w-sharing-item pinterest\" href=\"javascript:void(0)\" title=\"Pin\u00e9alo\" aria-label=\"Pin\u00e9alo\"><span class=\"w-sharing-icon\"><\/span><\/a><\/div><\/div><\/div><\/div><\/div><\/div><\/div><\/section>\n","protected":false},"excerpt":{"rendered":"","protected":false},"author":4,"featured_media":947,"parent":0,"menu_order":0,"comment_status":"closed","ping_status":"closed","template":"","meta":[],"_links":{"self":[{"href":"https:\/\/dev.hotelesms.com\/hotel-ms-centenario-cali\/wp-json\/wp\/v2\/pages\/944"}],"collection":[{"href":"https:\/\/dev.hotelesms.com\/hotel-ms-centenario-cali\/wp-json\/wp\/v2\/pages"}],"about":[{"href":"https:\/\/dev.hotelesms.com\/hotel-ms-centenario-cali\/wp-json\/wp\/v2\/types\/page"}],"author":[{"embeddable":true,"href":"https:\/\/dev.hotelesms.com\/hotel-ms-centenario-cali\/wp-json\/wp\/v2\/users\/4"}],"replies":[{"embeddable":true,"href":"https:\/\/dev.hotelesms.com\/hotel-ms-centenario-cali\/wp-json\/wp\/v2\/comments?post=944"}],"version-history":[{"count":10,"href":"https:\/\/dev.hotelesms.com\/hotel-ms-centenario-cali\/wp-json\/wp\/v2\/pages\/944\/revisions"}],"predecessor-version":[{"id":1121,"href":"https:\/\/dev.hotelesms.com\/hotel-ms-centenario-cali\/wp-json\/wp\/v2\/pages\/944\/revisions\/1121"}],"wp:featuredmedia":[{"embeddable":true,"href":"https:\/\/dev.hotelesms.com\/hotel-ms-centenario-cali\/wp-json\/wp\/v2\/media\/947"}],"wp:attachment":[{"href":"https:\/\/dev.hotelesms.com\/hotel-ms-centenario-cali\/wp-json\/wp\/v2\/media?parent=944"}],"curies":[{"name":"wp","href":"https:\/\/api.w.org\/{rel}","templated":true}]}}