{"id":359,"date":"2017-09-13T19:18:33","date_gmt":"2017-09-13T19:18:33","guid":{"rendered":"https:\/\/dev.hotelesms.com\/ms-2\/?page_id=359"},"modified":"2020-01-13T16:40:48","modified_gmt":"2020-01-13T21:40:48","slug":"restaurante","status":"publish","type":"page","link":"https:\/\/dev.hotelesms.com\/hotel-pacifico-chipichape\/restaurante\/","title":{"rendered":"Restaurante"},"content":{"rendered":"<section class=\"l-section wpb_row height_auto width_full\"><div class=\"l-section-h i-cf\"><div class=\"g-cols vc_row type_default valign_top\"><div class=\"vc_col-sm-12 wpb_column vc_column_container\"><div class=\"vc_column-inner\"><div class=\"wpb_wrapper\">[rev_slider_vc alias=&#8221;restaurante-101&#8243;]<\/div><\/div><\/div><\/div><\/div><\/section><section class=\"l-section wpb_row height_medium color_alternate\"><div class=\"l-section-h i-cf\"><div class=\"g-cols vc_row type_default valign_top\"><div class=\"vc_col-sm-2 wpb_column vc_column_container\"><div class=\"vc_column-inner\"><div class=\"wpb_wrapper\"><div class=\"w-separator size_medium\"><\/div><\/div><\/div><\/div><div class=\"vc_col-sm-8 wpb_column vc_column_container\"><div class=\"vc_column-inner\"><div class=\"wpb_wrapper\">\r\n\t<div class=\"wpb_text_column \">\r\n\t\t<div class=\"wpb_wrapper\">\r\n\t\t\t<h2 style=\"text-align: center;\">Exquisitos sabores para comenzar el d\u00eda con energ\u00eda<\/h2>\n<p style=\"font-size: 18px; text-align: center;\">En el restaurante del Hotel MS Pac\u00edfico Chipichape Plus ofrecemos un exquisito desayuno para comenzar el d\u00eda con la mayor energ\u00eda. Ofrecemos adem\u00e1s unas sabrosas tardes cale\u00f1as: pan de bono y lulada para disfrutar del viento cale\u00f1o de las tardes.<\/p>\n\r\n\t\t<\/div>\r\n\t<\/div>\r\n<div class=\"w-sharing type_outlined align_center color_default\" style=\"font-size:1.2rem;\"><div class=\"w-sharing-list\" data-sharing-url=\"https:\/\/dev.hotelesms.com\/hotel-pacifico-chipichape\/hotel-pacifico-chipichape\/wp-json\/wp\/v2\/pages\/359\" data-sharing-image=\"\"><a class=\"w-sharing-item email\" href=\"javascript:void(0)\" title=\"Env\u00edalo por mail\" aria-label=\"Env\u00edalo por mail\"><span class=\"w-sharing-icon\"><\/span><\/a><a class=\"w-sharing-item facebook\" href=\"javascript:void(0)\" title=\"Comparte esto\" aria-label=\"Comparte esto\"><span class=\"w-sharing-icon\"><\/span><\/a><a class=\"w-sharing-item twitter\" href=\"javascript:void(0)\" title=\"Twittear\" aria-label=\"Twittear\"><span class=\"w-sharing-icon\"><\/span><\/a><a class=\"w-sharing-item pinterest\" href=\"javascript:void(0)\" title=\"Pin\u00e9alo\" aria-label=\"Pin\u00e9alo\"><span class=\"w-sharing-icon\"><\/span><\/a><\/div><\/div><\/div><\/div><\/div><div class=\"vc_col-sm-2 wpb_column vc_column_container\"><div class=\"vc_column-inner\"><div class=\"wpb_wrapper\"><\/div><\/div><\/div><\/div><\/div><\/section><section class=\"l-section wpb_row height_small with_img\"><div class=\"l-section-img\" style=\"background-image: url(https:\/\/dev.hotelesms.com\/hotel-pacifico-chipichape\/wp-content\/uploads\/sites\/5\/2017\/07\/Fotolia_95337251_Subscription_Monthly_M.jpg);\" data-img-width=\"1691\" data-img-height=\"1123\"><\/div><div class=\"l-section-h i-cf\"><div class=\"g-cols vc_row type_default valign_top\"><div class=\"vc_col-sm-6 wpb_column vc_column_container\"><div class=\"vc_column-inner\"><div class=\"wpb_wrapper\"><div class=\"w-separator size_small with_line width_30 thick_1 style_solid color_border align_center with_content\"><div class=\"w-separator-h\"><i class=\"fas fa-utensils\"><\/i><\/div><\/div>\r\n\t<div class=\"wpb_text_column \">\r\n\t\t<div class=\"wpb_wrapper\">\r\n\t\t\t<h4 style=\"text-align: center;\"><strong>Nuestros Restaurante<\/strong> en Hotel MS Pac\u00edfico Chipichape Plus crea <span class=\"highlight highlight_primary\">momentos especiales<\/span><\/h4>\n\r\n\t\t<\/div>\r\n\t<\/div>\r\n<div class=\"w-separator size_small\"><\/div><div class=\"w-btn-wrapper width_auto align_center\"><a class=\"w-btn us-btn-style_4\" href=\"https:\/\/hotelesms.com\/hotel-pacifico-chipichape\/solicitud-de-reserva-de-restaurante\/\"><span class=\"w-btn-label\">\u00a1Cont\u00e1ctanos!<\/span><\/a><\/div><\/div><\/div><\/div><div class=\"vc_col-sm-6 wpb_column vc_column_container\"><div class=\"vc_column-inner\"><div class=\"wpb_wrapper\"><div class=\"w-separator size_medium\"><\/div><div class=\"w-separator size_medium\"><\/div><\/div><\/div><\/div><\/div><\/div><\/section><section class=\"l-section wpb_row height_medium color_primary with_img with_overlay\"><div class=\"l-section-img\" style=\"background-image: url(https:\/\/dev.hotelesms.com\/hotel-pacifico-chipichape\/wp-content\/uploads\/sites\/5\/2017\/09\/desayuno-sepia.jpg);background-position: top center;\" data-img-width=\"1240\" data-img-height=\"600\"><\/div><div class=\"l-section-overlay\" style=\"background: rgba(0,0,0,0.42)\"><\/div><div class=\"l-section-h i-cf\"><div class=\"g-cols vc_row type_default valign_top\"><div class=\"vc_col-sm-12 wpb_column vc_column_container\"><div class=\"vc_column-inner\"><div class=\"wpb_wrapper\"><div class=\"g-cols wpb_row  type_default valign_top vc_inner \"><div class=\"vc_col-sm-3 wpb_column vc_column_container\"><div class=\"vc_column-inner\"><div class=\"wpb_wrapper\">\r\n\t<div class=\"wpb_text_column \">\r\n\t\t<div class=\"wpb_wrapper\">\r\n\t\t\t<h4>Si eres hu\u00e9sped del\u00a0<strong>Hotel MS Pac\u00edfico Chipichape Plus<\/strong> ten en cuenta<\/h4>\n\r\n\t\t<\/div>\r\n\t<\/div>\r\n<\/div><\/div><\/div><div class=\"vc_col-sm-6 wpb_column vc_column_container\"><div class=\"vc_column-inner\"><div class=\"wpb_wrapper\">\r\n\t<div class=\"wpb_text_column \">\r\n\t\t<div class=\"wpb_wrapper\">\r\n\t\t\t<blockquote><p>\nEl desayuno incluido para nuestros hu\u00e9spedes siempre es un factor que sorprende por su especial gusto, calidad y variedad. Siempre tendr\u00e1 a disposici\u00f3n tres tipos de fruta, tres tipos de jugo, varias calidades de pan, huevos del d\u00eda, charcuter\u00eda, cereal y panader\u00eda especial de la regi\u00f3n.\n<\/p><\/blockquote>\n\r\n\t\t<\/div>\r\n\t<\/div>\r\n<\/div><\/div><\/div><div class=\"vc_col-sm-3 wpb_column vc_column_container\" style=\"color:#000000;\"><div class=\"vc_column-inner color_custom\"><div class=\"wpb_wrapper\"><div class=\"aio-icon-component    style_1\"><div id=\"Info-box-wrap-3894\" class=\"aio-icon-box default-icon\" style=\"\"  ><div class=\"aio-icon-default\"><div class=\"ult-just-icon-wrapper  \"><div class=\"align-icon\" style=\"text-align:center;\">\n<div class=\"aio-icon none \" data-animation=\"pulse\" data-animation-delay=\"03\" style=\"color:#b71e28;font-size:36px;display:inline-block;\">\n\t<i class=\"Defaults-clock-o\"><\/i>\n<\/div><\/div><\/div><\/div><div class=\"aio-icon-header\" ><h3 class=\"aio-icon-title ult-responsive\"  data-ultimate-target='#Info-box-wrap-3894 .aio-icon-title'  data-responsive-json-new='{\"font-size\":\"\",\"line-height\":\"\"}'  style=\"color:#ffffff;\">Desayunos<\/h3><\/div> <!-- header --><div class=\"aio-icon-description ult-responsive\"  data-ultimate-target='#Info-box-wrap-3894 .aio-icon-description'  data-responsive-json-new='{\"font-size\":\"\",\"line-height\":\"\"}'  style=\"color:#ffffff;\">\n<p style=\"text-align: left;\"><strong>De lunes a viernes<\/strong><br \/>\n6:00 a.m a 9:00 a.m<br \/>\n<strong>Fines de semana<\/strong><br \/>\n6:00 a.m a 10:00 a.m<\/p>\n<\/div> <!-- description --><\/div> <!-- aio-icon-box --><\/div> <!-- aio-icon-component --><\/div><\/div><\/div><\/div><\/div><\/div><\/div><\/div><\/div><\/section><section class=\"l-section wpb_row height_small color_custom\" style=\"background: #d1d1d1;\"><div class=\"l-section-h i-cf\"><div class=\"g-cols vc_row type_default valign_top\"><div class=\"vc_col-sm-2 wpb_column vc_column_container\"><div class=\"vc_column-inner\"><div class=\"wpb_wrapper\"><div class=\"w-separator size_medium\"><\/div><\/div><\/div><\/div><div class=\"vc_col-sm-8 wpb_column vc_column_container\"><div class=\"vc_column-inner\"><div class=\"wpb_wrapper\"><div class=\"w-actionbox color_custom controls_bottom vc_custom_1578951630564\" style=\"background:#d1d1d1;color:#777777;\"><div class=\"w-actionbox-text\"><h5>\u00bfQuieres vivir una experiencia en el Restaurante del Hotel MS Pac\u00edfico Chipichape Plus?<\/h5><\/div><div class=\"w-actionbox-controls\"><a class=\"w-btn us-btn-style_4 icon_atleft\" href=\"https:\/\/hotelesms.com\/hotel-pacifico-chipichape\/solicitud-de-reserva-de-restaurante\/\"><i class=\"fas fa-utensils\"><\/i><span class=\"w-btn-label\">\u00a1SOLICITA UNA RESERVA!<\/span><\/a><\/div><\/div><div class=\"w-separator size_medium\"><\/div><div class=\"w-sharing type_outlined align_center color_default\" style=\"font-size:1.2rem;\"><div class=\"w-sharing-list\" data-sharing-url=\"https:\/\/dev.hotelesms.com\/hotel-pacifico-chipichape\/hotel-pacifico-chipichape\/wp-json\/wp\/v2\/pages\/359\" data-sharing-image=\"\"><a class=\"w-sharing-item email\" href=\"javascript:void(0)\" title=\"Env\u00edalo por mail\" aria-label=\"Env\u00edalo por mail\"><span class=\"w-sharing-icon\"><\/span><\/a><a class=\"w-sharing-item facebook\" href=\"javascript:void(0)\" title=\"Comparte esto\" aria-label=\"Comparte esto\"><span class=\"w-sharing-icon\"><\/span><\/a><a class=\"w-sharing-item twitter\" href=\"javascript:void(0)\" title=\"Twittear\" aria-label=\"Twittear\"><span class=\"w-sharing-icon\"><\/span><\/a><a class=\"w-sharing-item pinterest\" href=\"javascript:void(0)\" title=\"Pin\u00e9alo\" aria-label=\"Pin\u00e9alo\"><span class=\"w-sharing-icon\"><\/span><\/a><\/div><\/div><\/div><\/div><\/div><div class=\"vc_col-sm-2 wpb_column vc_column_container\"><div class=\"vc_column-inner\"><div class=\"wpb_wrapper\"><\/div><\/div><\/div><\/div><\/div><\/section>\n","protected":false},"excerpt":{"rendered":"[rev_slider_vc alias=\"restaurante-101\"] Exquisitos sabores para comenzar el d\u00eda con energ\u00eda En el restaurante del Hotel MS Pac\u00edfico Chipichape Plus ofrecemos un exquisito desayuno para comenzar el d\u00eda con la mayor energ\u00eda. Ofrecemos adem\u00e1s unas sabrosas tardes cale\u00f1as: pan de bono y lulada para disfrutar del viento cale\u00f1o de las tardes. Nuestros Restaurante en Hotel MS...","protected":false},"author":1,"featured_media":0,"parent":0,"menu_order":0,"comment_status":"closed","ping_status":"closed","template":"","meta":[],"_links":{"self":[{"href":"https:\/\/dev.hotelesms.com\/hotel-pacifico-chipichape\/wp-json\/wp\/v2\/pages\/359"}],"collection":[{"href":"https:\/\/dev.hotelesms.com\/hotel-pacifico-chipichape\/wp-json\/wp\/v2\/pages"}],"about":[{"href":"https:\/\/dev.hotelesms.com\/hotel-pacifico-chipichape\/wp-json\/wp\/v2\/types\/page"}],"author":[{"embeddable":true,"href":"https:\/\/dev.hotelesms.com\/hotel-pacifico-chipichape\/wp-json\/wp\/v2\/users\/1"}],"replies":[{"embeddable":true,"href":"https:\/\/dev.hotelesms.com\/hotel-pacifico-chipichape\/wp-json\/wp\/v2\/comments?post=359"}],"version-history":[{"count":53,"href":"https:\/\/dev.hotelesms.com\/hotel-pacifico-chipichape\/wp-json\/wp\/v2\/pages\/359\/revisions"}],"predecessor-version":[{"id":1217,"href":"https:\/\/dev.hotelesms.com\/hotel-pacifico-chipichape\/wp-json\/wp\/v2\/pages\/359\/revisions\/1217"}],"wp:attachment":[{"href":"https:\/\/dev.hotelesms.com\/hotel-pacifico-chipichape\/wp-json\/wp\/v2\/media?parent=359"}],"curies":[{"name":"wp","href":"https:\/\/api.w.org\/{rel}","templated":true}]}}