{"id":947,"date":"2018-05-04T18:57:41","date_gmt":"2018-05-04T18:57:41","guid":{"rendered":"https:\/\/dev.hotelesms.com\/hotel-valle-del-pacifico-cali\/?page_id=947"},"modified":"2020-02-10T14:00:38","modified_gmt":"2020-02-10T19:00:38","slug":"plan-noche-de-bodas","status":"publish","type":"page","link":"https:\/\/dev.hotelesms.com\/hotel-pacifico-chipichape\/plan-noche-de-bodas\/","title":{"rendered":"Plan Noche de Bodas"},"content":{"rendered":"<section class=\"l-section wpb_row height_auto width_full\"><div class=\"l-section-h i-cf\"><div class=\"g-cols vc_row type_default valign_top\"><div class=\"vc_col-sm-12 wpb_column vc_column_container\"><div class=\"vc_column-inner\"><div class=\"wpb_wrapper\">[rev_slider_vc alias=&#8221;plan-noche-de-bodas&#8221;]<\/div><\/div><\/div><\/div><\/div><\/section><section class=\"l-section wpb_row height_small\"><div class=\"l-section-h i-cf\"><div class=\"g-cols vc_row type_default valign_top\"><div class=\"vc_col-sm-8 wpb_column vc_column_container\"><div class=\"vc_column-inner\"><div class=\"wpb_wrapper\">\r\n\t<div class=\"wpb_text_column \">\r\n\t\t<div class=\"wpb_wrapper\">\r\n\t\t\t<h1>Plan Noche de Bodas<\/h1>\n<p>\u00bfSe acerca la noche m\u00e1s importante del resto de tu vida? \u00bfQuieres celebrar el amor a trav\u00e9s de los votos nupciales y que todos los detalles sean inolvidables? En el Hotel MS Pac\u00edfico Chipichape puedes gozar de una bella habitaci\u00f3n decorada con finos y rom\u00e1nticos detalles.<\/p>\n\r\n\t\t<\/div>\r\n\t<\/div>\r\n<div class=\"w-sharing type_outlined align_left color_default\" style=\"font-size:1.2rem;\"><div class=\"w-sharing-list\" data-sharing-url=\"https:\/\/dev.hotelesms.com\/hotel-pacifico-chipichape\/hotel-pacifico-chipichape\/wp-json\/wp\/v2\/pages\/947\" data-sharing-image=\"https:\/\/dev.hotelesms.com\/hotel-pacifico-chipichape\/wp-content\/uploads\/sites\/5\/2018\/05\/valledelpacifico-Bodas-MS.jpg\"><a class=\"w-sharing-item email\" href=\"javascript:void(0)\" title=\"Env\u00edalo por mail\" aria-label=\"Env\u00edalo por mail\"><span class=\"w-sharing-icon\"><\/span><\/a><a class=\"w-sharing-item facebook\" href=\"javascript:void(0)\" title=\"Comparte esto\" aria-label=\"Comparte esto\"><span class=\"w-sharing-icon\"><\/span><\/a><a class=\"w-sharing-item twitter\" href=\"javascript:void(0)\" title=\"Twittear\" aria-label=\"Twittear\"><span class=\"w-sharing-icon\"><\/span><\/a><a class=\"w-sharing-item pinterest\" href=\"javascript:void(0)\" title=\"Pin\u00e9alo\" aria-label=\"Pin\u00e9alo\"><span class=\"w-sharing-icon\"><\/span><\/a><\/div><\/div><\/div><\/div><\/div><div class=\"vc_col-sm-4 wpb_column vc_column_container\"><div class=\"vc_column-inner\"><div class=\"wpb_wrapper\"><div class=\"w-pricing items_1\"><div class=\"w-pricing-item type_default\"><div class=\"w-pricing-item-h\"><div class=\"w-pricing-item-header\"><div class=\"w-pricing-item-title\">Noche de Bodas<\/div><div class=\"w-pricing-item-price\">$300.000<small>impuestos incluidos<\/small><\/div><\/div><div class=\"w-pricing-item-footer\"><a class=\"w-btn us-btn-style_3\" href=\"http:\/\/hotelesms.com\/hotel-pacifico-chipichape\/solicitud-de-cotizacion-de-planes\/\"><span class=\"w-btn-label\">RESERVA YA<\/span><\/a><\/div><\/div><\/div><\/div><\/div><\/div><\/div><\/div><\/div><\/section><section class=\"l-section wpb_row height_auto width_full\"><div class=\"l-section-h i-cf\"><div class=\"g-cols vc_row type_default valign_top\"><div class=\"vc_col-sm-12 wpb_column vc_column_container\"><div class=\"vc_column-inner\"><div class=\"wpb_wrapper\"><div class=\"w-grid type_grid layout_gallery_default cols_6\" id=\"us_grid_1\"><style id=\"us_grid_1_css\">#us_grid_1 .w-grid-item{padding:4px}#us_grid_1 .w-grid-list{margin:-4px}.w-grid + #us_grid_1 .w-grid-list{margin-top:4px}.l-section.width_full>div>div>.vc_col-sm-12>div>div>#us_grid_1 .w-grid-list{margin-left:4px;margin-right:4px}.l-section.height_auto>div>div>.vc_col-sm-12>div>div>#us_grid_1:first-child .w-grid-list{margin-top:4px}.l-section.height_auto>div>div>.vc_col-sm-12>div>div>#us_grid_1:last-child .w-grid-list{margin-bottom:4px}@media (max-width:767px){#us_grid_1 .w-grid-item{width:25%}}@media (max-width:479px){#us_grid_1 .w-grid-item{width:50%}}<\/style><style>#us_grid_1 .w-grid-item-h{}#us_grid_1 .usg_post_image_1{}#us_grid_1 .usg_post_image_1{transition-duration:0.3s;transform:scale(1) translate(0,0)}#us_grid_1 .w-grid-item-h:hover .usg_post_image_1{transform:scale(1) translate(0,0);opacity:0.5}<\/style><div class=\"w-grid-list\"><article class=\"w-grid-item ratio_1x1 post-791 attachment type-attachment status-inherit hentry\" data-id=\"791\">\r\n\t<div class=\"w-grid-item-h\">\r\n\t\t\t\t\t<a class=\"w-grid-item-anchor\" href=\"https:\/\/dev.hotelesms.com\/hotel-pacifico-chipichape\/wp-content\/uploads\/sites\/5\/2017\/07\/DSC_0735.jpg\" ref=\"magnificPopupGrid\" title=\"Conozca el nuevo Hotel MS Valle del Pac\u00edfico, Hotel en Cali y descubre el m\u00e1s reciente hotel abierto en el norte de Cali.\"><\/a>\r\n\t\t\t\t<div class=\"w-post-elm post_image usg_post_image_1 stretched\"><img width=\"350\" height=\"350\" src=\"https:\/\/dev.hotelesms.com\/hotel-pacifico-chipichape\/wp-content\/uploads\/sites\/5\/2017\/07\/DSC_0735-350x350.jpg\" class=\"attachment-us_350_350_crop size-us_350_350_crop\" alt=\"\" loading=\"lazy\" srcset=\"https:\/\/dev.hotelesms.com\/hotel-pacifico-chipichape\/wp-content\/uploads\/sites\/5\/2017\/07\/DSC_0735-350x350.jpg 350w, https:\/\/dev.hotelesms.com\/hotel-pacifico-chipichape\/wp-content\/uploads\/sites\/5\/2017\/07\/DSC_0735-150x150.jpg 150w\" sizes=\"(max-width: 350px) 100vw, 350px\" \/><\/div>\t<\/div>\r\n<\/article>\r\n<article class=\"w-grid-item ratio_1x1 post-795 attachment type-attachment status-inherit hentry\" data-id=\"795\">\r\n\t<div class=\"w-grid-item-h\">\r\n\t\t\t\t\t<a class=\"w-grid-item-anchor\" href=\"https:\/\/dev.hotelesms.com\/hotel-pacifico-chipichape\/wp-content\/uploads\/sites\/5\/2017\/07\/VP-Banner-habitaciones.jpg\" ref=\"magnificPopupGrid\" title=\"VP-Banner-habitaciones\"><\/a>\r\n\t\t\t\t<div class=\"w-post-elm post_image usg_post_image_1 stretched\"><img width=\"350\" height=\"350\" src=\"https:\/\/dev.hotelesms.com\/hotel-pacifico-chipichape\/wp-content\/uploads\/sites\/5\/2017\/07\/VP-Banner-habitaciones-350x350.jpg\" class=\"attachment-us_350_350_crop size-us_350_350_crop\" alt=\"\" loading=\"lazy\" srcset=\"https:\/\/dev.hotelesms.com\/hotel-pacifico-chipichape\/wp-content\/uploads\/sites\/5\/2017\/07\/VP-Banner-habitaciones-350x350.jpg 350w, https:\/\/dev.hotelesms.com\/hotel-pacifico-chipichape\/wp-content\/uploads\/sites\/5\/2017\/07\/VP-Banner-habitaciones-150x150.jpg 150w, https:\/\/dev.hotelesms.com\/hotel-pacifico-chipichape\/wp-content\/uploads\/sites\/5\/2017\/07\/VP-Banner-habitaciones-600x600.jpg 600w\" sizes=\"(max-width: 350px) 100vw, 350px\" \/><\/div>\t<\/div>\r\n<\/article>\r\n<article class=\"w-grid-item ratio_1x1 post-788 attachment type-attachment status-inherit hentry\" data-id=\"788\">\r\n\t<div class=\"w-grid-item-h\">\r\n\t\t\t\t\t<a class=\"w-grid-item-anchor\" href=\"https:\/\/dev.hotelesms.com\/hotel-pacifico-chipichape\/wp-content\/uploads\/sites\/5\/2017\/07\/DSC_0769.jpg\" ref=\"magnificPopupGrid\" title=\"Conozca el nuevo Hotel MS Valle del Pac\u00edfico, Hotel en Cali y descubre el m\u00e1s reciente hotel abierto en el norte de Cali.\"><\/a>\r\n\t\t\t\t<div class=\"w-post-elm post_image usg_post_image_1 stretched\"><img width=\"350\" height=\"350\" src=\"https:\/\/dev.hotelesms.com\/hotel-pacifico-chipichape\/wp-content\/uploads\/sites\/5\/2017\/07\/DSC_0769-350x350.jpg\" class=\"attachment-us_350_350_crop size-us_350_350_crop\" alt=\"\" loading=\"lazy\" srcset=\"https:\/\/dev.hotelesms.com\/hotel-pacifico-chipichape\/wp-content\/uploads\/sites\/5\/2017\/07\/DSC_0769-350x350.jpg 350w, https:\/\/dev.hotelesms.com\/hotel-pacifico-chipichape\/wp-content\/uploads\/sites\/5\/2017\/07\/DSC_0769-150x150.jpg 150w, https:\/\/dev.hotelesms.com\/hotel-pacifico-chipichape\/wp-content\/uploads\/sites\/5\/2017\/07\/DSC_0769-600x600.jpg 600w\" sizes=\"(max-width: 350px) 100vw, 350px\" \/><\/div>\t<\/div>\r\n<\/article>\r\n<article class=\"w-grid-item ratio_1x1 post-794 attachment type-attachment status-inherit hentry\" data-id=\"794\">\r\n\t<div class=\"w-grid-item-h\">\r\n\t\t\t\t\t<a class=\"w-grid-item-anchor\" href=\"https:\/\/dev.hotelesms.com\/hotel-pacifico-chipichape\/wp-content\/uploads\/sites\/5\/2017\/07\/VP-banner-habitaciones2.jpg\" ref=\"magnificPopupGrid\" title=\"VP-banner-habitaciones2\"><\/a>\r\n\t\t\t\t<div class=\"w-post-elm post_image usg_post_image_1 stretched\"><img width=\"350\" height=\"350\" src=\"https:\/\/dev.hotelesms.com\/hotel-pacifico-chipichape\/wp-content\/uploads\/sites\/5\/2017\/07\/VP-banner-habitaciones2-350x350.jpg\" class=\"attachment-us_350_350_crop size-us_350_350_crop\" alt=\"\" loading=\"lazy\" srcset=\"https:\/\/dev.hotelesms.com\/hotel-pacifico-chipichape\/wp-content\/uploads\/sites\/5\/2017\/07\/VP-banner-habitaciones2-350x350.jpg 350w, https:\/\/dev.hotelesms.com\/hotel-pacifico-chipichape\/wp-content\/uploads\/sites\/5\/2017\/07\/VP-banner-habitaciones2-150x150.jpg 150w, https:\/\/dev.hotelesms.com\/hotel-pacifico-chipichape\/wp-content\/uploads\/sites\/5\/2017\/07\/VP-banner-habitaciones2-600x600.jpg 600w\" sizes=\"(max-width: 350px) 100vw, 350px\" \/><\/div>\t<\/div>\r\n<\/article>\r\n<article class=\"w-grid-item ratio_1x1 post-919 attachment type-attachment status-inherit hentry\" data-id=\"919\">\r\n\t<div class=\"w-grid-item-h\">\r\n\t\t\t\t\t<a class=\"w-grid-item-anchor\" href=\"https:\/\/dev.hotelesms.com\/hotel-pacifico-chipichape\/wp-content\/uploads\/sites\/5\/2017\/07\/CAM_1934-Editar-2.jpg\" ref=\"magnificPopupGrid\" title=\"CAM_1934-Editar-2\"><\/a>\r\n\t\t\t\t<div class=\"w-post-elm post_image usg_post_image_1 stretched\"><img width=\"350\" height=\"350\" src=\"https:\/\/dev.hotelesms.com\/hotel-pacifico-chipichape\/wp-content\/uploads\/sites\/5\/2017\/07\/CAM_1934-Editar-2-350x350.jpg\" class=\"attachment-us_350_350_crop size-us_350_350_crop\" alt=\"\" loading=\"lazy\" srcset=\"https:\/\/dev.hotelesms.com\/hotel-pacifico-chipichape\/wp-content\/uploads\/sites\/5\/2017\/07\/CAM_1934-Editar-2-350x350.jpg 350w, https:\/\/dev.hotelesms.com\/hotel-pacifico-chipichape\/wp-content\/uploads\/sites\/5\/2017\/07\/CAM_1934-Editar-2-150x150.jpg 150w, https:\/\/dev.hotelesms.com\/hotel-pacifico-chipichape\/wp-content\/uploads\/sites\/5\/2017\/07\/CAM_1934-Editar-2-600x600.jpg 600w\" sizes=\"(max-width: 350px) 100vw, 350px\" \/><\/div>\t<\/div>\r\n<\/article>\r\n<article class=\"w-grid-item ratio_1x1 post-920 attachment type-attachment status-inherit hentry\" data-id=\"920\">\r\n\t<div class=\"w-grid-item-h\">\r\n\t\t\t\t\t<a class=\"w-grid-item-anchor\" href=\"https:\/\/dev.hotelesms.com\/hotel-pacifico-chipichape\/wp-content\/uploads\/sites\/5\/2017\/07\/CAM_1956-Editar-2.jpg\" ref=\"magnificPopupGrid\" title=\"CAM_1956-Editar-2\"><\/a>\r\n\t\t\t\t<div class=\"w-post-elm post_image usg_post_image_1 stretched\"><img width=\"350\" height=\"350\" src=\"https:\/\/dev.hotelesms.com\/hotel-pacifico-chipichape\/wp-content\/uploads\/sites\/5\/2017\/07\/CAM_1956-Editar-2-350x350.jpg\" class=\"attachment-us_350_350_crop size-us_350_350_crop\" alt=\"\" loading=\"lazy\" srcset=\"https:\/\/dev.hotelesms.com\/hotel-pacifico-chipichape\/wp-content\/uploads\/sites\/5\/2017\/07\/CAM_1956-Editar-2-350x350.jpg 350w, https:\/\/dev.hotelesms.com\/hotel-pacifico-chipichape\/wp-content\/uploads\/sites\/5\/2017\/07\/CAM_1956-Editar-2-150x150.jpg 150w, https:\/\/dev.hotelesms.com\/hotel-pacifico-chipichape\/wp-content\/uploads\/sites\/5\/2017\/07\/CAM_1956-Editar-2-600x600.jpg 600w\" sizes=\"(max-width: 350px) 100vw, 350px\" \/><\/div>\t<\/div>\r\n<\/article>\r\n<\/div>\t<div class=\"w-grid-json hidden\" onclick='return {&quot;ajax_url&quot;:&quot;https:\\\/\\\/dev.hotelesms.com\\\/hotel-pacifico-chipichape\\\/wp-admin\\\/admin-ajax.php&quot;,&quot;permalink_url&quot;:&quot;https:\\\/\\\/dev.hotelesms.com\\\/hotel-pacifico-chipichape\\\/cam_1956-editar-2\\\/&quot;,&quot;action&quot;:&quot;us_ajax_grid&quot;,&quot;max_num_pages&quot;:1,&quot;infinite_scroll&quot;:0,&quot;template_vars&quot;:{&quot;query_args&quot;:{&quot;post_type&quot;:[&quot;attachment&quot;],&quot;post__in&quot;:[&quot;791&quot;,&quot;795&quot;,&quot;788&quot;,&quot;794&quot;,&quot;919&quot;,&quot;920&quot;],&quot;post_status&quot;:&quot;inherit&quot;,&quot;post_mime_type&quot;:&quot;image&quot;,&quot;orderby&quot;:{&quot;post__in&quot;:&quot;ASC&quot;},&quot;posts_per_page&quot;:999},&quot;post_id&quot;:947,&quot;us_grid_index&quot;:1,&quot;us_grid_ajax_index&quot;:1,&quot;exclude_items&quot;:&quot;none&quot;,&quot;items_offset&quot;:&quot;1&quot;,&quot;items_layout&quot;:&quot;gallery_default&quot;,&quot;type&quot;:&quot;grid&quot;,&quot;columns&quot;:&quot;6&quot;,&quot;img_size&quot;:&quot;us_350_350_crop&quot;,&quot;overriding_link&quot;:&quot;popup_post_image&quot;}}'><\/div>\r\n<\/div><\/div><\/div><\/div><\/div><\/div><\/section><section class=\"l-section wpb_row height_medium with_img with_overlay\"><div class=\"l-section-img\" style=\"background-image: url(https:\/\/dev.hotelesms.com\/hotel-pacifico-chipichape\/wp-content\/uploads\/sites\/5\/2018\/05\/bodas-sepia.jpg);\" data-img-width=\"608\" data-img-height=\"450\"><\/div><div class=\"l-section-overlay\" style=\"background: rgba(0,0,0,0.54)\"><\/div><div class=\"l-section-h i-cf\"><div class=\"g-cols vc_row type_default valign_top\"><div class=\"vc_col-sm-4 wpb_column vc_column_container\"><div class=\"vc_column-inner\"><div class=\"wpb_wrapper\"><div class=\"w-separator size_medium\"><\/div><div class=\"w-pricing items_1\"><div class=\"w-pricing-item type_default\"><div class=\"w-pricing-item-h\"><div class=\"w-pricing-item-header\"><div class=\"w-pricing-item-title\">Noche de Bodas<\/div><div class=\"w-pricing-item-price\">$300.000<small>impuestos incluidos<\/small><\/div><\/div><div class=\"w-pricing-item-footer\"><a class=\"w-btn us-btn-style_3\" href=\"http:\/\/hotelesms.com\/hotel-pacifico-chipichape\/solicitud-de-cotizacion-de-planes\/\"><span class=\"w-btn-label\">RESERVA YA<\/span><\/a><\/div><\/div><\/div><\/div><div class=\"w-separator size_medium\"><\/div><\/div><\/div><\/div><div class=\"vc_col-sm-8 wpb_column vc_column_container\" style=\"color:#ffffff;\"><div class=\"vc_column-inner color_custom\"><div class=\"wpb_wrapper\"><div class=\"w-tabs style_default switch_click accordion title_atleft icon_chevron iconpos_right \"><div class=\"w-tabs-list items_2\"><div class=\"w-tabs-list-h\"><div class=\"w-tabs-item active defined-active with_icon\"><div class=\"w-tabs-item-h\"><i class=\"fas fa-heart\"><\/i><span class=\"w-tabs-item-title\">Incluye<\/span><\/div><\/div><div class=\"w-tabs-item with_icon\"><div class=\"w-tabs-item-h\"><i class=\"fas fa-exclamation-triangle\"><\/i><span class=\"w-tabs-item-title\">Condiciones<\/span><\/div><\/div><\/div><\/div><div class=\"w-tabs-sections\"><div class=\"w-tabs-sections-h\"><div class=\"w-tabs-section with_icon active\" id=\"1508457467491-05385077-9ed8\"><a href=\"#1508457467491-05385077-9ed8\" class=\"w-tabs-section-header\"><div class=\"w-tabs-section-header-h\"><i class=\"fas fa-heart\"><\/i><div class=\"w-tabs-section-title\">Incluye<\/div><div class=\"w-tabs-section-control\"><\/div><\/div><\/a><div class=\"w-tabs-section-content\"><div class=\"w-tabs-section-content-h i-cf\"><div class=\"g-cols wpb_row  type_default valign_top vc_inner \"><div class=\"vc_col-sm-6 wpb_column vc_column_container\"><div class=\"vc_column-inner\"><div class=\"wpb_wrapper\">\r\n\t<div class=\"wpb_text_column \">\r\n\t\t<div class=\"wpb_wrapper\">\r\n\t\t\t<p>\u2022 Alojamiento para 2 personas en habitaci\u00f3n Superior<br \/>\n\u2022 Desayuno en la habitaci\u00f3n<br \/>\n\u2022 Bouquet de rosas en la habitaci\u00f3n<br \/>\n\u2022 Decoraci\u00f3n con p\u00e9talos de rosas<\/p>\n\r\n\t\t<\/div>\r\n\t<\/div>\r\n<\/div><\/div><\/div><div class=\"vc_col-sm-6 wpb_column vc_column_container\"><div class=\"vc_column-inner\"><div class=\"wpb_wrapper\">\r\n\t<div class=\"wpb_text_column \">\r\n\t\t<div class=\"wpb_wrapper\">\r\n\t\t\t<p>\u2022 Tabla de quesos<br \/>\n\u2022 Acceso a zonas h\u00famedas del hotel<br \/>\n\u2022 IVA 19%<\/p>\n\r\n\t\t<\/div>\r\n\t<\/div>\r\n<\/div><\/div><\/div><\/div><\/div><\/div><\/div><div class=\"w-tabs-section with_icon\" id=\"1508457467645-a13124ab-2e71\"><a href=\"#1508457467645-a13124ab-2e71\" class=\"w-tabs-section-header\"><div class=\"w-tabs-section-header-h\"><i class=\"fas fa-exclamation-triangle\"><\/i><div class=\"w-tabs-section-title\">Condiciones<\/div><div class=\"w-tabs-section-control\"><\/div><\/div><\/a><div class=\"w-tabs-section-content\"><div class=\"w-tabs-section-content-h i-cf\">\r\n\t<div class=\"wpb_text_column \">\r\n\t\t<div class=\"wpb_wrapper\">\r\n\t\t\t<p><strong>No Incluye:<\/strong><\/p>\n<p>\u2022 Seguro Hotelero<br \/>\n\u2022 Personas adicionales o ni\u00f1os<br \/>\n\u2022 Gastos no especificados en el plan<\/p>\n<p><strong>Condiciones:<\/strong><\/p>\n<p>\u2022 Aplica para todos los d\u00edas de la semana<br \/>\n\u2022 El plan debe encontrarse pago en su totalidad 24 horas antes del check-in<br \/>\n\u2022 No se reembolsa dinero<br \/>\n\u2022 El plan debe reservarse con m\u00ednimo 2 d\u00edas de anticipaci\u00f3n<br \/>\n\u2022 Sujeto a disponibilidad del hotel<\/p>\n\r\n\t\t<\/div>\r\n\t<\/div>\r\n<\/div><\/div><\/div><\/div><\/div><\/div><\/div><\/div><\/div><div class=\"vc_col-sm-12 wpb_column vc_column_container\"><div class=\"vc_column-inner\"><div class=\"wpb_wrapper\"><div class=\"w-sharing type_outlined align_center color_default\" style=\"font-size:1.2rem;\"><div class=\"w-sharing-list\" data-sharing-url=\"https:\/\/dev.hotelesms.com\/hotel-pacifico-chipichape\/hotel-pacifico-chipichape\/wp-json\/wp\/v2\/pages\/947\" data-sharing-image=\"\"><a class=\"w-sharing-item email\" href=\"javascript:void(0)\" title=\"Env\u00edalo por mail\" aria-label=\"Env\u00edalo por mail\"><span class=\"w-sharing-icon\"><\/span><\/a><a class=\"w-sharing-item facebook\" href=\"javascript:void(0)\" title=\"Comparte esto\" aria-label=\"Comparte esto\"><span class=\"w-sharing-icon\"><\/span><\/a><a class=\"w-sharing-item twitter\" href=\"javascript:void(0)\" title=\"Twittear\" aria-label=\"Twittear\"><span class=\"w-sharing-icon\"><\/span><\/a><a class=\"w-sharing-item pinterest\" href=\"javascript:void(0)\" title=\"Pin\u00e9alo\" aria-label=\"Pin\u00e9alo\"><span class=\"w-sharing-icon\"><\/span><\/a><\/div><\/div><\/div><\/div><\/div><\/div><\/div><\/section>\n","protected":false},"excerpt":{"rendered":"","protected":false},"author":4,"featured_media":949,"parent":0,"menu_order":0,"comment_status":"closed","ping_status":"closed","template":"","meta":[],"_links":{"self":[{"href":"https:\/\/dev.hotelesms.com\/hotel-pacifico-chipichape\/wp-json\/wp\/v2\/pages\/947"}],"collection":[{"href":"https:\/\/dev.hotelesms.com\/hotel-pacifico-chipichape\/wp-json\/wp\/v2\/pages"}],"about":[{"href":"https:\/\/dev.hotelesms.com\/hotel-pacifico-chipichape\/wp-json\/wp\/v2\/types\/page"}],"author":[{"embeddable":true,"href":"https:\/\/dev.hotelesms.com\/hotel-pacifico-chipichape\/wp-json\/wp\/v2\/users\/4"}],"replies":[{"embeddable":true,"href":"https:\/\/dev.hotelesms.com\/hotel-pacifico-chipichape\/wp-json\/wp\/v2\/comments?post=947"}],"version-history":[{"count":12,"href":"https:\/\/dev.hotelesms.com\/hotel-pacifico-chipichape\/wp-json\/wp\/v2\/pages\/947\/revisions"}],"predecessor-version":[{"id":1224,"href":"https:\/\/dev.hotelesms.com\/hotel-pacifico-chipichape\/wp-json\/wp\/v2\/pages\/947\/revisions\/1224"}],"wp:featuredmedia":[{"embeddable":true,"href":"https:\/\/dev.hotelesms.com\/hotel-pacifico-chipichape\/wp-json\/wp\/v2\/media\/949"}],"wp:attachment":[{"href":"https:\/\/dev.hotelesms.com\/hotel-pacifico-chipichape\/wp-json\/wp\/v2\/media?parent=947"}],"curies":[{"name":"wp","href":"https:\/\/api.w.org\/{rel}","templated":true}]}}