{"id":1179,"date":"2021-07-22T09:48:56","date_gmt":"2021-07-22T14:48:56","guid":{"rendered":"https:\/\/dev.hotelesms.com\/ms-chipichape\/?page_id=1179"},"modified":"2021-07-28T16:29:56","modified_gmt":"2021-07-28T21:29:56","slug":"plan-pasadia","status":"publish","type":"page","link":"https:\/\/dev.hotelesms.com\/ms-chipichape\/plan-pasadia\/","title":{"rendered":"Plan Pasad\u00eda"},"content":{"rendered":"<section class=\"l-section wpb_row height_auto width_full\"><div class=\"l-section-h i-cf\"><div class=\"g-cols vc_row type_default valign_top\"><div class=\"vc_col-sm-12 wpb_column vc_column_container\"><div class=\"vc_column-inner\"><div class=\"wpb_wrapper\">[rev_slider_vc alias=&#8221;plan-pasadia&#8221;]<\/div><\/div><\/div><\/div><\/div><\/section><section class=\"l-section wpb_row height_small\"><div class=\"l-section-h i-cf\"><div class=\"g-cols vc_row type_default valign_top\"><div class=\"vc_col-sm-8 wpb_column vc_column_container\"><div class=\"vc_column-inner\"><div class=\"wpb_wrapper\">\r\n\t<div class=\"wpb_text_column \">\r\n\t\t<div class=\"wpb_wrapper\">\r\n\t\t\t<h1>Plan Pasad\u00eda<\/h1>\n<p>\u00a1Pasa un momento espectacular en nuestro hotel!<\/p>\n\r\n\t\t<\/div>\r\n\t<\/div>\r\n<div class=\"w-sharing type_outlined align_left color_default\" style=\"font-size:1.2rem;\"><div class=\"w-sharing-list\" data-sharing-url=\"https:\/\/dev.hotelesms.com\/ms-chipichape\/ms-chipichape\/wp-json\/wp\/v2\/pages\/1179\" data-sharing-image=\"https:\/\/dev.hotelesms.com\/ms-chipichape\/wp-content\/uploads\/sites\/2\/2017\/09\/chipichape-Romance-MS.jpg\"><a class=\"w-sharing-item email\" href=\"javascript:void(0)\" title=\"Env\u00edalo por mail\" aria-label=\"Env\u00edalo por mail\"><span class=\"w-sharing-icon\"><\/span><\/a><a class=\"w-sharing-item facebook\" href=\"javascript:void(0)\" title=\"Comparte esto\" aria-label=\"Comparte esto\"><span class=\"w-sharing-icon\"><\/span><\/a><a class=\"w-sharing-item twitter\" href=\"javascript:void(0)\" title=\"Twittear\" aria-label=\"Twittear\"><span class=\"w-sharing-icon\"><\/span><\/a><a class=\"w-sharing-item pinterest\" href=\"javascript:void(0)\" title=\"Pin\u00e9alo\" aria-label=\"Pin\u00e9alo\"><span class=\"w-sharing-icon\"><\/span><\/a><\/div><\/div><\/div><\/div><\/div><div class=\"vc_col-sm-4 wpb_column vc_column_container\"><div class=\"vc_column-inner\"><div class=\"wpb_wrapper\"><div class=\"w-pricing items_1\"><div class=\"w-pricing-item type_default\"><div class=\"w-pricing-item-h\"><div class=\"w-pricing-item-header\"><div class=\"w-pricing-item-title\">Plan Pasad\u00eda<\/div><div class=\"w-pricing-item-price\">$360.000<\/div><\/div><\/div><\/div><\/div><\/div><\/div><\/div><\/div><\/div><\/section><section class=\"l-section wpb_row height_auto width_full\"><div class=\"l-section-h i-cf\"><div class=\"g-cols vc_row type_default valign_top\"><div class=\"vc_col-sm-12 wpb_column vc_column_container\"><div class=\"vc_column-inner\"><div class=\"wpb_wrapper\"><div class=\"w-grid type_masonry layout_gallery_default cols_6 with_isotope\" id=\"us_grid_1\"><style id=\"us_grid_1_css\">#us_grid_1 .w-grid-item{padding:4px}#us_grid_1 .w-grid-list{margin:-4px}.w-grid + #us_grid_1 .w-grid-list{margin-top:4px}.l-section.width_full>div>div>.vc_col-sm-12>div>div>#us_grid_1 .w-grid-list{margin-left:4px;margin-right:4px}.l-section.height_auto>div>div>.vc_col-sm-12>div>div>#us_grid_1:first-child .w-grid-list{margin-top:4px}.l-section.height_auto>div>div>.vc_col-sm-12>div>div>#us_grid_1:last-child .w-grid-list{margin-bottom:4px}@media (max-width:767px){#us_grid_1 .w-grid-item{width:25%}}@media (max-width:479px){#us_grid_1 .w-grid-item{width:50%}}<\/style><style>#us_grid_1 .w-grid-item-h{}#us_grid_1 .usg_post_image_1{}#us_grid_1 .usg_post_image_1{transition-duration:0.3s;transform:scale(1) translate(0,0)}#us_grid_1 .w-grid-item-h:hover .usg_post_image_1{transform:scale(1) translate(0,0);opacity:0.5}<\/style><div class=\"w-grid-list\"><article class=\"w-grid-item ratio_1x1 post-596 attachment type-attachment status-inherit hentry\" data-id=\"596\">\r\n\t<div class=\"w-grid-item-h\">\r\n\t\t\t\t\t<a class=\"w-grid-item-anchor\" href=\"https:\/\/dev.hotelesms.com\/ms-chipichape\/wp-content\/uploads\/sites\/2\/2017\/07\/DSC_9660.jpg\" ref=\"magnificPopupGrid\" title=\"DSC_9660\"><\/a>\r\n\t\t\t\t<div class=\"w-post-elm post_image usg_post_image_1 stretched\"><img width=\"300\" height=\"200\" src=\"https:\/\/dev.hotelesms.com\/ms-chipichape\/wp-content\/uploads\/sites\/2\/2017\/07\/DSC_9660-300x200.jpg\" class=\"attachment-medium size-medium\" alt=\"\" loading=\"lazy\" srcset=\"https:\/\/dev.hotelesms.com\/ms-chipichape\/wp-content\/uploads\/sites\/2\/2017\/07\/DSC_9660-300x200.jpg 300w, https:\/\/dev.hotelesms.com\/ms-chipichape\/wp-content\/uploads\/sites\/2\/2017\/07\/DSC_9660-768x511.jpg 768w, https:\/\/dev.hotelesms.com\/ms-chipichape\/wp-content\/uploads\/sites\/2\/2017\/07\/DSC_9660.jpg 800w\" sizes=\"(max-width: 300px) 100vw, 300px\" \/><\/div>\t<\/div>\r\n<\/article>\r\n<article class=\"w-grid-item ratio_1x1 post-601 attachment type-attachment status-inherit hentry\" data-id=\"601\">\r\n\t<div class=\"w-grid-item-h\">\r\n\t\t\t\t\t<a class=\"w-grid-item-anchor\" href=\"https:\/\/dev.hotelesms.com\/ms-chipichape\/wp-content\/uploads\/sites\/2\/2017\/07\/DSC_9788.jpg\" ref=\"magnificPopupGrid\" title=\"DSC_9788\"><\/a>\r\n\t\t\t\t<div class=\"w-post-elm post_image usg_post_image_1 stretched\"><img width=\"300\" height=\"200\" src=\"https:\/\/dev.hotelesms.com\/ms-chipichape\/wp-content\/uploads\/sites\/2\/2017\/07\/DSC_9788-300x200.jpg\" class=\"attachment-medium size-medium\" alt=\"\" loading=\"lazy\" srcset=\"https:\/\/dev.hotelesms.com\/ms-chipichape\/wp-content\/uploads\/sites\/2\/2017\/07\/DSC_9788-300x200.jpg 300w, https:\/\/dev.hotelesms.com\/ms-chipichape\/wp-content\/uploads\/sites\/2\/2017\/07\/DSC_9788-768x511.jpg 768w, https:\/\/dev.hotelesms.com\/ms-chipichape\/wp-content\/uploads\/sites\/2\/2017\/07\/DSC_9788.jpg 800w\" sizes=\"(max-width: 300px) 100vw, 300px\" \/><\/div>\t<\/div>\r\n<\/article>\r\n<article class=\"w-grid-item ratio_1x1 post-599 attachment type-attachment status-inherit hentry\" data-id=\"599\">\r\n\t<div class=\"w-grid-item-h\">\r\n\t\t\t\t\t<a class=\"w-grid-item-anchor\" href=\"https:\/\/dev.hotelesms.com\/ms-chipichape\/wp-content\/uploads\/sites\/2\/2017\/07\/DSC_9766.jpg\" ref=\"magnificPopupGrid\" title=\"DSC_9766\"><\/a>\r\n\t\t\t\t<div class=\"w-post-elm post_image usg_post_image_1 stretched\"><img width=\"300\" height=\"200\" src=\"https:\/\/dev.hotelesms.com\/ms-chipichape\/wp-content\/uploads\/sites\/2\/2017\/07\/DSC_9766-300x200.jpg\" class=\"attachment-medium size-medium\" alt=\"\" loading=\"lazy\" srcset=\"https:\/\/dev.hotelesms.com\/ms-chipichape\/wp-content\/uploads\/sites\/2\/2017\/07\/DSC_9766-300x200.jpg 300w, https:\/\/dev.hotelesms.com\/ms-chipichape\/wp-content\/uploads\/sites\/2\/2017\/07\/DSC_9766-768x511.jpg 768w, https:\/\/dev.hotelesms.com\/ms-chipichape\/wp-content\/uploads\/sites\/2\/2017\/07\/DSC_9766.jpg 800w\" sizes=\"(max-width: 300px) 100vw, 300px\" \/><\/div>\t<\/div>\r\n<\/article>\r\n<article class=\"w-grid-item ratio_1x1 post-600 attachment type-attachment status-inherit hentry\" data-id=\"600\">\r\n\t<div class=\"w-grid-item-h\">\r\n\t\t\t\t\t<a class=\"w-grid-item-anchor\" href=\"https:\/\/dev.hotelesms.com\/ms-chipichape\/wp-content\/uploads\/sites\/2\/2017\/07\/DSC_9768.jpg\" ref=\"magnificPopupGrid\" title=\"DSC_9768\"><\/a>\r\n\t\t\t\t<div class=\"w-post-elm post_image usg_post_image_1 stretched\"><img width=\"300\" height=\"200\" src=\"https:\/\/dev.hotelesms.com\/ms-chipichape\/wp-content\/uploads\/sites\/2\/2017\/07\/DSC_9768-300x200.jpg\" class=\"attachment-medium size-medium\" alt=\"\" loading=\"lazy\" srcset=\"https:\/\/dev.hotelesms.com\/ms-chipichape\/wp-content\/uploads\/sites\/2\/2017\/07\/DSC_9768-300x200.jpg 300w, https:\/\/dev.hotelesms.com\/ms-chipichape\/wp-content\/uploads\/sites\/2\/2017\/07\/DSC_9768-768x511.jpg 768w, https:\/\/dev.hotelesms.com\/ms-chipichape\/wp-content\/uploads\/sites\/2\/2017\/07\/DSC_9768.jpg 800w\" sizes=\"(max-width: 300px) 100vw, 300px\" \/><\/div>\t<\/div>\r\n<\/article>\r\n<article class=\"w-grid-item ratio_1x1 post-597 attachment type-attachment status-inherit hentry\" data-id=\"597\">\r\n\t<div class=\"w-grid-item-h\">\r\n\t\t\t\t\t<a class=\"w-grid-item-anchor\" href=\"https:\/\/dev.hotelesms.com\/ms-chipichape\/wp-content\/uploads\/sites\/2\/2017\/07\/DSC_9670.jpg\" ref=\"magnificPopupGrid\" title=\"DSC_9670\"><\/a>\r\n\t\t\t\t<div class=\"w-post-elm post_image usg_post_image_1 stretched\"><img width=\"300\" height=\"200\" src=\"https:\/\/dev.hotelesms.com\/ms-chipichape\/wp-content\/uploads\/sites\/2\/2017\/07\/DSC_9670-300x200.jpg\" class=\"attachment-medium size-medium\" alt=\"\" loading=\"lazy\" srcset=\"https:\/\/dev.hotelesms.com\/ms-chipichape\/wp-content\/uploads\/sites\/2\/2017\/07\/DSC_9670-300x200.jpg 300w, https:\/\/dev.hotelesms.com\/ms-chipichape\/wp-content\/uploads\/sites\/2\/2017\/07\/DSC_9670-768x511.jpg 768w, https:\/\/dev.hotelesms.com\/ms-chipichape\/wp-content\/uploads\/sites\/2\/2017\/07\/DSC_9670.jpg 800w\" sizes=\"(max-width: 300px) 100vw, 300px\" \/><\/div>\t<\/div>\r\n<\/article>\r\n<article class=\"w-grid-item ratio_1x1 post-594 attachment type-attachment status-inherit hentry\" data-id=\"594\">\r\n\t<div class=\"w-grid-item-h\">\r\n\t\t\t\t\t<a class=\"w-grid-item-anchor\" href=\"https:\/\/dev.hotelesms.com\/ms-chipichape\/wp-content\/uploads\/sites\/2\/2017\/07\/DSC_0346.jpg\" ref=\"magnificPopupGrid\" title=\"DSC_0346\"><\/a>\r\n\t\t\t\t<div class=\"w-post-elm post_image usg_post_image_1 stretched\"><img width=\"300\" height=\"200\" src=\"https:\/\/dev.hotelesms.com\/ms-chipichape\/wp-content\/uploads\/sites\/2\/2017\/07\/DSC_0346-300x200.jpg\" class=\"attachment-medium size-medium\" alt=\"\" loading=\"lazy\" srcset=\"https:\/\/dev.hotelesms.com\/ms-chipichape\/wp-content\/uploads\/sites\/2\/2017\/07\/DSC_0346-300x200.jpg 300w, https:\/\/dev.hotelesms.com\/ms-chipichape\/wp-content\/uploads\/sites\/2\/2017\/07\/DSC_0346-768x511.jpg 768w, https:\/\/dev.hotelesms.com\/ms-chipichape\/wp-content\/uploads\/sites\/2\/2017\/07\/DSC_0346.jpg 800w\" sizes=\"(max-width: 300px) 100vw, 300px\" \/><\/div>\t<\/div>\r\n<\/article>\r\n<\/div>\t<div class=\"w-grid-json hidden\" onclick='return {&quot;ajax_url&quot;:&quot;https:\\\/\\\/dev.hotelesms.com\\\/ms-chipichape\\\/wp-admin\\\/admin-ajax.php&quot;,&quot;permalink_url&quot;:&quot;https:\\\/\\\/dev.hotelesms.com\\\/ms-chipichape\\\/dsc_0346\\\/&quot;,&quot;action&quot;:&quot;us_ajax_grid&quot;,&quot;max_num_pages&quot;:1,&quot;infinite_scroll&quot;:0,&quot;template_vars&quot;:{&quot;query_args&quot;:{&quot;post_type&quot;:[&quot;attachment&quot;],&quot;post__in&quot;:[&quot;596&quot;,&quot;601&quot;,&quot;599&quot;,&quot;600&quot;,&quot;597&quot;,&quot;594&quot;],&quot;post_status&quot;:&quot;inherit&quot;,&quot;post_mime_type&quot;:&quot;image&quot;,&quot;orderby&quot;:{&quot;post__in&quot;:&quot;ASC&quot;},&quot;posts_per_page&quot;:999},&quot;post_id&quot;:1179,&quot;us_grid_index&quot;:1,&quot;us_grid_ajax_index&quot;:1,&quot;exclude_items&quot;:&quot;none&quot;,&quot;items_offset&quot;:&quot;1&quot;,&quot;items_layout&quot;:&quot;gallery_default&quot;,&quot;type&quot;:&quot;masonry&quot;,&quot;columns&quot;:&quot;6&quot;,&quot;img_size&quot;:&quot;medium&quot;,&quot;overriding_link&quot;:&quot;popup_post_image&quot;}}'><\/div>\r\n<\/div><\/div><\/div><\/div><\/div><\/div><\/section><section class=\"l-section wpb_row height_medium with_img with_overlay\"><div class=\"l-section-img\" style=\"background-image: url(https:\/\/dev.hotelesms.com\/ms-chipichape\/wp-content\/uploads\/sites\/2\/2017\/09\/romance-sepia.jpg);\" data-img-width=\"608\" data-img-height=\"450\"><\/div><div class=\"l-section-overlay\" style=\"background: rgba(0,0,0,0.54)\"><\/div><div class=\"l-section-h i-cf\"><div class=\"g-cols vc_row type_default valign_top\"><div class=\"vc_col-sm-4 wpb_column vc_column_container\"><div class=\"vc_column-inner\"><div class=\"wpb_wrapper\"><div class=\"w-separator size_medium\"><\/div><div class=\"w-pricing items_1\"><div class=\"w-pricing-item type_default\"><div class=\"w-pricing-item-h\"><div class=\"w-pricing-item-header\"><div class=\"w-pricing-item-title\">Plan Pasad\u00eda<\/div><div class=\"w-pricing-item-price\">$360.000<\/div><\/div><\/div><\/div><\/div><div class=\"w-separator size_medium\"><\/div><\/div><\/div><\/div><div class=\"vc_col-sm-8 wpb_column vc_column_container\" style=\"color:#ffffff;\"><div class=\"vc_column-inner color_custom\"><div class=\"wpb_wrapper\"><div class=\"w-tabs style_default switch_click accordion title_atleft icon_chevron iconpos_right \"><div class=\"w-tabs-list items_2\"><div class=\"w-tabs-list-h\"><div class=\"w-tabs-item active defined-active with_icon\"><div class=\"w-tabs-item-h\"><i class=\"fas fa-heart\"><\/i><span class=\"w-tabs-item-title\">Incluye<\/span><\/div><\/div><div class=\"w-tabs-item with_icon\"><div class=\"w-tabs-item-h\"><i class=\"fas fa-exclamation-triangle\"><\/i><span class=\"w-tabs-item-title\">Condiciones<\/span><\/div><\/div><\/div><\/div><div class=\"w-tabs-sections\"><div class=\"w-tabs-sections-h\"><div class=\"w-tabs-section with_icon active\" id=\"1508457467491-05385077-9ed8\"><a href=\"#1508457467491-05385077-9ed8\" class=\"w-tabs-section-header\"><div class=\"w-tabs-section-header-h\"><i class=\"fas fa-heart\"><\/i><div class=\"w-tabs-section-title\">Incluye<\/div><div class=\"w-tabs-section-control\"><\/div><\/div><\/a><div class=\"w-tabs-section-content\"><div class=\"w-tabs-section-content-h i-cf\"><div class=\"g-cols wpb_row  type_default valign_top vc_inner \"><div class=\"vc_col-sm-8 wpb_column vc_column_container\"><div class=\"vc_column-inner\"><div class=\"wpb_wrapper\">\r\n\t<div class=\"wpb_text_column \">\r\n\t\t<div class=\"wpb_wrapper\">\r\n\t\t\t<ul>\n<li><span style=\"color: #ffffff;\">Habitaci\u00f3n<\/span><\/li>\n<li><span style=\"color: #ffffff;\">Desayuno y\/o Almuerzo<\/span><\/li>\n<li><span style=\"color: #ffffff;\">SPA: Masaje relajante, exfoliaci\u00f3n manos y pies, aromaterapia, masaje capilar<\/span><\/li>\n<li><span style=\"color: #ffffff;\">Horario de 10:00 a.m. a 5:00 p.m<\/span><\/li>\n<li><span style=\"color: #ffffff;\">Valido para 2 personas En Fines de semana y\/o festivos<\/span><\/li>\n<li><span style=\"color: #ffffff;\">Sujeto a disponibilidad<\/span><\/li>\n<li><span style=\"color: #ffffff;\">Aplican condiciones y restricciones<\/span><\/li>\n<\/ul>\n\r\n\t\t<\/div>\r\n\t<\/div>\r\n<\/div><\/div><\/div><div class=\"vc_col-sm-4 wpb_column vc_column_container\"><div class=\"vc_column-inner\"><div class=\"wpb_wrapper\"><div class=\"w-separator size_medium\"><\/div><\/div><\/div><\/div><\/div><\/div><\/div><\/div><div class=\"w-tabs-section with_icon\" id=\"1508457467645-a13124ab-2e71\"><a href=\"#1508457467645-a13124ab-2e71\" class=\"w-tabs-section-header\"><div class=\"w-tabs-section-header-h\"><i class=\"fas fa-exclamation-triangle\"><\/i><div class=\"w-tabs-section-title\">Condiciones<\/div><div class=\"w-tabs-section-control\"><\/div><\/div><\/a><div class=\"w-tabs-section-content\"><div class=\"w-tabs-section-content-h i-cf\">\r\n\t<div class=\"wpb_text_column \">\r\n\t\t<div class=\"wpb_wrapper\">\r\n\t\t\t<p><strong>No Incluye:<\/strong><\/p>\n<p>\u2022 Seguro Hotelero<br \/>\n\u2022 Personas adicionales o ni\u00f1os<br \/>\n\u2022 Gastos no especificados en el plan<\/p>\n<p><strong>Condiciones:<\/strong><\/p>\n<p>\u2022 Aplica para fines de semana: viernes, s\u00e1bados, domingos y festivos.<br \/>\n\u2022 El plan debe encontrarse pago en su totalidad 24 horas antes del check-in<br \/>\n\u2022 No se reembolsa dinero<br \/>\n\u2022 El plan debe reservarse con m\u00ednimo 2 d\u00edas de anticipaci\u00f3n<br \/>\n\u2022 Sujeto a disponibilidad del hotel<\/p>\n\r\n\t\t<\/div>\r\n\t<\/div>\r\n<\/div><\/div><\/div><\/div><\/div><\/div><\/div><\/div><\/div><div class=\"vc_col-sm-12 wpb_column vc_column_container\"><div class=\"vc_column-inner\"><div class=\"wpb_wrapper\"><div class=\"w-sharing type_outlined align_center color_default\" style=\"font-size:1.2rem;\"><div class=\"w-sharing-list\" data-sharing-url=\"https:\/\/dev.hotelesms.com\/ms-chipichape\/ms-chipichape\/wp-json\/wp\/v2\/pages\/1179\" data-sharing-image=\"\"><a class=\"w-sharing-item email\" href=\"javascript:void(0)\" title=\"Env\u00edalo por mail\" aria-label=\"Env\u00edalo por mail\"><span class=\"w-sharing-icon\"><\/span><\/a><a class=\"w-sharing-item facebook\" href=\"javascript:void(0)\" title=\"Comparte esto\" aria-label=\"Comparte esto\"><span class=\"w-sharing-icon\"><\/span><\/a><a class=\"w-sharing-item twitter\" href=\"javascript:void(0)\" title=\"Twittear\" aria-label=\"Twittear\"><span class=\"w-sharing-icon\"><\/span><\/a><a class=\"w-sharing-item pinterest\" href=\"javascript:void(0)\" title=\"Pin\u00e9alo\" aria-label=\"Pin\u00e9alo\"><span class=\"w-sharing-icon\"><\/span><\/a><\/div><\/div><\/div><\/div><\/div><\/div><\/div><\/section>\n","protected":false},"excerpt":{"rendered":"","protected":false},"author":5,"featured_media":840,"parent":0,"menu_order":0,"comment_status":"closed","ping_status":"closed","template":"","meta":[],"_links":{"self":[{"href":"https:\/\/dev.hotelesms.com\/ms-chipichape\/wp-json\/wp\/v2\/pages\/1179"}],"collection":[{"href":"https:\/\/dev.hotelesms.com\/ms-chipichape\/wp-json\/wp\/v2\/pages"}],"about":[{"href":"https:\/\/dev.hotelesms.com\/ms-chipichape\/wp-json\/wp\/v2\/types\/page"}],"author":[{"embeddable":true,"href":"https:\/\/dev.hotelesms.com\/ms-chipichape\/wp-json\/wp\/v2\/users\/5"}],"replies":[{"embeddable":true,"href":"https:\/\/dev.hotelesms.com\/ms-chipichape\/wp-json\/wp\/v2\/comments?post=1179"}],"version-history":[{"count":8,"href":"https:\/\/dev.hotelesms.com\/ms-chipichape\/wp-json\/wp\/v2\/pages\/1179\/revisions"}],"predecessor-version":[{"id":1193,"href":"https:\/\/dev.hotelesms.com\/ms-chipichape\/wp-json\/wp\/v2\/pages\/1179\/revisions\/1193"}],"wp:featuredmedia":[{"embeddable":true,"href":"https:\/\/dev.hotelesms.com\/ms-chipichape\/wp-json\/wp\/v2\/media\/840"}],"wp:attachment":[{"href":"https:\/\/dev.hotelesms.com\/ms-chipichape\/wp-json\/wp\/v2\/media?parent=1179"}],"curies":[{"name":"wp","href":"https:\/\/api.w.org\/{rel}","templated":true}]}}