{"id":362,"date":"2017-09-13T19:20:12","date_gmt":"2017-09-13T19:20:12","guid":{"rendered":"https:\/\/dev.hotelesms.com\/ms-2\/?page_id=362"},"modified":"2019-05-24T11:24:48","modified_gmt":"2019-05-24T16:24:48","slug":"servicios","status":"publish","type":"page","link":"https:\/\/dev.hotelesms.com\/ms-chipichape\/servicios\/","title":{"rendered":"Servicios"},"content":{"rendered":"<section class=\"l-section wpb_row height_small color_primary with_img with_overlay\"><div class=\"l-section-img\" style=\"background-image: url(https:\/\/dev.hotelesms.com\/ms-chipichape\/wp-content\/uploads\/sites\/2\/2017\/08\/MS-sepia.jpg);background-position: bottom center;\" data-img-width=\"800\" data-img-height=\"800\"><\/div><div class=\"l-section-overlay\" style=\"background: rgba(0,0,0,0.51)\"><\/div><div class=\"l-section-h i-cf\"><div class=\"g-cols vc_row type_default valign_top\"><div class=\"vc_col-sm-12 wpb_column vc_column_container\"><div class=\"vc_column-inner\"><div class=\"wpb_wrapper\"><div class=\"g-cols wpb_row  type_default valign_top vc_inner \"><div class=\"vc_col-sm-2 wpb_column vc_column_container\"><div class=\"vc_column-inner\"><div class=\"wpb_wrapper\"><div class=\"w-separator size_medium\"><\/div><\/div><\/div><\/div><div class=\"vc_col-sm-8 wpb_column vc_column_container\"><div class=\"vc_column-inner\"><div class=\"wpb_wrapper\">\r\n\t<div class=\"wpb_text_column \">\r\n\t\t<div class=\"wpb_wrapper\">\r\n\t\t\t<h1 style=\"text-align: center\">Servicios<\/h1>\n<p style=\"text-align: center\">Los servicios del Hotel MS Chipichape est\u00e1n comprometidos con la alta satisfacci\u00f3n de sus clientes y hu\u00e9spedes. Profesionales de turismo amables, atentos a los detalles y a la pulcritud del cumplimiento del deber con un plus que les permite ser excepcionales.<\/p>\n\r\n\t\t<\/div>\r\n\t<\/div>\r\n<div class=\"w-separator size_medium\"><\/div><div class=\"w-sharing type_outlined align_center color_default\" style=\"font-size:1.2rem;\"><div class=\"w-sharing-list\" data-sharing-url=\"https:\/\/dev.hotelesms.com\/ms-chipichape\/ms-chipichape\/wp-json\/wp\/v2\/pages\/362\" data-sharing-image=\"\"><a class=\"w-sharing-item email\" href=\"javascript:void(0)\" title=\"Env\u00edalo por mail\" aria-label=\"Env\u00edalo por mail\"><span class=\"w-sharing-icon\"><\/span><\/a><a class=\"w-sharing-item facebook\" href=\"javascript:void(0)\" title=\"Comparte esto\" aria-label=\"Comparte esto\"><span class=\"w-sharing-icon\"><\/span><\/a><a class=\"w-sharing-item twitter\" href=\"javascript:void(0)\" title=\"Twittear\" aria-label=\"Twittear\"><span class=\"w-sharing-icon\"><\/span><\/a><a class=\"w-sharing-item pinterest\" href=\"javascript:void(0)\" title=\"Pin\u00e9alo\" aria-label=\"Pin\u00e9alo\"><span class=\"w-sharing-icon\"><\/span><\/a><\/div><\/div><\/div><\/div><\/div><div class=\"vc_col-sm-2 wpb_column vc_column_container\"><div class=\"vc_column-inner\"><div class=\"wpb_wrapper\"><\/div><\/div><\/div><\/div><div class=\"w-separator size_medium\"><\/div><div class=\"w-separator size_medium\"><\/div><div class=\"g-cols wpb_row  type_default valign_top vc_inner \"><div class=\"vc_col-sm-2 wpb_column vc_column_container\"><div class=\"vc_column-inner\"><div class=\"wpb_wrapper\"><div class=\"w-separator size_medium\"><\/div><\/div><\/div><\/div><div class=\"vc_col-sm-2 wpb_column vc_column_container\"><div class=\"vc_column-inner\"><div class=\"wpb_wrapper\"><div class=\"w-iconbox iconpos_top style_default color_custom align_center no_title\"><div class=\"w-iconbox-icon\" style=\"font-size:70px;color:rgba(255,255,255,0.52);\"><i class=\"fas fa-wifi\"><\/i><\/div><div class=\"w-iconbox-meta\"><div class=\"w-iconbox-text\"><p>Conectividad<\/p>\n<\/div><\/div><\/div><\/div><\/div><\/div><div class=\"vc_col-sm-2 wpb_column vc_column_container\"><div class=\"vc_column-inner\"><div class=\"wpb_wrapper\"><div class=\"w-iconbox iconpos_top style_default color_custom align_center no_title\"><div class=\"w-iconbox-icon\" style=\"font-size:70px;color:rgba(255,255,255,0.52);\"><i class=\"fas fa-thumbs-up\"><\/i><\/div><div class=\"w-iconbox-meta\"><div class=\"w-iconbox-text\"><p>Lavander\u00eda<\/p>\n<\/div><\/div><\/div><\/div><\/div><\/div><div class=\"vc_col-sm-2 wpb_column vc_column_container\"><div class=\"vc_column-inner\"><div class=\"wpb_wrapper\"><div class=\"w-iconbox iconpos_top style_default color_custom align_center no_title\"><div class=\"w-iconbox-icon\" style=\"font-size:70px;color:rgba(255,255,255,0.52);\"><i class=\"fas fa-coffee\"><\/i><\/div><div class=\"w-iconbox-meta\"><div class=\"w-iconbox-text\"><p>Desayuno<\/p>\n<\/div><\/div><\/div><\/div><\/div><\/div><div class=\"vc_col-sm-2 wpb_column vc_column_container\"><div class=\"vc_column-inner\"><div class=\"wpb_wrapper\"><div class=\"w-iconbox iconpos_top style_default color_custom align_center no_title\"><div class=\"w-iconbox-icon\" style=\"font-size:70px;color:rgba(255,255,255,0.52);\"><i class=\"fas fa-phone-volume\"><\/i><\/div><div class=\"w-iconbox-meta\"><div class=\"w-iconbox-text\"><p>Llamadas Locales <\/p>\n<\/div><\/div><\/div><\/div><\/div><\/div><div class=\"vc_col-sm-2 wpb_column vc_column_container\"><div class=\"vc_column-inner\"><div class=\"wpb_wrapper\"><\/div><\/div><\/div><\/div><div class=\"w-separator size_medium\"><\/div><div class=\"w-separator size_medium\"><\/div><div class=\"w-separator size_medium\"><\/div><\/div><\/div><\/div><\/div><\/div><\/section>\n","protected":false},"excerpt":{"rendered":"Servicios Los servicios del Hotel MS Chipichape est\u00e1n comprometidos con la alta satisfacci\u00f3n de sus clientes y hu\u00e9spedes. Profesionales de turismo amables, atentos a los detalles y a la pulcritud del cumplimiento del deber con un plus que les permite ser excepcionales. Conectividad Lavander\u00eda Desayuno Llamadas Locales","protected":false},"author":1,"featured_media":0,"parent":0,"menu_order":0,"comment_status":"closed","ping_status":"closed","template":"","meta":[],"_links":{"self":[{"href":"https:\/\/dev.hotelesms.com\/ms-chipichape\/wp-json\/wp\/v2\/pages\/362"}],"collection":[{"href":"https:\/\/dev.hotelesms.com\/ms-chipichape\/wp-json\/wp\/v2\/pages"}],"about":[{"href":"https:\/\/dev.hotelesms.com\/ms-chipichape\/wp-json\/wp\/v2\/types\/page"}],"author":[{"embeddable":true,"href":"https:\/\/dev.hotelesms.com\/ms-chipichape\/wp-json\/wp\/v2\/users\/1"}],"replies":[{"embeddable":true,"href":"https:\/\/dev.hotelesms.com\/ms-chipichape\/wp-json\/wp\/v2\/comments?post=362"}],"version-history":[{"count":21,"href":"https:\/\/dev.hotelesms.com\/ms-chipichape\/wp-json\/wp\/v2\/pages\/362\/revisions"}],"predecessor-version":[{"id":1005,"href":"https:\/\/dev.hotelesms.com\/ms-chipichape\/wp-json\/wp\/v2\/pages\/362\/revisions\/1005"}],"wp:attachment":[{"href":"https:\/\/dev.hotelesms.com\/ms-chipichape\/wp-json\/wp\/v2\/media?parent=362"}],"curies":[{"name":"wp","href":"https:\/\/api.w.org\/{rel}","templated":true}]}}