{"id":359,"date":"2017-09-13T19:18:33","date_gmt":"2017-09-13T19:18:33","guid":{"rendered":"https:\/\/dev.hotelesms.com\/ms-2\/?page_id=359"},"modified":"2019-05-24T16:25:37","modified_gmt":"2019-05-24T16:25:37","slug":"restaurante-101","status":"publish","type":"page","link":"https:\/\/dev.hotelesms.com\/ms-ciudad-jardin\/restaurante-101\/","title":{"rendered":"Restaurante 101"},"content":{"rendered":"<section class=\"l-section wpb_row height_auto width_full\"><div class=\"l-section-h i-cf\"><div class=\"g-cols vc_row type_default valign_top\"><div class=\"vc_col-sm-12 wpb_column vc_column_container\"><div class=\"vc_column-inner\"><div class=\"wpb_wrapper\">[rev_slider_vc alias=&#8221;restaurante-101&#8243;]<\/div><\/div><\/div><\/div><\/div><\/section><section class=\"l-section wpb_row height_medium color_alternate\"><div class=\"l-section-h i-cf\"><div class=\"g-cols vc_row type_default valign_top\"><div class=\"vc_col-sm-6 wpb_column vc_column_container\"><div class=\"vc_column-inner\"><div class=\"wpb_wrapper\">\r\n\t<div class=\"wpb_text_column \">\r\n\t\t<div class=\"wpb_wrapper\">\r\n\t\t\t<h2 style=\"text-align: left\">Exquisitos\u00a0sabores del\u00a0Mediterr\u00e1neo<\/h2>\n<p style=\"font-size: 18px;text-align: left\">Sabores de mar y tierra, sabores viajeros. Una apuesta gourmet que entrega lo mejor del Mediterr\u00e1neo, otorgando identidad a nuestro <strong>Restaurante Bar y Tapas<\/strong>\u00a0<strong>Ciento Uno<\/strong>, ubicado en el primer piso de Hoteles MS Ciudad Jard\u00edn. Su amplia \u00e1rea decorada con sobriedad y elegancia alberga una capacidad para 70 personas.<\/p>\n\r\n\t\t<\/div>\r\n\t<\/div>\r\n<div class=\"w-sharing type_outlined align_left color_default\" style=\"font-size:1.2rem;\"><div class=\"w-sharing-list\" data-sharing-url=\"https:\/\/dev.hotelesms.com\/ms-ciudad-jardin\/ms-ciudad-jardin\/wp-json\/wp\/v2\/pages\/359\" data-sharing-image=\"\"><a class=\"w-sharing-item email\" href=\"javascript:void(0)\" title=\"Env\u00edalo por mail\" aria-label=\"Env\u00edalo por mail\"><span class=\"w-sharing-icon\"><\/span><\/a><a class=\"w-sharing-item facebook\" href=\"javascript:void(0)\" title=\"Comparte esto\" aria-label=\"Comparte esto\"><span class=\"w-sharing-icon\"><\/span><\/a><a class=\"w-sharing-item twitter\" href=\"javascript:void(0)\" title=\"Twittear\" aria-label=\"Twittear\"><span class=\"w-sharing-icon\"><\/span><\/a><a class=\"w-sharing-item pinterest\" href=\"javascript:void(0)\" title=\"Pin\u00e9alo\" aria-label=\"Pin\u00e9alo\"><span class=\"w-sharing-icon\"><\/span><\/a><\/div><\/div><\/div><\/div><\/div><div class=\"vc_col-sm-6 wpb_column vc_column_container\"><div class=\"vc_column-inner\"><div class=\"wpb_wrapper\"><div class=\"g-cols wpb_row  type_default valign_top vc_inner \"><div class=\"vc_col-sm-6 wpb_column vc_column_container\"><div class=\"vc_column-inner\"><div class=\"wpb_wrapper\"><div class=\"w-iconbox iconpos_top style_default color_custom align_center\"><div class=\"w-iconbox-icon\" style=\"font-size:26;color:#00b2b2;\"><i class=\"fas fa-glass-martini\"><\/i><\/div><div class=\"w-iconbox-meta\"><h4 class=\"w-iconbox-title\">Cava de vinos<\/h4><div class=\"w-iconbox-text\"><p>Ideal para combinar con los diferentes platos a la carta. \u00a1Cosechas para no perderse!<\/p>\n<\/div><\/div><\/div><\/div><\/div><\/div><div class=\"vc_col-sm-6 wpb_column vc_column_container\"><div class=\"vc_column-inner\"><div class=\"wpb_wrapper\"><div class=\"w-iconbox iconpos_top style_default color_custom align_center\"><div class=\"w-iconbox-icon\" style=\"font-size:26;color:#00b2b2;\"><i class=\"fas fa-utensils\"><\/i><\/div><div class=\"w-iconbox-meta\"><h4 class=\"w-iconbox-title\">Tapas<\/h4><div class=\"w-iconbox-text\"><p>Comida espa\u00f1ola para compartir entre amigos con toda la gastronom\u00eda ib\u00e9rica.<\/p>\n<\/div><\/div><\/div><\/div><\/div><\/div><\/div><div class=\"g-cols wpb_row  type_default valign_top vc_inner \"><div class=\"vc_col-sm-6 wpb_column vc_column_container\"><div class=\"vc_column-inner\"><div class=\"wpb_wrapper\"><div class=\"w-separator size_small\"><\/div><div class=\"w-iconbox iconpos_top style_default color_custom align_center\"><div class=\"w-iconbox-icon\" style=\"font-size:26;color:#00b2b2;\"><i class=\"fas fa-users\"><\/i><\/div><div class=\"w-iconbox-meta\"><h4 class=\"w-iconbox-title\">Grupos Corporativos<\/h4><div class=\"w-iconbox-text\"><p>Cenas y experiencias para grupos empresariales con la mejor carta disponible.<\/p>\n<\/div><\/div><\/div><\/div><\/div><\/div><div class=\"vc_col-sm-6 wpb_column vc_column_container\"><div class=\"vc_column-inner\"><div class=\"wpb_wrapper\"><div class=\"w-separator size_small\"><\/div><div class=\"w-iconbox iconpos_top style_default color_custom align_center\"><div class=\"w-iconbox-icon\" style=\"font-size:26;color:#00b2b2;\"><i class=\"fas fa-heart\"><\/i><\/div><div class=\"w-iconbox-meta\"><h4 class=\"w-iconbox-title\">Planes<\/h4><div class=\"w-iconbox-text\"><p>Desde una cena rom\u00e1ntica hasta un Plan de Cumplea\u00f1os, tenemos todo para sorprenderte.<\/p>\n<\/div><\/div><\/div><\/div><\/div><\/div><\/div><\/div><\/div><\/div><\/div><\/div><\/section><section class=\"l-section wpb_row height_small with_img\"><div class=\"l-section-img\" style=\"background-image: url(https:\/\/dev.hotelesms.com\/ms-ciudad-jardin\/wp-content\/uploads\/sites\/3\/2017\/07\/Fotolia_95337251_Subscription_Monthly_M.jpg);\" data-img-width=\"1691\" data-img-height=\"1123\"><\/div><div class=\"l-section-h i-cf\"><div class=\"g-cols vc_row type_default valign_top\"><div class=\"vc_col-sm-6 wpb_column vc_column_container\"><div class=\"vc_column-inner\"><div class=\"wpb_wrapper\"><div class=\"w-separator size_small with_line width_30 thick_1 style_solid color_border align_center with_content\"><div class=\"w-separator-h\"><i class=\"fas fa-utensils\"><\/i><\/div><\/div>\r\n\t<div class=\"wpb_text_column \">\r\n\t\t<div class=\"wpb_wrapper\">\r\n\t\t\t<h4 style=\"text-align: center\"><strong>Nuestros servicios y Carta<\/strong>\u00a0en <span class=\"highlight highlight_primary\">Ciento Uno<\/span> crean\u00a0<span class=\"highlight highlight_primary\">momentos especiales<\/span><\/h4>\n\r\n\t\t<\/div>\r\n\t<\/div>\r\n<div class=\"w-separator size_small\"><\/div><div class=\"w-btn-wrapper width_auto align_center\"><a class=\"w-btn us-btn-style_4\" href=\"https:\/\/hotelesms.com\/ms-ciudad-jardin\/solicitud-de-reserva-de-restaurante\/\"><span class=\"w-btn-label\">\u00a1Cont\u00e1ctanos!<\/span><\/a><\/div><\/div><\/div><\/div><div class=\"vc_col-sm-6 wpb_column vc_column_container\"><div class=\"vc_column-inner\"><div class=\"wpb_wrapper\"><div class=\"w-separator size_medium\"><\/div><div class=\"w-separator size_medium\"><\/div><\/div><\/div><\/div><\/div><\/div><\/section><section class=\"l-section wpb_row height_auto width_full\"><div class=\"l-section-h i-cf\"><div class=\"g-cols vc_row type_default valign_top\"><div class=\"vc_col-sm-12 wpb_column vc_column_container\"><div class=\"vc_column-inner\"><div class=\"wpb_wrapper\"><div class=\"w-grid type_grid layout_gallery_default cols_10 no_gap\" id=\"us_grid_1\"><style id=\"us_grid_1_css\">@media (max-width:767px){#us_grid_1 .w-grid-item{width:25%}}@media (max-width:479px){#us_grid_1 .w-grid-item{width:33.333333333333%}}<\/style><style>#us_grid_1 .w-grid-item-h{}#us_grid_1 .usg_post_image_1{}#us_grid_1 .usg_post_image_1{transition-duration:0.3s;transform:scale(1) translate(0,0)}#us_grid_1 .w-grid-item-h:hover .usg_post_image_1{transform:scale(1) translate(0,0);opacity:0.5}<\/style><div class=\"w-grid-list\"><article class=\"w-grid-item ratio_1x1 post-429 attachment type-attachment status-inherit hentry\" data-id=\"429\">\r\n\t<div class=\"w-grid-item-h\">\r\n\t\t\t\t\t<a class=\"w-grid-item-anchor\" href=\"https:\/\/dev.hotelesms.com\/ms-ciudad-jardin\/wp-content\/uploads\/sites\/3\/2017\/07\/DSC_7639.jpg\" ref=\"magnificPopupGrid\" title=\"DSC_7639\"><\/a>\r\n\t\t\t\t<div class=\"w-post-elm post_image usg_post_image_1 stretched\"><img width=\"150\" height=\"150\" src=\"https:\/\/dev.hotelesms.com\/ms-ciudad-jardin\/wp-content\/uploads\/sites\/3\/2017\/07\/DSC_7639-150x150.jpg\" class=\"attachment-thumbnail size-thumbnail\" alt=\"\" loading=\"lazy\" srcset=\"https:\/\/dev.hotelesms.com\/ms-ciudad-jardin\/wp-content\/uploads\/sites\/3\/2017\/07\/DSC_7639-150x150.jpg 150w, https:\/\/dev.hotelesms.com\/ms-ciudad-jardin\/wp-content\/uploads\/sites\/3\/2017\/07\/DSC_7639-350x350.jpg 350w\" sizes=\"(max-width: 150px) 100vw, 150px\" \/><\/div>\t<\/div>\r\n<\/article>\r\n<article class=\"w-grid-item ratio_1x1 post-428 attachment type-attachment status-inherit hentry\" data-id=\"428\">\r\n\t<div class=\"w-grid-item-h\">\r\n\t\t\t\t\t<a class=\"w-grid-item-anchor\" href=\"https:\/\/dev.hotelesms.com\/ms-ciudad-jardin\/wp-content\/uploads\/sites\/3\/2017\/07\/DSC_7614.jpg\" ref=\"magnificPopupGrid\" title=\"DSC_7614\"><\/a>\r\n\t\t\t\t<div class=\"w-post-elm post_image usg_post_image_1 stretched\"><img width=\"150\" height=\"150\" src=\"https:\/\/dev.hotelesms.com\/ms-ciudad-jardin\/wp-content\/uploads\/sites\/3\/2017\/07\/DSC_7614-150x150.jpg\" class=\"attachment-thumbnail size-thumbnail\" alt=\"\" loading=\"lazy\" srcset=\"https:\/\/dev.hotelesms.com\/ms-ciudad-jardin\/wp-content\/uploads\/sites\/3\/2017\/07\/DSC_7614-150x150.jpg 150w, https:\/\/dev.hotelesms.com\/ms-ciudad-jardin\/wp-content\/uploads\/sites\/3\/2017\/07\/DSC_7614-350x350.jpg 350w\" sizes=\"(max-width: 150px) 100vw, 150px\" \/><\/div>\t<\/div>\r\n<\/article>\r\n<article class=\"w-grid-item ratio_1x1 post-431 attachment type-attachment status-inherit hentry\" data-id=\"431\">\r\n\t<div class=\"w-grid-item-h\">\r\n\t\t\t\t\t<a class=\"w-grid-item-anchor\" href=\"https:\/\/dev.hotelesms.com\/ms-ciudad-jardin\/wp-content\/uploads\/sites\/3\/2017\/07\/DSC_7669.jpg\" ref=\"magnificPopupGrid\" title=\"DSC_7669\"><\/a>\r\n\t\t\t\t<div class=\"w-post-elm post_image usg_post_image_1 stretched\"><img width=\"150\" height=\"150\" src=\"https:\/\/dev.hotelesms.com\/ms-ciudad-jardin\/wp-content\/uploads\/sites\/3\/2017\/07\/DSC_7669-150x150.jpg\" class=\"attachment-thumbnail size-thumbnail\" alt=\"\" loading=\"lazy\" srcset=\"https:\/\/dev.hotelesms.com\/ms-ciudad-jardin\/wp-content\/uploads\/sites\/3\/2017\/07\/DSC_7669-150x150.jpg 150w, https:\/\/dev.hotelesms.com\/ms-ciudad-jardin\/wp-content\/uploads\/sites\/3\/2017\/07\/DSC_7669-350x350.jpg 350w\" sizes=\"(max-width: 150px) 100vw, 150px\" \/><\/div>\t<\/div>\r\n<\/article>\r\n<article class=\"w-grid-item ratio_1x1 post-430 attachment type-attachment status-inherit hentry\" data-id=\"430\">\r\n\t<div class=\"w-grid-item-h\">\r\n\t\t\t\t\t<a class=\"w-grid-item-anchor\" href=\"https:\/\/dev.hotelesms.com\/ms-ciudad-jardin\/wp-content\/uploads\/sites\/3\/2017\/07\/DSC_7648.jpg\" ref=\"magnificPopupGrid\" title=\"DSC_7648\"><\/a>\r\n\t\t\t\t<div class=\"w-post-elm post_image usg_post_image_1 stretched\"><img width=\"150\" height=\"150\" src=\"https:\/\/dev.hotelesms.com\/ms-ciudad-jardin\/wp-content\/uploads\/sites\/3\/2017\/07\/DSC_7648-150x150.jpg\" class=\"attachment-thumbnail size-thumbnail\" alt=\"\" loading=\"lazy\" srcset=\"https:\/\/dev.hotelesms.com\/ms-ciudad-jardin\/wp-content\/uploads\/sites\/3\/2017\/07\/DSC_7648-150x150.jpg 150w, https:\/\/dev.hotelesms.com\/ms-ciudad-jardin\/wp-content\/uploads\/sites\/3\/2017\/07\/DSC_7648-350x350.jpg 350w\" sizes=\"(max-width: 150px) 100vw, 150px\" \/><\/div>\t<\/div>\r\n<\/article>\r\n<article class=\"w-grid-item ratio_1x1 post-423 attachment type-attachment status-inherit hentry\" data-id=\"423\">\r\n\t<div class=\"w-grid-item-h\">\r\n\t\t\t\t\t<a class=\"w-grid-item-anchor\" href=\"https:\/\/dev.hotelesms.com\/ms-ciudad-jardin\/wp-content\/uploads\/sites\/3\/2017\/07\/DSC_7551.jpg\" ref=\"magnificPopupGrid\" title=\"DSC_7551\"><\/a>\r\n\t\t\t\t<div class=\"w-post-elm post_image usg_post_image_1 stretched\"><img width=\"150\" height=\"150\" src=\"https:\/\/dev.hotelesms.com\/ms-ciudad-jardin\/wp-content\/uploads\/sites\/3\/2017\/07\/DSC_7551-150x150.jpg\" class=\"attachment-thumbnail size-thumbnail\" alt=\"\" loading=\"lazy\" srcset=\"https:\/\/dev.hotelesms.com\/ms-ciudad-jardin\/wp-content\/uploads\/sites\/3\/2017\/07\/DSC_7551-150x150.jpg 150w, https:\/\/dev.hotelesms.com\/ms-ciudad-jardin\/wp-content\/uploads\/sites\/3\/2017\/07\/DSC_7551-350x350.jpg 350w\" sizes=\"(max-width: 150px) 100vw, 150px\" \/><\/div>\t<\/div>\r\n<\/article>\r\n<article class=\"w-grid-item ratio_1x1 post-422 attachment type-attachment status-inherit hentry\" data-id=\"422\">\r\n\t<div class=\"w-grid-item-h\">\r\n\t\t\t\t\t<a class=\"w-grid-item-anchor\" href=\"https:\/\/dev.hotelesms.com\/ms-ciudad-jardin\/wp-content\/uploads\/sites\/3\/2017\/07\/DSC_7534.jpg\" ref=\"magnificPopupGrid\" title=\"DSC_7534\"><\/a>\r\n\t\t\t\t<div class=\"w-post-elm post_image usg_post_image_1 stretched\"><img width=\"150\" height=\"150\" src=\"https:\/\/dev.hotelesms.com\/ms-ciudad-jardin\/wp-content\/uploads\/sites\/3\/2017\/07\/DSC_7534-150x150.jpg\" class=\"attachment-thumbnail size-thumbnail\" alt=\"\" loading=\"lazy\" srcset=\"https:\/\/dev.hotelesms.com\/ms-ciudad-jardin\/wp-content\/uploads\/sites\/3\/2017\/07\/DSC_7534-150x150.jpg 150w, https:\/\/dev.hotelesms.com\/ms-ciudad-jardin\/wp-content\/uploads\/sites\/3\/2017\/07\/DSC_7534-350x350.jpg 350w\" sizes=\"(max-width: 150px) 100vw, 150px\" \/><\/div>\t<\/div>\r\n<\/article>\r\n<article class=\"w-grid-item ratio_1x1 post-421 attachment type-attachment status-inherit hentry\" data-id=\"421\">\r\n\t<div class=\"w-grid-item-h\">\r\n\t\t\t\t\t<a class=\"w-grid-item-anchor\" href=\"https:\/\/dev.hotelesms.com\/ms-ciudad-jardin\/wp-content\/uploads\/sites\/3\/2017\/07\/DSC_7524.jpg\" ref=\"magnificPopupGrid\" title=\"DSC_7524\"><\/a>\r\n\t\t\t\t<div class=\"w-post-elm post_image usg_post_image_1 stretched\"><img width=\"150\" height=\"150\" src=\"https:\/\/dev.hotelesms.com\/ms-ciudad-jardin\/wp-content\/uploads\/sites\/3\/2017\/07\/DSC_7524-150x150.jpg\" class=\"attachment-thumbnail size-thumbnail\" alt=\"\" loading=\"lazy\" srcset=\"https:\/\/dev.hotelesms.com\/ms-ciudad-jardin\/wp-content\/uploads\/sites\/3\/2017\/07\/DSC_7524-150x150.jpg 150w, https:\/\/dev.hotelesms.com\/ms-ciudad-jardin\/wp-content\/uploads\/sites\/3\/2017\/07\/DSC_7524-350x350.jpg 350w\" sizes=\"(max-width: 150px) 100vw, 150px\" \/><\/div>\t<\/div>\r\n<\/article>\r\n<article class=\"w-grid-item ratio_1x1 post-425 attachment type-attachment status-inherit hentry\" data-id=\"425\">\r\n\t<div class=\"w-grid-item-h\">\r\n\t\t\t\t\t<a class=\"w-grid-item-anchor\" href=\"https:\/\/dev.hotelesms.com\/ms-ciudad-jardin\/wp-content\/uploads\/sites\/3\/2017\/07\/DSC_7566.jpg\" ref=\"magnificPopupGrid\" title=\"DSC_7566\"><\/a>\r\n\t\t\t\t<div class=\"w-post-elm post_image usg_post_image_1 stretched\"><img width=\"150\" height=\"150\" src=\"https:\/\/dev.hotelesms.com\/ms-ciudad-jardin\/wp-content\/uploads\/sites\/3\/2017\/07\/DSC_7566-150x150.jpg\" class=\"attachment-thumbnail size-thumbnail\" alt=\"\" loading=\"lazy\" srcset=\"https:\/\/dev.hotelesms.com\/ms-ciudad-jardin\/wp-content\/uploads\/sites\/3\/2017\/07\/DSC_7566-150x150.jpg 150w, https:\/\/dev.hotelesms.com\/ms-ciudad-jardin\/wp-content\/uploads\/sites\/3\/2017\/07\/DSC_7566-350x350.jpg 350w\" sizes=\"(max-width: 150px) 100vw, 150px\" \/><\/div>\t<\/div>\r\n<\/article>\r\n<article class=\"w-grid-item ratio_1x1 post-424 attachment type-attachment status-inherit hentry\" data-id=\"424\">\r\n\t<div class=\"w-grid-item-h\">\r\n\t\t\t\t\t<a class=\"w-grid-item-anchor\" href=\"https:\/\/dev.hotelesms.com\/ms-ciudad-jardin\/wp-content\/uploads\/sites\/3\/2017\/07\/DSC_7557.jpg\" ref=\"magnificPopupGrid\" title=\"DSC_7557\"><\/a>\r\n\t\t\t\t<div class=\"w-post-elm post_image usg_post_image_1 stretched\"><img width=\"150\" height=\"150\" src=\"https:\/\/dev.hotelesms.com\/ms-ciudad-jardin\/wp-content\/uploads\/sites\/3\/2017\/07\/DSC_7557-150x150.jpg\" class=\"attachment-thumbnail size-thumbnail\" alt=\"\" loading=\"lazy\" srcset=\"https:\/\/dev.hotelesms.com\/ms-ciudad-jardin\/wp-content\/uploads\/sites\/3\/2017\/07\/DSC_7557-150x150.jpg 150w, https:\/\/dev.hotelesms.com\/ms-ciudad-jardin\/wp-content\/uploads\/sites\/3\/2017\/07\/DSC_7557-350x350.jpg 350w\" sizes=\"(max-width: 150px) 100vw, 150px\" \/><\/div>\t<\/div>\r\n<\/article>\r\n<article class=\"w-grid-item ratio_1x1 post-418 attachment type-attachment status-inherit hentry\" data-id=\"418\">\r\n\t<div class=\"w-grid-item-h\">\r\n\t\t\t\t\t<a class=\"w-grid-item-anchor\" href=\"https:\/\/dev.hotelesms.com\/ms-ciudad-jardin\/wp-content\/uploads\/sites\/3\/2017\/07\/DSC_6005.jpg\" ref=\"magnificPopupGrid\" title=\"DSC_6005\"><\/a>\r\n\t\t\t\t<div class=\"w-post-elm post_image usg_post_image_1 stretched\"><img width=\"150\" height=\"150\" src=\"https:\/\/dev.hotelesms.com\/ms-ciudad-jardin\/wp-content\/uploads\/sites\/3\/2017\/07\/DSC_6005-150x150.jpg\" class=\"attachment-thumbnail size-thumbnail\" alt=\"\" loading=\"lazy\" srcset=\"https:\/\/dev.hotelesms.com\/ms-ciudad-jardin\/wp-content\/uploads\/sites\/3\/2017\/07\/DSC_6005-150x150.jpg 150w, https:\/\/dev.hotelesms.com\/ms-ciudad-jardin\/wp-content\/uploads\/sites\/3\/2017\/07\/DSC_6005-350x350.jpg 350w\" sizes=\"(max-width: 150px) 100vw, 150px\" \/><\/div>\t<\/div>\r\n<\/article>\r\n<\/div>\t<div class=\"w-grid-json hidden\" onclick='return {&quot;ajax_url&quot;:&quot;https:\\\/\\\/dev.hotelesms.com\\\/ms-ciudad-jardin\\\/wp-admin\\\/admin-ajax.php&quot;,&quot;permalink_url&quot;:&quot;https:\\\/\\\/dev.hotelesms.com\\\/ms-ciudad-jardin\\\/dsc_6005\\\/&quot;,&quot;action&quot;:&quot;us_ajax_grid&quot;,&quot;max_num_pages&quot;:1,&quot;infinite_scroll&quot;:0,&quot;template_vars&quot;:{&quot;query_args&quot;:{&quot;post_type&quot;:[&quot;attachment&quot;],&quot;post__in&quot;:[&quot;429&quot;,&quot;428&quot;,&quot;431&quot;,&quot;430&quot;,&quot;423&quot;,&quot;422&quot;,&quot;421&quot;,&quot;425&quot;,&quot;424&quot;,&quot;418&quot;],&quot;post_status&quot;:&quot;inherit&quot;,&quot;post_mime_type&quot;:&quot;image&quot;,&quot;orderby&quot;:{&quot;post__in&quot;:&quot;ASC&quot;},&quot;posts_per_page&quot;:999},&quot;post_id&quot;:359,&quot;us_grid_index&quot;:1,&quot;us_grid_ajax_index&quot;:1,&quot;exclude_items&quot;:&quot;none&quot;,&quot;items_offset&quot;:&quot;1&quot;,&quot;items_layout&quot;:&quot;gallery_default&quot;,&quot;type&quot;:&quot;grid&quot;,&quot;columns&quot;:&quot;10&quot;,&quot;img_size&quot;:&quot;thumbnail&quot;,&quot;overriding_link&quot;:&quot;popup_post_image&quot;}}'><\/div>\r\n<\/div><\/div><\/div><\/div><\/div><\/div><\/section><section class=\"l-section wpb_row height_medium with_video\"><div class=\"l-section-video\"><video muted loop autoplay preload=\"auto\"><source type=\"video\/mp4\" src=\"0\" \/><\/video><\/div><div class=\"l-section-h i-cf\"><div class=\"g-cols vc_row type_default valign_top\"><div class=\"vc_col-sm-10 wpb_column vc_column_container\"><div class=\"vc_column-inner\"><div class=\"wpb_wrapper\">[vc_raw_html]JTNDaWZyYW1lJTIwd2lkdGglM0QlMjcxMDAlMjUlMjclMjBoZWlnaHQlM0QlMjc0ODAlMjclMjBzcmMlM0QlMjdodHRwcyUzQSUyRiUyRnJvdW5kLm1lJTJGYXBpJTJGcGFub3JhbWElMkYxMzk3MSUyRmVtYmVkJTJGJTI3JTIwZnJhbWVib3JkZXIlM0QlMjcwJTI3JTIwd2Via2l0YWxsb3dmdWxsc2NyZWVuJTIwbW96YWxsb3dmdWxsc2NyZWVuJTIwYWxsb3dmdWxsc2NyZWVuJTNFJTNDJTJGaWZyYW1lJTNF[\/vc_raw_html]<\/div><\/div><\/div><div class=\"vc_col-sm-2 wpb_column vc_column_container\"><div class=\"vc_column-inner\"><div class=\"wpb_wrapper\"><div class=\"w-separator size_medium\"><\/div><div class=\"w-separator size_medium\"><\/div><div class=\"w-iconbox iconpos_top style_default color_custom align_center no_title\"><div class=\"w-iconbox-icon\" style=\"font-size:26;color:#00b2b2;\"><i class=\"fas fa-street-view\"><\/i><\/div><div class=\"w-iconbox-meta\"><div class=\"w-iconbox-text\"><\/div><\/div><\/div><div class=\"w-separator size_medium\"><\/div>\r\n\t<div class=\"wpb_text_column \">\r\n\t\t<div class=\"wpb_wrapper\">\r\n\t\t\t<h4 style=\"text-align: center\">Recorre en 360\u00ba\u00a0<strong>Ciento Uno<\/strong> Restaurante en Ciudad Jard\u00edn Cali<\/h4>\n\r\n\t\t<\/div>\r\n\t<\/div>\r\n<\/div><\/div><\/div><\/div><\/div><\/section><section class=\"l-section wpb_row height_medium color_primary with_img with_overlay\"><div class=\"l-section-img\" style=\"background-image: url(https:\/\/dev.hotelesms.com\/ms-ciudad-jardin\/wp-content\/uploads\/sites\/3\/2017\/08\/restaurante-trama.jpg);\" data-img-width=\"1240\" data-img-height=\"400\"><\/div><div class=\"l-section-overlay\" style=\"background: rgba(0,0,0,0.42)\"><\/div><div class=\"l-section-h i-cf\"><div class=\"g-cols vc_row type_default valign_top\"><div class=\"vc_col-sm-12 wpb_column vc_column_container\"><div class=\"vc_column-inner\"><div class=\"wpb_wrapper\"><div class=\"g-cols wpb_row  type_default valign_top vc_inner \"><div class=\"vc_col-sm-3 wpb_column vc_column_container\"><div class=\"vc_column-inner\"><div class=\"wpb_wrapper\">\r\n\t<div class=\"wpb_text_column \">\r\n\t\t<div class=\"wpb_wrapper\">\r\n\t\t\t<h4>Si eres hu\u00e9sped de\u00a0<strong>Hoteles MS Ciudad Jard\u00edn<\/strong> ten en cuenta<\/h4>\n\r\n\t\t<\/div>\r\n\t<\/div>\r\n<\/div><\/div><\/div><div class=\"vc_col-sm-6 wpb_column vc_column_container\"><div class=\"vc_column-inner\"><div class=\"wpb_wrapper\">\r\n\t<div class=\"wpb_text_column \">\r\n\t\t<div class=\"wpb_wrapper\">\r\n\t\t\t<blockquote><p>\nEl desayuno incluido para nuestros hu\u00e9spedes siempre es un factor que sorprende por su especial gusto, calidad y variedad. Tipo americano, siempre tendr\u00e1 a disposici\u00f3n tres tipos de fruta, tres tipos de jugo, varias calidades de pan, huevos del d\u00eda, charcuter\u00eda, cereal y panader\u00eda especial de la regi\u00f3n.\n<\/p><\/blockquote>\n\r\n\t\t<\/div>\r\n\t<\/div>\r\n<\/div><\/div><\/div><div class=\"vc_col-sm-3 wpb_column vc_column_container\" style=\"color:#000000;\"><div class=\"vc_column-inner color_custom\"><div class=\"wpb_wrapper\"><div class=\"aio-icon-component    style_1\"><div id=\"Info-box-wrap-6776\" class=\"aio-icon-box default-icon\" style=\"\"  ><div class=\"aio-icon-default\"><div class=\"ult-just-icon-wrapper  \"><div class=\"align-icon\" style=\"text-align:center;\">\n<div class=\"aio-icon none \" data-animation=\"pulse\" data-animation-delay=\"03\" style=\"color:#b71e28;font-size:36px;display:inline-block;\">\n\t<i class=\"Defaults-clock-o\"><\/i>\n<\/div><\/div><\/div><\/div><div class=\"aio-icon-header\" ><h3 class=\"aio-icon-title ult-responsive\"  data-ultimate-target='#Info-box-wrap-6776 .aio-icon-title'  data-responsive-json-new='{\"font-size\":\"\",\"line-height\":\"\"}'  style=\"color:#ffffff;\">Desayunos<\/h3><\/div> <!-- header --><div class=\"aio-icon-description ult-responsive\"  data-ultimate-target='#Info-box-wrap-6776 .aio-icon-description'  data-responsive-json-new='{\"font-size\":\"\",\"line-height\":\"\"}'  style=\"color:#ffffff;\">\n<p style=\"text-align: left\"><strong>De lunes a viernes<\/strong><br \/>\n6:00 a.m a 9:00 a.m<br \/>\n<strong>Fines de semana<\/strong><br \/>\n6:00 a.m a 10:00 a.m<\/p>\n<\/div> <!-- description --><\/div> <!-- aio-icon-box --><\/div> <!-- aio-icon-component --><\/div><\/div><\/div><\/div><\/div><\/div><\/div><\/div><\/div><\/section><section class=\"l-section wpb_row height_small color_custom\" style=\"background: #d1d1d1;\"><div class=\"l-section-h i-cf\"><div class=\"g-cols vc_row type_default valign_top\"><div class=\"vc_col-sm-2 wpb_column vc_column_container\"><div class=\"vc_column-inner\"><div class=\"wpb_wrapper\"><div class=\"w-separator size_medium\"><\/div><\/div><\/div><\/div><div class=\"vc_col-sm-8 wpb_column vc_column_container\"><div class=\"vc_column-inner\"><div class=\"wpb_wrapper\"><div class=\"w-actionbox color_custom controls_bottom\" style=\"background:#d1d1d1;color:#777777;\"><div class=\"w-actionbox-text\"><h5>\u00bfQuieres vivir una experiencia en CIENTO UNO Restaurante en Ciudad Jard\u00edn?<\/h5><\/div><div class=\"w-actionbox-controls\"><a class=\"w-btn us-btn-style_4 icon_atleft\" href=\"https:\/\/hotelesms.com\/ms-ciudad-jardin\/solicitud-de-reserva-de-restaurante\/\"><i class=\"fas fa-utensils\"><\/i><span class=\"w-btn-label\">\u00a1SOLICITA UNA RESERVA!<\/span><\/a><\/div><\/div><div class=\"w-separator size_medium\"><\/div><div class=\"w-sharing type_outlined align_center color_default\" style=\"font-size:1.2rem;\"><div class=\"w-sharing-list\" data-sharing-url=\"https:\/\/dev.hotelesms.com\/ms-ciudad-jardin\/ms-ciudad-jardin\/wp-json\/wp\/v2\/pages\/359\" data-sharing-image=\"\"><a class=\"w-sharing-item email\" href=\"javascript:void(0)\" title=\"Env\u00edalo por mail\" aria-label=\"Env\u00edalo por mail\"><span class=\"w-sharing-icon\"><\/span><\/a><a class=\"w-sharing-item facebook\" href=\"javascript:void(0)\" title=\"Comparte esto\" aria-label=\"Comparte esto\"><span class=\"w-sharing-icon\"><\/span><\/a><a class=\"w-sharing-item twitter\" href=\"javascript:void(0)\" title=\"Twittear\" aria-label=\"Twittear\"><span class=\"w-sharing-icon\"><\/span><\/a><a class=\"w-sharing-item pinterest\" href=\"javascript:void(0)\" title=\"Pin\u00e9alo\" aria-label=\"Pin\u00e9alo\"><span class=\"w-sharing-icon\"><\/span><\/a><\/div><\/div><\/div><\/div><\/div><div class=\"vc_col-sm-2 wpb_column vc_column_container\"><div class=\"vc_column-inner\"><div class=\"wpb_wrapper\"><\/div><\/div><\/div><\/div><\/div><\/section>\n","protected":false},"excerpt":{"rendered":"","protected":false},"author":1,"featured_media":0,"parent":0,"menu_order":0,"comment_status":"closed","ping_status":"closed","template":"","meta":[],"_links":{"self":[{"href":"https:\/\/dev.hotelesms.com\/ms-ciudad-jardin\/wp-json\/wp\/v2\/pages\/359"}],"collection":[{"href":"https:\/\/dev.hotelesms.com\/ms-ciudad-jardin\/wp-json\/wp\/v2\/pages"}],"about":[{"href":"https:\/\/dev.hotelesms.com\/ms-ciudad-jardin\/wp-json\/wp\/v2\/types\/page"}],"author":[{"embeddable":true,"href":"https:\/\/dev.hotelesms.com\/ms-ciudad-jardin\/wp-json\/wp\/v2\/users\/1"}],"replies":[{"embeddable":true,"href":"https:\/\/dev.hotelesms.com\/ms-ciudad-jardin\/wp-json\/wp\/v2\/comments?post=359"}],"version-history":[{"count":45,"href":"https:\/\/dev.hotelesms.com\/ms-ciudad-jardin\/wp-json\/wp\/v2\/pages\/359\/revisions"}],"predecessor-version":[{"id":1111,"href":"https:\/\/dev.hotelesms.com\/ms-ciudad-jardin\/wp-json\/wp\/v2\/pages\/359\/revisions\/1111"}],"wp:attachment":[{"href":"https:\/\/dev.hotelesms.com\/ms-ciudad-jardin\/wp-json\/wp\/v2\/media?parent=359"}],"curies":[{"name":"wp","href":"https:\/\/api.w.org\/{rel}","templated":true}]}}